{"id":1924,"date":"2022-09-28T13:19:54","date_gmt":"2022-09-28T11:19:54","guid":{"rendered":"https:\/\/www.esidioma.com\/?page_id=1924"},"modified":"2023-08-10T16:20:50","modified_gmt":"2023-08-10T14:20:50","slug":"ueber-uns","status":"publish","type":"page","link":"https:\/\/www.esidioma.com\/de\/ueber-uns","title":{"rendered":"\u00dcber uns"},"content":{"rendered":"<div class=\"container-fluid home-global\">\r\n\t<div class=\"row\">\r\n\t<div class=\"col-xs-12\">\r\n         <h1 style=\"font-size: 6rem;\r\n    color: #d54e52;\r\n    text-align: center;\r\n    font-weight: 900;\">\u00dcber uns &#8211; Sobre nosotros<\/h1>\r\n         <p>Lernst du gerade Spanisch? \u00a1Perfecto! Dann haben wir das richtige Material f\u00fcr dich.<br> Mit unseren B\u00fcchern, Kursen und \u00dcbungen sprichst du sp\u00fcrbar flie\u00dfender.<\/p>\r\n\t<\/div>\r\n\t<\/div>\r\n\r\n   <div class=\"row\">\r\n      <div class=\"col-md-6 col-sm-12\">\r\n\r\n         <h3>Von Asturien in die Welt<\/h3>\r\n         <p>Spanisch zu lernen ist ein tolles Abenteuer. Wir wissen, wie wichtig Begeisterung beim Lernen ist. Auf der Grundlage unserer Unterrichtserfahrung haben wir begonnen, unsere eigene Lernmethode zu entwickeln, um Autodidakten und Lehrenden das optimale Werkzeug in die Hand geben.<\/p>\r\n\t\t <p>F\u00fcnf Jahre sp\u00e4ter (mucho tiempo!) war es endlich soweit: Im Jahr 2022 gr\u00fcndeten wir im nordspanischen Asturien den Verlag Esidioma. Wir verhelfen Sprachsch\u00fclern aller Niveaus zu hervorragenden Spanischkenntnissen.<\/p>\r\n      <\/div>\r\n      <div class=\"col-md-6 col-sm-12 home-imagen-producto\"><img decoding=\"async\" src=\"\/wp-content\/uploads\/about-us-01.jpg\" class=\"img-responsive transformar-en-foto\" alt=\"Unsere Spanisch-Lernmethode \"><\/div>\r\n\r\n   <\/div>\r\n\r\n   <div class=\"row home-fullwidth-con-fondo-container dar-color-01\">\r\n      <div class=\"col-md-6 col-sm-12 home-fullwidth-con-fondo\">\r\n         <div class=\"row\">\r\n            <div class=\"col-md-6\">\r\n               <h3>Esidioma: B\u00fccher mit &#8220;magia&#8221;<\/h3>\r\n               <p style=\"margin-bottom:3em\">Wir geben unsere eigenen Lehrb\u00fccher und Kurzgeschichten mit Audios heraus. Damit lernst du spanische Wendungen f\u00fcr das <span class=\"pequeno-destaque\">t\u00e4gliche Leben<\/span>. Bei uns erfasst du Vokabeln und Grammatik m\u00fchelos aus Texten und Dialogen. Dank der interaktiven Online-\u00dcbungen festigst du das Gelernte effektiv &#8211; und es macht Spa\u00df.<\/p>\r\n            <\/div>\r\n            <div class=\"col-md-6\"><img decoding=\"async\" src=\"\/wp-content\/uploads\/about-us-02.jpg\" class=\"img-responsive transformar-en-foto\" alt=\"Dein Spanisch- Repertoire w\u00e4chst \"><\/div>\r\n         <\/div>\r\n      <\/div>\r\n   <\/div>\r\n<div class=\"row\">\r\n      <div class=\"col-md-6 col-sm-12\">\r\n         <h3>&#8220;\u00a1Fant\u00e1stico!&#8221;<\/h3>\r\n         <p>Wir erarbeiten best\u00e4ndig neue, innovative Materialien, die dich immer aufs Neue begeistern.<\/p>\r\n         <ul>\r\n            <li>Erz\u00e4hlungen in einfachem Spanisch mit Audio<\/li>\r\n            <li>\u00dcbungsb\u00fccher<\/li>\r\n\t\t\t    <li>neue interaktive \u00dcbungen<\/li>\r\n            <li>Lehrb\u00fccher und Kurse<\/li>\r\n\t\t\t<li>&#8230; Und viel mehr!<\/li>\r\n         <\/ul>\r\n      <\/div>\r\n      <div class=\"col-md-6 col-sm-12 home-imagen-producto\"><img decoding=\"async\" src=\"\/wp-content\/uploads\/about-us-03.jpg\" class=\"img-responsive transformar-en-foto\" alt=\"Unsere Spanisch-Lernmethode \"><\/div>\r\n\r\n   <\/div>   \r\n<\/div>","protected":false},"excerpt":{"rendered":"\u00dcber uns &#8211; Sobre nosotros Lernst du gerade Spanisch? \u00a1Perfecto! Dann haben wir das richtige Material f\u00fcr dich. Mit unseren B\u00fcchern, Kursen und \u00dcbungen sprichst du sp\u00fcrbar flie\u00dfender. Von Asturien in die Welt Spanisch zu lernen ist ein tolles Abenteuer. Wir wissen, wie wichtig Begeisterung beim Lernen ist. Auf der Grundlage unserer Unterrichtserfahrung haben wir [&hellip;]","protected":false},"author":1,"featured_media":0,"parent":0,"menu_order":0,"comment_status":"closed","ping_status":"closed","template":"","meta":{"footnotes":""},"class_list":["post-1924","page","type-page","status-publish","hentry"],"yoast_head":"<!-- This site is optimized with the Yoast SEO plugin v27.5 - https:\/\/yoast.com\/product\/yoast-seo-wordpress\/ -->\n<title>\u00dcber uns - Esidioma<\/title>\n<meta name=\"robots\" content=\"index, follow, max-snippet:-1, max-image-preview:large, max-video-preview:-1\" \/>\n<link rel=\"canonical\" href=\"https:\/\/www.esidioma.com\/de\/ueber-uns\" \/>\n<meta property=\"og:locale\" content=\"de_DE\" \/>\n<meta property=\"og:type\" content=\"article\" \/>\n<meta property=\"og:title\" content=\"\u00dcber uns - Esidioma\" \/>\n<meta property=\"og:description\" content=\"\u00dcber uns &#8211; Sobre nosotros Lernst du gerade Spanisch? \u00a1Perfecto! Dann haben wir das richtige Material f\u00fcr dich. Mit unseren B\u00fcchern, Kursen und \u00dcbungen sprichst du sp\u00fcrbar flie\u00dfender. Von Asturien in die Welt Spanisch zu lernen ist ein tolles Abenteuer. Wir wissen, wie wichtig Begeisterung beim Lernen ist. Auf der Grundlage unserer Unterrichtserfahrung haben wir [&hellip;]\" \/>\n<meta property=\"og:url\" content=\"https:\/\/www.esidioma.com\/de\/ueber-uns\" \/>\n<meta property=\"og:site_name\" content=\"Esidioma\" \/>\n<meta property=\"article:modified_time\" content=\"2023-08-10T14:20:50+00:00\" \/>\n<meta name=\"twitter:card\" content=\"summary_large_image\" \/>\n<meta name=\"twitter:label1\" content=\"Gesch\u00e4tzte Lesezeit\" \/>\n\t<meta name=\"twitter:data1\" content=\"2\u00a0Minuten\" \/>\n<script type=\"application\/ld+json\" class=\"yoast-schema-graph\">{\"@context\":\"https:\\\/\\\/schema.org\",\"@graph\":[{\"@type\":\"WebPage\",\"@id\":\"https:\\\/\\\/www.esidioma.com\\\/de\\\/ueber-uns\",\"url\":\"https:\\\/\\\/www.esidioma.com\\\/de\\\/ueber-uns\",\"name\":\"\u00dcber uns - Esidioma\",\"isPartOf\":{\"@id\":\"https:\\\/\\\/www.esidioma.com\\\/de#website\"},\"datePublished\":\"2022-09-28T11:19:54+00:00\",\"dateModified\":\"2023-08-10T14:20:50+00:00\",\"breadcrumb\":{\"@id\":\"https:\\\/\\\/www.esidioma.com\\\/de\\\/ueber-uns#breadcrumb\"},\"inLanguage\":\"de\",\"potentialAction\":[{\"@type\":\"ReadAction\",\"target\":[\"https:\\\/\\\/www.esidioma.com\\\/de\\\/ueber-uns\"]}]},{\"@type\":\"BreadcrumbList\",\"@id\":\"https:\\\/\\\/www.esidioma.com\\\/de\\\/ueber-uns#breadcrumb\",\"itemListElement\":[{\"@type\":\"ListItem\",\"position\":1,\"name\":\"Home\",\"item\":\"https:\\\/\\\/www.esidioma.com\\\/de\"},{\"@type\":\"ListItem\",\"position\":2,\"name\":\"\u00dcber uns\"}]},{\"@type\":\"WebSite\",\"@id\":\"https:\\\/\\\/www.esidioma.com\\\/de#website\",\"url\":\"https:\\\/\\\/www.esidioma.com\\\/de\",\"name\":\"Esidioma\",\"description\":\"Learn Spanish with us\",\"potentialAction\":[{\"@type\":\"SearchAction\",\"target\":{\"@type\":\"EntryPoint\",\"urlTemplate\":\"https:\\\/\\\/www.esidioma.com\\\/de?s={search_term_string}\"},\"query-input\":{\"@type\":\"PropertyValueSpecification\",\"valueRequired\":true,\"valueName\":\"search_term_string\"}}],\"inLanguage\":\"de\"}]}<\/script>\n<!-- \/ Yoast SEO plugin. -->","yoast_head_json":{"title":"\u00dcber uns - Esidioma","robots":{"index":"index","follow":"follow","max-snippet":"max-snippet:-1","max-image-preview":"max-image-preview:large","max-video-preview":"max-video-preview:-1"},"canonical":"https:\/\/www.esidioma.com\/de\/ueber-uns","og_locale":"de_DE","og_type":"article","og_title":"\u00dcber uns - Esidioma","og_description":"\u00dcber uns &#8211; Sobre nosotros Lernst du gerade Spanisch? \u00a1Perfecto! Dann haben wir das richtige Material f\u00fcr dich. Mit unseren B\u00fcchern, Kursen und \u00dcbungen sprichst du sp\u00fcrbar flie\u00dfender. Von Asturien in die Welt Spanisch zu lernen ist ein tolles Abenteuer. Wir wissen, wie wichtig Begeisterung beim Lernen ist. Auf der Grundlage unserer Unterrichtserfahrung haben wir [&hellip;]","og_url":"https:\/\/www.esidioma.com\/de\/ueber-uns","og_site_name":"Esidioma","article_modified_time":"2023-08-10T14:20:50+00:00","twitter_card":"summary_large_image","twitter_misc":{"Gesch\u00e4tzte Lesezeit":"2\u00a0Minuten"},"schema":{"@context":"https:\/\/schema.org","@graph":[{"@type":"WebPage","@id":"https:\/\/www.esidioma.com\/de\/ueber-uns","url":"https:\/\/www.esidioma.com\/de\/ueber-uns","name":"\u00dcber uns - Esidioma","isPartOf":{"@id":"https:\/\/www.esidioma.com\/de#website"},"datePublished":"2022-09-28T11:19:54+00:00","dateModified":"2023-08-10T14:20:50+00:00","breadcrumb":{"@id":"https:\/\/www.esidioma.com\/de\/ueber-uns#breadcrumb"},"inLanguage":"de","potentialAction":[{"@type":"ReadAction","target":["https:\/\/www.esidioma.com\/de\/ueber-uns"]}]},{"@type":"BreadcrumbList","@id":"https:\/\/www.esidioma.com\/de\/ueber-uns#breadcrumb","itemListElement":[{"@type":"ListItem","position":1,"name":"Home","item":"https:\/\/www.esidioma.com\/de"},{"@type":"ListItem","position":2,"name":"\u00dcber uns"}]},{"@type":"WebSite","@id":"https:\/\/www.esidioma.com\/de#website","url":"https:\/\/www.esidioma.com\/de","name":"Esidioma","description":"Learn Spanish with us","potentialAction":[{"@type":"SearchAction","target":{"@type":"EntryPoint","urlTemplate":"https:\/\/www.esidioma.com\/de?s={search_term_string}"},"query-input":{"@type":"PropertyValueSpecification","valueRequired":true,"valueName":"search_term_string"}}],"inLanguage":"de"}]}},"_links":{"self":[{"href":"https:\/\/www.esidioma.com\/de\/wp-json\/wp\/v2\/pages\/1924","targetHints":{"allow":["GET"]}}],"collection":[{"href":"https:\/\/www.esidioma.com\/de\/wp-json\/wp\/v2\/pages"}],"about":[{"href":"https:\/\/www.esidioma.com\/de\/wp-json\/wp\/v2\/types\/page"}],"author":[{"embeddable":true,"href":"https:\/\/www.esidioma.com\/de\/wp-json\/wp\/v2\/users\/1"}],"replies":[{"embeddable":true,"href":"https:\/\/www.esidioma.com\/de\/wp-json\/wp\/v2\/comments?post=1924"}],"version-history":[{"count":3,"href":"https:\/\/www.esidioma.com\/de\/wp-json\/wp\/v2\/pages\/1924\/revisions"}],"predecessor-version":[{"id":11659,"href":"https:\/\/www.esidioma.com\/de\/wp-json\/wp\/v2\/pages\/1924\/revisions\/11659"}],"wp:attachment":[{"href":"https:\/\/www.esidioma.com\/de\/wp-json\/wp\/v2\/media?parent=1924"}],"curies":[{"name":"wp","href":"https:\/\/api.w.org\/{rel}","templated":true}]}}