{"id":10412,"date":"2023-06-20T13:30:48","date_gmt":"2023-06-20T11:30:48","guid":{"rendered":"https:\/\/www.esidioma.com\/?post_type=product&#038;p=10412"},"modified":"2026-04-19T11:29:21","modified_gmt":"2026-04-19T09:29:21","slug":"25-texte-in-einfachem-spanisch-niveau-a1-buch-1-ebook","status":"publish","type":"product","link":"https:\/\/www.esidioma.com\/de\/produkt\/25-texte-in-einfachem-spanisch-niveau-a1-buch-1-ebook","title":{"rendered":"25 Texte in einfachem Spanisch Niveau A1 &#8211; Buch 1 (Ebook)"},"content":{"rendered":"<div class=\"container-fluid\">\r\n   <div class=\"row\">\r\n      <div class=\"col-xs-12\">\r\n         <h2>Lerne das Buch kennen! Hier kannst du einen Auszug aus diesem Buch lesen und h\u00f6ren.<\/h2>\r\n      <\/div>\r\n   <\/div>\r\n   <div class=\"row\">\r\n      <div class=\"col-lg-6 col-md-6 col-sm-6 col-xs-12\">\r\n         <p>Auszug aus diesem Buch h\u00f6ren:<\/p>\r\n         <p>\r\n            <audio style=\"color: #95b9c7;\" controls=\"controls\"><source src=\"\/wp-content\/uploads\/sample_ABOOK_25_A1_01_a.mp3\" type=\"audio\/mpeg\">Ihr Browser unterst\u00fctzt das Audioelement nicht.<\/audio>\r\n            <audio style=\"color: #95b9c7;\" controls=\"controls\"><source src=\"\/wp-content\/uploads\/sample_ABOOK_25_A1_01_b.mp3\" type=\"audio\/mpeg\">Ihr Browser unterst\u00fctzt das Audioelement nicht.<\/audio>\t\t\t\r\n         <\/p>\r\n      <\/div>\r\n      <div class=\"col-lg-6 col-md-6 col-sm-6 col-xs-12\">\r\n         <p class=\"hidden-xs\">Auszug aus diesem Buch lesen. Zum Vergr\u00f6\u00dfern hier klicken:<\/p>\r\n         <p class=\"hidden-lg hidden-md hidden-sm visible-xs-block\">Auszug aus diesem Buch lesen:<\/p>\r\n\r\n         <div class=\"row mi-galeria-producto\"><a href=\"\/wp-content\/uploads\/sample_ABOOK_25_A1_01_ES_DE_ebook_01.jpg\" data-fancybox=\"gallery\" title=\"Auszug\"><img decoding=\"async\" class=\"col-lg-6 col-md-12 col-sm-12 col-xs-12\" id=\"thumb_296\" src=\"\/wp-content\/uploads\/sample_ABOOK_25_A1_01_ES_DE_ebook_01.jpg\" alt=\"Auszug\" title=\"Auszug\" itemprop=\"image\" \/><\/a> <a href=\"\/wp-content\/uploads\/sample_ABOOK_25_A1_01_ES_DE_ebook_02.jpg\" data-fancybox=\"gallery\" title=\"Auszug\"><img decoding=\"async\" class=\"col-lg-6 col-md-12 col-sm-12 col-xs-12\" id=\"thumb_296\" src=\"\/wp-content\/uploads\/sample_ABOOK_25_A1_01_ES_DE_ebook_02.jpg\" alt=\"Auszug\" title=\"Auszug\" itemprop=\"image\" \/><\/a> <a href=\"\/wp-content\/uploads\/sample_ABOOK_25_A1_01_ES_DE_ebook_03.jpg\" data-fancybox=\"gallery\" title=\"Auszug\"><img decoding=\"async\" class=\"col-lg-6 col-md-12 col-sm-12 col-xs-12\" id=\"thumb_296\" src=\"\/wp-content\/uploads\/sample_ABOOK_25_A1_01_ES_DE_ebook_03.jpg\" alt=\"Auszug\" title=\"Auszug\" itemprop=\"image\" \/><\/a> <a href=\"\/wp-content\/uploads\/sample_ABOOK_25_A1_01_ES_DE_ebook_04.jpg\" data-fancybox=\"gallery\" title=\"Auszug\"><img decoding=\"async\" class=\"col-lg-6 col-md-12 col-sm-12 col-xs-12\" id=\"thumb_296\" src=\"\/wp-content\/uploads\/sample_ABOOK_25_A1_01_ES_DE_ebook_04.jpg\" alt=\"Auszug\" title=\"Auszug\" itemprop=\"image\" \/><\/a><\/div>\r\n      <\/div>\r\n\t  <\/div>\r\n   <!-- Campus -->\r\n   <div class=\"row\">\r\n      <div class=\"col-xs-12\">\r\n         <h2>Unbegrenzter Zugang zum Online-Campus:<br \/>\r\n            Online lesen, h\u00f6ren und <span class=\"subrayado-texto-negro-descripcion-producto\">interaktive \u00dcbungen<\/span> machen\r\n         <\/h2>\r\n      <\/div>\r\n   <\/div>\r\n   <div class=\"row\">\r\n      <div class=\"col-md-7 col-sm-12\">\r\n         <p class=\"texto-sobre-imagen-descripcion-producto\">Online-Campus!<\/p>\r\n         <img decoding=\"async\" class=\"img-responsive\" src=\"\/wp-content\/uploads\/spanische-interaktive-uebungen.png\" alt=\"Interactive Spanish exercises\" \/>\r\n      <\/div>\r\n      <div class=\"col-md-5 col-sm-12\">\r\n         <p>Mit dem Kauf unserer spanischen Ebooks <span class=\"subrayado-texto-negro-descripcion-producto\">erh\u00e4lst du Zugang zum Online-Campus<\/span>. Dieser bietet dir Folgendes:<\/p>\r\n         <p><span class=\"pequeno-destaque-descripcion-producto\">Online-Texte + Audio-Player<\/span> <br>Lies auf Wunsch direkt auf unserer Lernplattform, ohne Dateien herunterzuladen. Lerne \u00fcberall \u2013 mit deinem Smartphone!<\/p>\r\n          <p><span class=\"pequeno-destaque-descripcion-producto\">Deine B\u00fccher immer parat<\/span> <br>Du hast f\u00fcr immer Zugriff auf alle deine B\u00fccher.<\/p>\r\n          <p><span class=\"pequeno-destaque-descripcion-producto\">Interaktive \u00dcbungen<\/span> <br>unterhaltsame Spiele zu Wortschatz, Textverstehen und Grammatik, mit denen du dein Spanisch verbesserst.<\/p>\r\n          <p><span class=\"pequeno-destaque-descripcion-producto\">Fortschrittsanzeige<\/span> <br>Anhand der Fortschrittsanzeige am Anfang jedes Buches siehst du, welche Texte du gelesen hast und welcher als n\u00e4chstes dran ist.<\/p>\r\n       <\/div>\r\n    <\/div>\r\n\t\r\n  <!-- Zus\u00e4tzliche Beschreibung -->\r\n    <div class=\"row\">\r\n       <div class=\"col-xs-12\">\r\n          <h2>Spanische Texte + \u00dcbersetzung + Audio + interaktive \u00dcbungen<\/h2>\r\n          <p>Unsere B\u00fccher sind speziell f\u00fcr Spanischlerner konzipiert und an das <strong>jeweilige Niveau<\/strong> angepasst. Alle Vorteile auf einen Blick:<\/p>\r\n          <div class=\"mi-cuadro-importante\">\r\n             <ol>\r\n                <li>Spanisch-deutsche <strong>Paralleltexte<\/strong> &#8211; lerne effektiver<\/li>\r\n                <li>Professionelle <strong>spanische H\u00f6rtexte<\/strong> &#8211; verbessere dein H\u00f6rverstehen<\/li>\r\n                <li>Zugeschnitten auf deine Lernstufe &#8211; die richtige Schwierigkeitsstufe f\u00fcr dich in diesem Moment<\/li>\r\n                <li>Zugang zu <strong>interaktiven \u00dcbungen<\/strong> &#8211; wende das Gelernte sofort an<\/li>\r\n                <li>Geschrieben von Spanischlehrern &#8211;  Spanisch als Fremdsprache ist unser Metier<\/li>\r\n             <\/ol>\r\n          <\/div>\r\n          <p>Dank unserer <strong>Paralleltexte Spanisch-Deutsch<\/strong> lernst du effektiv Spanisch, da du immer einen Blick auf die \u00dcbersetzung werfen kannst. Steigere die Komplexit\u00e4t deiner spanischen Lekt\u00fcre mit unseren <strong>zweisprachigen B\u00fcchern<\/strong>: Von Anf\u00e4nger- \u00fcber Mittelstufen- bis hin zu Fortgeschrittenen-Niveau!<\/p>\r\n       <\/div>\r\n    <\/div>\r\n    <!-- Zus\u00e4tzliche Beschreibung -->\r\n    <div class=\"row\">\r\n       <div class=\"col-xs-12\">\r\n          <h2>Spanisch lernen \u00fcberall<\/h2>\r\n          <p>Dieses zweisprachige Buch Spanisch-Deutsch hast du immer dabei. <strong>Unsere Spanisch-Lerntexte lassen sich auf jedem Ger\u00e4t \u00f6ffnen<\/strong> (PC, Laptop, Mac, iPad, Tablet, Kindle, E-Reader\u2026). Du kann unsere B\u00fccher herunterladen oder online lesen. Mit professionellem Audio zu jedem Text. H\u00f6r und lies gleichzeitig, nacheinander oder h\u00f6r dir nur die Audios an. Ob \u00fcber dein Smartphone, Tablet oder Laptop &#8211; du hast immer Zugriff auf deine B\u00fccher. So ist Spanisch lernen einfach!<\/p>\r\n       <\/div>\r\n    <\/div>\r\n    <!-- Kontakt -->\r\n    <div class=\"row\">\r\n       <div class=\"col-xs-12\">\r\n          <h2>Hast du Fragen? Setz dich mit uns in Verbindung<\/h2>\r\n          <p>Wir sind die einzige Spanischschule, die diese Art der Geschichten als <strong>Paralleltexte mit Online-Campus<\/strong> herausgibt. Lerne Spanisch mit unserer einzigartigen Sammlung biligualer Geschichten Spanisch-Deutsch. Hast du Fragen? <a href=\"https:\/\/www.esidioma.com\/contact-us\">Schreib uns<\/a>.<\/p>\r\n       <\/div>\r\n    <\/div>\r\n<\/div>","protected":false},"excerpt":{"rendered":"<div class=\"container-fluid\">\r\n    <div class=\"row\">\r\n       <div class=\"col-xs-12\"><!-- este div es la descripcion para Google Shopping--><div hidden=\"\">\r\n             <p>Lerne Spanisch mit diesem Buch f\u00fcr Anf\u00e4nger: 25 Texte in einfachem Spanisch mit Audio und deutscher \u00dcbersetznug. Einschlie\u00dflich interaktiver \u00dcbungen auf unserer Lernplattform.<\/p>\r\n          <\/div><!-- fin de la descripci\u00f3n para Google Shooping--><div class=\"etiquetas-productos\">\r\n             <p><span class=\"ep-nivel A1\">Niveau: Anf\u00e4nger<\/span><span class=\"ep-formato\">E-Book + Audio<\/span><span class=\"ep-formato\">Zugang zum Online-Campus<\/span> <span class=\"ep-extras\">66 Seiten<\/span><\/p>\r\n          <\/div>\r\n          <p>Suchst du nach effektiver spanischer <strong>Lekt\u00fcre f\u00fcr Anf\u00e4nger<\/strong>? Begleite Tom und Cleo in dieser unterhaltsamen Geschichte durch <strong>25 leicht lesbare Kapitel<\/strong>. Dank der <strong>H\u00f6rtexte und deutscher \u00dcbersetzung<\/strong> lernst du neue W\u00f6rter und ihre Aussprache und verstehst spanische S\u00e4tze spielend leicht. So macht Spanischlernen Spa\u00df!<\/p>\r\n          <ul>\r\n            <li>Einfach strukturierte spanische S\u00e4tze mit neuem Vokabular<\/li>\r\n            <li>Fragen zu jedem Kapitel<\/li>\r\n            <li>angenehm einfache Lekt\u00fcre f\u00fcr Anf\u00e4nger<\/li>\r\n          <\/ul>\r\n[imagenes_tipo_libro]\r\n       <\/div>\r\n    <\/div>\r\n <\/div>","protected":false},"featured_media":10327,"comment_status":"open","ping_status":"closed","template":"","meta":[],"product_brand":[],"product_cat":[78,98,102,101],"product_tag":[],"class_list":{"0":"post-10412","1":"product","2":"type-product","3":"status-publish","4":"has-post-thumbnail","6":"product_cat-buecher-zum-spanischlernen","7":"product_cat-ebooks","8":"product_cat-geschichten","9":"product_cat-spanische-buecher-mit-audio","11":"first","12":"instock","13":"downloadable","14":"virtual","15":"taxable","16":"purchasable","17":"product-type-simple"},"yoast_head":"<!-- This site is optimized with the Yoast SEO plugin v27.4 - https:\/\/yoast.com\/product\/yoast-seo-wordpress\/ -->\n<title>25 Texte in einfachem Spanisch Niveau A1 - Buch 1 (Ebook) - Esidioma<\/title>\n<meta name=\"description\" content=\"B\u00fccher zum SpanischlernenDein Lernpaket: \u00dcbersetzung + Audio + Online-Campus 1. Kaufe dein Buch 2. Lesen, h\u00f6ren, lernen 3. Mach den Online-Kurs\" \/>\n<meta name=\"robots\" content=\"index, follow, max-snippet:-1, max-image-preview:large, max-video-preview:-1\" \/>\n<link rel=\"canonical\" href=\"https:\/\/www.esidioma.com\/de\/produkt\/25-texte-in-einfachem-spanisch-niveau-a1-buch-1-ebook\" \/>\n<meta property=\"og:locale\" content=\"de_DE\" \/>\n<meta property=\"og:type\" content=\"article\" \/>\n<meta property=\"og:title\" content=\"25 Texte in einfachem Spanisch Niveau A1 - Buch 1 (Ebook) - Esidioma\" \/>\n<meta property=\"og:description\" content=\"B\u00fccher zum SpanischlernenDein Lernpaket: \u00dcbersetzung + Audio + Online-Campus 1. Kaufe dein Buch 2. Lesen, h\u00f6ren, lernen 3. Mach den Online-Kurs\" \/>\n<meta property=\"og:url\" content=\"https:\/\/www.esidioma.com\/de\/produkt\/25-texte-in-einfachem-spanisch-niveau-a1-buch-1-ebook\" \/>\n<meta property=\"og:site_name\" content=\"Esidioma\" \/>\n<meta property=\"article:modified_time\" content=\"2026-04-19T09:29:21+00:00\" \/>\n<meta property=\"og:image\" content=\"https:\/\/www.esidioma.com\/wp-content\/uploads\/ABOOK_25_A1_01_ES_DE_ebook.jpg\" \/>\n\t<meta property=\"og:image:width\" content=\"1194\" \/>\n\t<meta property=\"og:image:height\" content=\"1194\" \/>\n\t<meta property=\"og:image:type\" content=\"image\/jpeg\" \/>\n<meta name=\"twitter:card\" content=\"summary_large_image\" \/>\n<meta name=\"twitter:label1\" content=\"Gesch\u00e4tzte Lesezeit\" \/>\n\t<meta name=\"twitter:data1\" content=\"3\u00a0Minuten\" \/>\n<script type=\"application\/ld+json\" class=\"yoast-schema-graph\">{\"@context\":\"https:\\\/\\\/schema.org\",\"@graph\":[{\"@type\":\"WebPage\",\"@id\":\"https:\\\/\\\/www.esidioma.com\\\/de\\\/produkt\\\/25-texte-in-einfachem-spanisch-niveau-a1-buch-1-ebook\",\"url\":\"https:\\\/\\\/www.esidioma.com\\\/de\\\/produkt\\\/25-texte-in-einfachem-spanisch-niveau-a1-buch-1-ebook\",\"name\":\"25 Texte in einfachem Spanisch Niveau A1 - Buch 1 (Ebook) - Esidioma\",\"isPartOf\":{\"@id\":\"https:\\\/\\\/www.esidioma.com\\\/de#website\"},\"primaryImageOfPage\":{\"@id\":\"https:\\\/\\\/www.esidioma.com\\\/de\\\/produkt\\\/25-texte-in-einfachem-spanisch-niveau-a1-buch-1-ebook#primaryimage\"},\"image\":{\"@id\":\"https:\\\/\\\/www.esidioma.com\\\/de\\\/produkt\\\/25-texte-in-einfachem-spanisch-niveau-a1-buch-1-ebook#primaryimage\"},\"thumbnailUrl\":\"https:\\\/\\\/www.esidioma.com\\\/wp-content\\\/uploads\\\/ABOOK_25_A1_01_ES_DE_ebook.jpg\",\"datePublished\":\"2023-06-20T11:30:48+00:00\",\"dateModified\":\"2026-04-19T09:29:21+00:00\",\"description\":\"B\u00fccher zum SpanischlernenDein Lernpaket: \u00dcbersetzung + Audio + Online-Campus 1. Kaufe dein Buch 2. Lesen, h\u00f6ren, lernen 3. Mach den Online-Kurs\",\"breadcrumb\":{\"@id\":\"https:\\\/\\\/www.esidioma.com\\\/de\\\/produkt\\\/25-texte-in-einfachem-spanisch-niveau-a1-buch-1-ebook#breadcrumb\"},\"inLanguage\":\"de\",\"potentialAction\":[{\"@type\":\"ReadAction\",\"target\":[\"https:\\\/\\\/www.esidioma.com\\\/de\\\/produkt\\\/25-texte-in-einfachem-spanisch-niveau-a1-buch-1-ebook\"]}]},{\"@type\":\"ImageObject\",\"inLanguage\":\"de\",\"@id\":\"https:\\\/\\\/www.esidioma.com\\\/de\\\/produkt\\\/25-texte-in-einfachem-spanisch-niveau-a1-buch-1-ebook#primaryimage\",\"url\":\"https:\\\/\\\/www.esidioma.com\\\/wp-content\\\/uploads\\\/ABOOK_25_A1_01_ES_DE_ebook.jpg\",\"contentUrl\":\"https:\\\/\\\/www.esidioma.com\\\/wp-content\\\/uploads\\\/ABOOK_25_A1_01_ES_DE_ebook.jpg\",\"width\":1194,\"height\":1194,\"caption\":\"Spanische Texte\"},{\"@type\":\"BreadcrumbList\",\"@id\":\"https:\\\/\\\/www.esidioma.com\\\/de\\\/produkt\\\/25-texte-in-einfachem-spanisch-niveau-a1-buch-1-ebook#breadcrumb\",\"itemListElement\":[{\"@type\":\"ListItem\",\"position\":1,\"name\":\"Home\",\"item\":\"https:\\\/\\\/www.esidioma.com\\\/de\"},{\"@type\":\"ListItem\",\"position\":2,\"name\":\"Shop\",\"item\":\"https:\\\/\\\/www.esidioma.com\\\/shop\"},{\"@type\":\"ListItem\",\"position\":3,\"name\":\"25 Texte in einfachem Spanisch Niveau A1 &#8211; Buch 1 (Ebook)\"}]},{\"@type\":\"WebSite\",\"@id\":\"https:\\\/\\\/www.esidioma.com\\\/de#website\",\"url\":\"https:\\\/\\\/www.esidioma.com\\\/de\",\"name\":\"Esidioma\",\"description\":\"Learn Spanish with us\",\"potentialAction\":[{\"@type\":\"SearchAction\",\"target\":{\"@type\":\"EntryPoint\",\"urlTemplate\":\"https:\\\/\\\/www.esidioma.com\\\/de?s={search_term_string}\"},\"query-input\":{\"@type\":\"PropertyValueSpecification\",\"valueRequired\":true,\"valueName\":\"search_term_string\"}}],\"inLanguage\":\"de\"}]}<\/script>\n<!-- \/ Yoast SEO plugin. -->","yoast_head_json":{"title":"25 Texte in einfachem Spanisch Niveau A1 - Buch 1 (Ebook) - Esidioma","description":"B\u00fccher zum SpanischlernenDein Lernpaket: \u00dcbersetzung + Audio + Online-Campus 1. Kaufe dein Buch 2. Lesen, h\u00f6ren, lernen 3. Mach den Online-Kurs","robots":{"index":"index","follow":"follow","max-snippet":"max-snippet:-1","max-image-preview":"max-image-preview:large","max-video-preview":"max-video-preview:-1"},"canonical":"https:\/\/www.esidioma.com\/de\/produkt\/25-texte-in-einfachem-spanisch-niveau-a1-buch-1-ebook","og_locale":"de_DE","og_type":"article","og_title":"25 Texte in einfachem Spanisch Niveau A1 - Buch 1 (Ebook) - Esidioma","og_description":"B\u00fccher zum SpanischlernenDein Lernpaket: \u00dcbersetzung + Audio + Online-Campus 1. Kaufe dein Buch 2. Lesen, h\u00f6ren, lernen 3. Mach den Online-Kurs","og_url":"https:\/\/www.esidioma.com\/de\/produkt\/25-texte-in-einfachem-spanisch-niveau-a1-buch-1-ebook","og_site_name":"Esidioma","article_modified_time":"2026-04-19T09:29:21+00:00","og_image":[{"width":1194,"height":1194,"url":"https:\/\/www.esidioma.com\/wp-content\/uploads\/ABOOK_25_A1_01_ES_DE_ebook.jpg","type":"image\/jpeg"}],"twitter_card":"summary_large_image","twitter_misc":{"Gesch\u00e4tzte Lesezeit":"3\u00a0Minuten"},"schema":{"@context":"https:\/\/schema.org","@graph":[{"@type":"WebPage","@id":"https:\/\/www.esidioma.com\/de\/produkt\/25-texte-in-einfachem-spanisch-niveau-a1-buch-1-ebook","url":"https:\/\/www.esidioma.com\/de\/produkt\/25-texte-in-einfachem-spanisch-niveau-a1-buch-1-ebook","name":"25 Texte in einfachem Spanisch Niveau A1 - Buch 1 (Ebook) - Esidioma","isPartOf":{"@id":"https:\/\/www.esidioma.com\/de#website"},"primaryImageOfPage":{"@id":"https:\/\/www.esidioma.com\/de\/produkt\/25-texte-in-einfachem-spanisch-niveau-a1-buch-1-ebook#primaryimage"},"image":{"@id":"https:\/\/www.esidioma.com\/de\/produkt\/25-texte-in-einfachem-spanisch-niveau-a1-buch-1-ebook#primaryimage"},"thumbnailUrl":"https:\/\/www.esidioma.com\/wp-content\/uploads\/ABOOK_25_A1_01_ES_DE_ebook.jpg","datePublished":"2023-06-20T11:30:48+00:00","dateModified":"2026-04-19T09:29:21+00:00","description":"B\u00fccher zum SpanischlernenDein Lernpaket: \u00dcbersetzung + Audio + Online-Campus 1. Kaufe dein Buch 2. Lesen, h\u00f6ren, lernen 3. Mach den Online-Kurs","breadcrumb":{"@id":"https:\/\/www.esidioma.com\/de\/produkt\/25-texte-in-einfachem-spanisch-niveau-a1-buch-1-ebook#breadcrumb"},"inLanguage":"de","potentialAction":[{"@type":"ReadAction","target":["https:\/\/www.esidioma.com\/de\/produkt\/25-texte-in-einfachem-spanisch-niveau-a1-buch-1-ebook"]}]},{"@type":"ImageObject","inLanguage":"de","@id":"https:\/\/www.esidioma.com\/de\/produkt\/25-texte-in-einfachem-spanisch-niveau-a1-buch-1-ebook#primaryimage","url":"https:\/\/www.esidioma.com\/wp-content\/uploads\/ABOOK_25_A1_01_ES_DE_ebook.jpg","contentUrl":"https:\/\/www.esidioma.com\/wp-content\/uploads\/ABOOK_25_A1_01_ES_DE_ebook.jpg","width":1194,"height":1194,"caption":"Spanische Texte"},{"@type":"BreadcrumbList","@id":"https:\/\/www.esidioma.com\/de\/produkt\/25-texte-in-einfachem-spanisch-niveau-a1-buch-1-ebook#breadcrumb","itemListElement":[{"@type":"ListItem","position":1,"name":"Home","item":"https:\/\/www.esidioma.com\/de"},{"@type":"ListItem","position":2,"name":"Shop","item":"https:\/\/www.esidioma.com\/shop"},{"@type":"ListItem","position":3,"name":"25 Texte in einfachem Spanisch Niveau A1 &#8211; Buch 1 (Ebook)"}]},{"@type":"WebSite","@id":"https:\/\/www.esidioma.com\/de#website","url":"https:\/\/www.esidioma.com\/de","name":"Esidioma","description":"Learn Spanish with us","potentialAction":[{"@type":"SearchAction","target":{"@type":"EntryPoint","urlTemplate":"https:\/\/www.esidioma.com\/de?s={search_term_string}"},"query-input":{"@type":"PropertyValueSpecification","valueRequired":true,"valueName":"search_term_string"}}],"inLanguage":"de"}]}},"_links":{"self":[{"href":"https:\/\/www.esidioma.com\/de\/wp-json\/wp\/v2\/product\/10412","targetHints":{"allow":["GET"]}}],"collection":[{"href":"https:\/\/www.esidioma.com\/de\/wp-json\/wp\/v2\/product"}],"about":[{"href":"https:\/\/www.esidioma.com\/de\/wp-json\/wp\/v2\/types\/product"}],"replies":[{"embeddable":true,"href":"https:\/\/www.esidioma.com\/de\/wp-json\/wp\/v2\/comments?post=10412"}],"wp:featuredmedia":[{"embeddable":true,"href":"https:\/\/www.esidioma.com\/de\/wp-json\/wp\/v2\/media\/10327"}],"wp:attachment":[{"href":"https:\/\/www.esidioma.com\/de\/wp-json\/wp\/v2\/media?parent=10412"}],"wp:term":[{"taxonomy":"product_brand","embeddable":true,"href":"https:\/\/www.esidioma.com\/de\/wp-json\/wp\/v2\/product_brand?post=10412"},{"taxonomy":"product_cat","embeddable":true,"href":"https:\/\/www.esidioma.com\/de\/wp-json\/wp\/v2\/product_cat?post=10412"},{"taxonomy":"product_tag","embeddable":true,"href":"https:\/\/www.esidioma.com\/de\/wp-json\/wp\/v2\/product_tag?post=10412"}],"curies":[{"name":"wp","href":"https:\/\/api.w.org\/{rel}","templated":true}]}}