{"id":14997,"date":"2023-11-20T14:09:33","date_gmt":"2023-11-20T12:09:33","guid":{"rendered":"https:\/\/www.esidioma.com\/?post_type=product&#038;p=14997"},"modified":"2026-03-30T16:15:22","modified_gmt":"2026-03-30T14:15:22","slug":"sistema-esidioma-kursbuch-1-niveau-a1-ebook","status":"publish","type":"product","link":"https:\/\/www.esidioma.com\/de\/produkt\/sistema-esidioma-kursbuch-1-niveau-a1-ebook","title":{"rendered":"Sistema Esidioma \u2013 Kursbuch 1 \u2013 Niveau A1 (Ebook)"},"content":{"rendered":"<div class=\"container-fluid\">\r\n   <div class=\"row\">\r\n      <div class=\"col-xs-12\">\r\n         <p>Lerne oder unterrichte <strong>Spanisch mit unserer exklusiven Methode<\/strong> Sistema Esidioma. Jede Lektion enth\u00e4lt einen Vokabelteil (mit Audio), lebendige Dialoge und Texte (mit Audio), Grammatiktabellen sowie \u00dcbungen (mit L\u00f6sungen). Die einzelnen Abschitte jeder Lektion sind perfekt aufeinander abgestimmt, und jede Lektion baut harmonisch auf der vorangegangen auf. Neue Grammatikkonzepte werden wohldosiert eingef\u00fchrt und sofort angewendet, wodurch die Sch\u00fcler sie leicht \u00fcbernehmen. Lust auf einen kleinen Vorgeschmack? Schauen dir unten einige Ausz\u00fcge aus dem Kursbuch an!<\/p>\r\n      <\/div>\r\n   <\/div>\r\n   <div class=\"row\">\r\n      <div class=\"col-lg-6 col-md-6 col-sm-6 col-xs-12\">\r\n         <h3>H\u00f6r dir Ausz\u00fcge aus diesem Buch an:<\/h3>\r\n         <p>Auszug aus einem Dialog h\u00f6ren<\/p>\r\n         <p>\r\n            <audio style=\"color: #95b9c7;\" controls=\"controls\">\r\n               <source src=\"\/wp-content\/uploads\/sample_LTEX_01_a.mp3\" type=\"audio\/mpeg\">\r\n               Dein Browser unterst\u00fctzt das Audioelement nicht.\r\n            <\/audio>\r\n         <\/p>\r\n         <p>Auszug aus einem Vokabelteil h\u00f6ren<\/p>\r\n         <p>\r\n            <audio style=\"color: #95b9c7;\" controls=\"controls\">\r\n               <source src=\"\/wp-content\/uploads\/sample_LTEX_01_b.mp3\" type=\"audio\/mpeg\">\r\n           Dein Browser unterst\u00fctzt das Audioelement nicht.\r\n            <\/audio>\r\n         <\/p>\r\n         <p>Auszug aus einem Text h\u00f6ren<\/p>\r\n         <p>\r\n            <audio style=\"color: #95b9c7;\" controls=\"controls\">\r\n               <source src=\"\/wp-content\/uploads\/sample_LTEX_01_c.mp3\" type=\"audio\/mpeg\">\r\n            Dein Browser unterst\u00fctzt das Audioelement nicht.\r\n            <\/audio>\r\n         <\/p>\r\n      <\/div>\r\n      <div class=\"col-lg-6 col-md-6 col-sm-6 col-xs-12\">\r\n         <h3 class=\"hidden-xs\">Lies Ausz\u00fcge aus diesem Buch. Zum Vergr\u00f6\u00dfern hier klicken:<\/h3>\r\n         <h3 class=\"hidden-lg hidden-md hidden-sm visible-xs-block\">Lies Ausz\u00fcge aus diesem Buch:<\/h3>\r\n         <div class=\"row mi-galeria-producto\"><a href=\"\/wp-content\/uploads\/sample_LTEX_01_ES_DE_01.jpg\" data-fancybox=\"gallery\" title=\"Esidioma - Auszug\"><img decoding=\"async\" class=\"col-lg-6 col-md-12 col-sm-12 col-xs-12\" id=\"thumb_296\" src=\"\/wp-content\/uploads\/sample_LTEX_01_ES_DE_01.jpg\" alt=\"Esidioma - Auszug\" title=\"Esidioma - Auszug\" itemprop=\"image\" \/><\/a><a href=\"\/wp-content\/uploads\/sample_LTEX_01_ES_DE_02.jpg\" data-fancybox=\"gallery\" title=\"Esidioma - Auszug\"><img decoding=\"async\" class=\"col-lg-6 col-md-12 col-sm-12 col-xs-12\" id=\"thumb_296\" src=\"\/wp-content\/uploads\/sample_LTEX_01_ES_DE_02.jpg\" alt=\"Esidioma - sample\" title=\"Esidioma - Auszug\" itemprop=\"image\" \/><\/a><a href=\"\/wp-content\/uploads\/sample_LTEX_01_ES_DE_03.jpg\" data-fancybox=\"gallery\" title=\"Esidioma - Auszug\"><img decoding=\"async\" class=\"col-lg-6 col-md-12 col-sm-12 col-xs-12\" id=\"thumb_296\" src=\"\/wp-content\/uploads\/sample_LTEX_01_ES_DE_03.jpg\" alt=\"Esidioma - Auszug\" title=\"Esidioma - Auszug\" itemprop=\"image\" \/><\/a><a href=\"\/wp-content\/uploads\/sample_LTEX_01_ES_DE_04.jpg\" data-fancybox=\"gallery\" title=\"Esidioma - Auszug\"><img decoding=\"async\" class=\"col-lg-6 col-md-12 col-sm-12 col-xs-12\" id=\"thumb_296\" src=\"\/wp-content\/uploads\/sample_LTEX_01_ES_DE_04.jpg\" alt=\"Esidioma - sample\" title=\"Esidioma - Auszug\" itemprop=\"image\" \/><\/a><a href=\"\/wp-content\/uploads\/sample_LTEX_01_ES_DE_05.jpg\" data-fancybox=\"gallery\" title=\"Esidioma - Auszug\"><img decoding=\"async\" class=\"col-lg-6 col-md-12 col-sm-12 col-xs-12\" id=\"thumb_296\" src=\"\/wp-content\/uploads\/sample_LTEX_01_ES_DE_05.jpg\" alt=\"Esidioma - Auszug\" title=\"Esidioma - Auszug\" itemprop=\"image\" \/><\/a><a href=\"\/wp-content\/uploads\/sample_LTEX_01_ES_DE_06.jpg\" data-fancybox=\"gallery\" title=\"Esidioma - Auszug\"><img decoding=\"async\" class=\"col-lg-6 col-md-12 col-sm-12 col-xs-12\" id=\"thumb_296\" src=\"\/wp-content\/uploads\/sample_LTEX_01_ES_DE_06.jpg\" alt=\"Esidioma - Auszug\" title=\"Esidioma - Auszug\" itemprop=\"image\" \/><\/a><\/div>\r\n      <\/div>\r\n   <\/div>\r\n   <div class=\"row\">\r\n      <div class=\"col-xs-12\">\r\n         <p><\/p>\r\n         <h2>Sistema Esidioma &#8211; Buch 1 (Niveau A1) &#8211; Inhalt<\/h2>\r\n         <p>Diese Inhalte findest du in diesem Lehrbuch:<\/p>\r\n      <\/div>\r\n   <\/div>\r\n   <div class=\"row\">\r\n<div class=\"col-xs-12 indice-libro-texto-en-descripcion-producto\">\r\n         <h3>Lektion 1: \u00a1Hola!<\/h3>\r\n         <p><strong>Grammatik:<\/strong> Personalpronomen und ihr grammatisches Geschlecht  (ellos\/ellas, nosotros\/nosotras); die Verwendung des Verbs \u00bbllamarse\u00ab<br>\r\n            <strong>Wortschatz:<\/strong> Begr\u00fc\u00dfung und Abschied; Sich vorstellen<\/p>\r\n     \r\n         <h3>Lektion 2: \u00bfDe d\u00f3nde eres?<\/h3>\r\n         <p><strong>Grammatik:<\/strong> Konjugation des Verbs \u00bbser\u00ab (sein); der Plural von Substantiven<br>\r\n            <strong>Wortschatz:<\/strong> Nationalit\u00e4ten und L\u00e4nder<\/p>\r\n     \r\n         <h3>Lektion 3: Mi familia<\/h3>\r\n         <p><strong>Grammatik:<\/strong> Possessivpronomen (\u00bbmi, su\u00ab usw.); Demonstrativpronomen (\u00bbeste, esta\u00ab usw.); das grammatische Geschlecht von Substantiven<br>\r\n            <strong>Wortschatz:<\/strong> Familienmitglieder<\/p>\r\n     \r\n         <h3>Lektion 4: \u00bfD\u00f3nde vives?<\/h3>\r\n         <p><strong>Grammatik:<\/strong>Die Verben \u00bbvivir\u00ab (leben) und \u00bbestar\u00ab (sein); Unterschied  \u00bbser\u00ab &#8211; \u00bbestar\u00ab; Bestimmte und unbestimmte Artikel; die W\u00f6rter \u201epor qu\u00e9\u201c (warum) und \u201eporque\u201c (weil)<br>\r\n            <strong>Wortschatz:<\/strong> Orte und St\u00e4dte<\/p>\r\n     \r\n         <h3>Lektion 5: Me gusta mi trabajo<\/h3>\r\n         <p><strong>Grammatik:<\/strong> Die Verben \u00bbtrabajar\u00ab (arbeiten), \u00bbestudiar\u00ab (studieren, lernen) und \u00bbquerer\u00ab (wollen); die Konstruktion \u00bbme gusta\u00ab (ich mag) und die Reflexivpronomen \u00bbme\/te\/le\/nos\/os\/les\u00ab<br>\r\n            <strong>Wortschatz:<\/strong> Berufe und Arbeit<\/p>\r\n     \r\n         <h3>Lektion 6: \u00bfHablas espa\u00f1ol?<\/h3>\r\n         <p><strong>Grammatik:<\/strong> Die Verben \u00bbhablar\u00ab (sprechen), \u00bbleer\u00ab (lesen), \u00bbescribir\u00ab (schreiben), \u00bbentender\u00ab (verstehen) und \u00bbhacer\u00ab (machen); Verwendung von \u00bbmucho\/mucha\/muchos\/muchas\u00ab (viele); die Pr\u00e4positionen \u00bbcon\u00ab (mit) und \u00bbde\u00ab (von, aus).<br>\r\n            <strong>Wortschatz:<\/strong>  Sprachen; Adverben der H\u00e4ufigkeit<\/p>\r\n     \r\n         <h3>Lektion 7: Vamos a la playa<\/h3>\r\n         <p><strong>Grammatik:<\/strong> Zukunftss\u00e4tze mit \u00bbir\u00ab (gehen); die Verben \u00bbver\u00ab (sehen), \u00bbdescansar\u00ab\r\n(sich ausruhen), \u00bbsaber\u00ab (wissen) und \u00bbtener\u00ab (haben); Verwendung von \u00bbhay\u00ab (es gibt)<br>\r\n            <strong>Wortschatz:<\/strong> Freizeit und Urlaub<\/p>\r\n     \r\n         <h3>Lektion 8: D\u00edas de la semana<\/h3>\r\n         <p><strong>Grammatik:<\/strong>Die Zahlen von 0 bis 20; Uhrzeit; die Verben \u00bbdesayunar\u00ab (fr\u00fchst\u00fccken), \u00bbcomer\u00ab (mittagessen), \u00bbcenar\u00ab (abendessen), \u00bbcomprar\u00ab (einkaufen), \u00bbdecir\u00ab (sagen), \u00bbdormir\u00ab (schlafen) und \u00bbempezar\u00ab (anfangen); die Konstruktion \u00bbtener que\u00ab (m\u00fcssen)<br>\r\n         <strong>Wortschatz:<\/strong> Wochentage und Uhrzeiten; Tagesablauf<\/p>\r\n     \r\n         <h3>Lektion 9: Comida<\/h3>\r\n         <p><strong>Grammatik:<\/strong> Die Verben \u00bbtomar\u00ab (essen\/trinken), \u00bbnecesitar\u00ab (brauchen), \u00bbcocinar\u00ab (kochen), \u00bbbeber\u00ab (trinken), \u00bbpreferir\u00ab (bevorzugen) und \u00bbpoder\u00ab (k\u00f6nnen); die Pronomen \u201clo\/la\/los\/las\u201d<br>\r\n            <strong>Wortschatz:<\/strong> Essen und trinken; Farben<\/p>\r\n     \r\n         <h3>Lektion 10: \u00a1Feliz cumplea\u00f1os!<\/h3>\r\n         <p><strong>Grammatik:<\/strong>  Die Verben \u00bbcelebrar\u00ab (feiern), \u00bbbuscar\u00ab (suchen), \u00bbbailar\u00ab (tanzen), \u00bbcantar\u00ab (singen), \u00bbregalar\u00ab (schenken), \u00bbviajar\u00ab (reisen), \u00bbjugar\u00ab (spielen), \u00bbtocar\u00ab (ein Instrument spielen); die Verlaufsform \u00bbestar + gerundio\u00ab; die Zahlen von 20 bis 100.<br>\r\n            <strong>Wortschatz:<\/strong> Altersangabe und Feiern; Monate<\/p>  \r\n      <\/div>\r\n   <\/div>\r\n   <hr \/>\r\n   <div class=\"row\">\r\n      <div class=\"col-xs-12\">\r\n         <h2>Lerne und unterrichte Spanisch von \u00fcberall<\/h2>\r\n         <p>Unsere E-Books im PDF-Format lassen sich auf vielen verschiedenen Ger\u00e4ten \u00f6ffnen (PC, Laptop, Mac, iPad, Tablet,\u2026) Inklusive professionell gesprochener Aufnahmen im mp3-Format. Du kannst die Texte gleichzeitig lesen und h\u00f6ren oder dir nur die mp3-Dateien auf deinem Telefon oder mp3-Player anh\u00f6ren.\r\n         <\/p>\r\n      <\/div>\r\n   <\/div>\r\n   <!-- Contacto -->\r\n   <div class=\"row\">\r\n      <div class=\"col-xs-12\">\r\n         <h2>Hast du Fragen? Setz dich mit uns in Verbindung!<\/h2>\r\n         <p>Wenn du Fragen hast, schreib uns gern eine <a href=\"https:\/\/www.esidioma.com\/contact-us\">Nachricht<\/a>.<\/p>\r\n      <\/div>\r\n   <\/div>\r\n   \r\n<\/div>","protected":false},"excerpt":{"rendered":"<div class=\"container-fluid\">\r\n   <div class=\"row\">\r\n      <div class=\"col-xs-12\">\r\n         <!-- este div es la descripcion para Google Shopping-->\r\n         <div hidden=\"\">\r\n            Lerne Spanisch mit System! Mit dem Kursbuch <span style=\"color: #d0121a;\">Sistema Esidioma<\/span> gelangst du Schritt f\u00fcr Schritt zu soliden Spanischkenntnissen. Dieses Buch begleitet dich <strong>von Null zu einem Wortschatz von 500 W\u00f6rtern<\/strong> und ist der perfekte Einstieg ins Spanische.\r\n         <\/div>\r\n         <!-- fin de la descripci\u00f3n para Google Shooping-->\r\n         <div class=\"etiquetas-productos\">\r\n            <p><span class=\"ep-nivel A1\">Niveau: Anf\u00e4nger<\/span><span class=\"ep-formato\">E-Book + Audio<\/span><span class=\"ep-campus\"> OHNE Zugang zum Online-Campus<\/span><span class=\"ep-extras\">192 Seiten<\/span><\/p>\r\n         <\/div>\r\n         <hr class=\"hr-etiquetas-productos\" \/>\r\n         <p><span class=\"mi-cuadro-importante\">Das beste Spanisch-Lehrbuch f\u00fcr Selbststudium und Unterricht.<\/span><\/p>\r\n\r\n<p>Lerne Spanisch mit System! Mit dem Kursbuch <span style=\"color: #d0121a;\">Sistema Esidioma<\/span> gelangst du Schritt f\u00fcr Schritt zu soliden Spanischkenntnissen. Dieses Buch begleitet dich <strong>von Null zu einem Wortschatz von 500 W\u00f6rtern<\/strong> und ist der perfekte Einstieg ins Spanische.\r\nNach Abschlu\u00df dieses Buches kannst du auf Alltagsniveau Spanisch sprechen, verstehen, lesen und schreiben. \r\n<\/p>\r\n<p>Dieses Lehrbuch ist in 10 Lektionen mit Abschnitten zu Wortschatz (mit Audio), Dialogen (mit Audio), Text (mit Audio), Grammatik und \u00dcbungen (mit L\u00f6sungen) gegliedert. Das Buch hat <strong>192 Seiten und Audio im mp3-Format<\/strong>.<\/p>\r\n[imagenes_tipo_libro]\r\n      <\/div>\r\n   <\/div>\r\n<\/div>","protected":false},"featured_media":14858,"comment_status":"open","ping_status":"closed","template":"","meta":[],"product_brand":[],"product_cat":[78,98,144,101],"product_tag":[],"class_list":{"0":"post-14997","1":"product","2":"type-product","3":"status-publish","4":"has-post-thumbnail","6":"product_cat-buecher-zum-spanischlernen","7":"product_cat-ebooks","8":"product_cat-lehrbuecher","9":"product_cat-spanische-buecher-mit-audio","11":"first","12":"instock","13":"downloadable","14":"virtual","15":"taxable","16":"purchasable","17":"product-type-simple"},"yoast_head":"<!-- This site is optimized with the Yoast SEO plugin v27.5 - https:\/\/yoast.com\/product\/yoast-seo-wordpress\/ -->\n<title>Sistema Esidioma \u2013 Kursbuch 1 \u2013 Niveau A1 (Ebook) - Esidioma<\/title>\n<meta name=\"description\" content=\"Lerne Schritt f\u00fcr Schritt Spanisch mit dem Kursbuch Sistema Esidioma. Mit Vokabelteil, lebendigen Dialogen und Texten (mit Audio), Grammatik u. \u00dcbungen.\" \/>\n<meta name=\"robots\" content=\"index, follow, max-snippet:-1, max-image-preview:large, max-video-preview:-1\" \/>\n<link rel=\"canonical\" href=\"https:\/\/www.esidioma.com\/de\/produkt\/sistema-esidioma-kursbuch-1-niveau-a1-ebook\" \/>\n<meta property=\"og:locale\" content=\"de_DE\" \/>\n<meta property=\"og:type\" content=\"article\" \/>\n<meta property=\"og:title\" content=\"Sistema Esidioma \u2013 Kursbuch 1 \u2013 Niveau A1 (Ebook) - Esidioma\" \/>\n<meta property=\"og:description\" content=\"Lerne Schritt f\u00fcr Schritt Spanisch mit dem Kursbuch Sistema Esidioma. Mit Vokabelteil, lebendigen Dialogen und Texten (mit Audio), Grammatik u. \u00dcbungen.\" \/>\n<meta property=\"og:url\" content=\"https:\/\/www.esidioma.com\/de\/produkt\/sistema-esidioma-kursbuch-1-niveau-a1-ebook\" \/>\n<meta property=\"og:site_name\" content=\"Esidioma\" \/>\n<meta property=\"article:modified_time\" content=\"2026-03-30T14:15:22+00:00\" \/>\n<meta property=\"og:image\" content=\"https:\/\/www.esidioma.com\/wp-content\/uploads\/LTEX_01_ES_DE_ebook.jpg\" \/>\n\t<meta property=\"og:image:width\" content=\"1194\" \/>\n\t<meta property=\"og:image:height\" content=\"1194\" \/>\n\t<meta property=\"og:image:type\" content=\"image\/jpeg\" \/>\n<meta name=\"twitter:card\" content=\"summary_large_image\" \/>\n<meta name=\"twitter:label1\" content=\"Gesch\u00e4tzte Lesezeit\" \/>\n\t<meta name=\"twitter:data1\" content=\"4\u00a0Minuten\" \/>\n<script type=\"application\/ld+json\" class=\"yoast-schema-graph\">{\"@context\":\"https:\\\/\\\/schema.org\",\"@graph\":[{\"@type\":\"WebPage\",\"@id\":\"https:\\\/\\\/www.esidioma.com\\\/de\\\/produkt\\\/sistema-esidioma-kursbuch-1-niveau-a1-ebook\",\"url\":\"https:\\\/\\\/www.esidioma.com\\\/de\\\/produkt\\\/sistema-esidioma-kursbuch-1-niveau-a1-ebook\",\"name\":\"Sistema Esidioma \u2013 Kursbuch 1 \u2013 Niveau A1 (Ebook) - Esidioma\",\"isPartOf\":{\"@id\":\"https:\\\/\\\/www.esidioma.com\\\/de#website\"},\"primaryImageOfPage\":{\"@id\":\"https:\\\/\\\/www.esidioma.com\\\/de\\\/produkt\\\/sistema-esidioma-kursbuch-1-niveau-a1-ebook#primaryimage\"},\"image\":{\"@id\":\"https:\\\/\\\/www.esidioma.com\\\/de\\\/produkt\\\/sistema-esidioma-kursbuch-1-niveau-a1-ebook#primaryimage\"},\"thumbnailUrl\":\"https:\\\/\\\/www.esidioma.com\\\/wp-content\\\/uploads\\\/LTEX_01_ES_DE_ebook.jpg\",\"datePublished\":\"2023-11-20T12:09:33+00:00\",\"dateModified\":\"2026-03-30T14:15:22+00:00\",\"description\":\"Lerne Schritt f\u00fcr Schritt Spanisch mit dem Kursbuch Sistema Esidioma. Mit Vokabelteil, lebendigen Dialogen und Texten (mit Audio), Grammatik u. \u00dcbungen.\",\"breadcrumb\":{\"@id\":\"https:\\\/\\\/www.esidioma.com\\\/de\\\/produkt\\\/sistema-esidioma-kursbuch-1-niveau-a1-ebook#breadcrumb\"},\"inLanguage\":\"de\",\"potentialAction\":[{\"@type\":\"ReadAction\",\"target\":[\"https:\\\/\\\/www.esidioma.com\\\/de\\\/produkt\\\/sistema-esidioma-kursbuch-1-niveau-a1-ebook\"]}]},{\"@type\":\"ImageObject\",\"inLanguage\":\"de\",\"@id\":\"https:\\\/\\\/www.esidioma.com\\\/de\\\/produkt\\\/sistema-esidioma-kursbuch-1-niveau-a1-ebook#primaryimage\",\"url\":\"https:\\\/\\\/www.esidioma.com\\\/wp-content\\\/uploads\\\/LTEX_01_ES_DE_ebook.jpg\",\"contentUrl\":\"https:\\\/\\\/www.esidioma.com\\\/wp-content\\\/uploads\\\/LTEX_01_ES_DE_ebook.jpg\",\"width\":1194,\"height\":1194,\"caption\":\"Spanisch Lehrbuch\"},{\"@type\":\"BreadcrumbList\",\"@id\":\"https:\\\/\\\/www.esidioma.com\\\/de\\\/produkt\\\/sistema-esidioma-kursbuch-1-niveau-a1-ebook#breadcrumb\",\"itemListElement\":[{\"@type\":\"ListItem\",\"position\":1,\"name\":\"Home\",\"item\":\"https:\\\/\\\/www.esidioma.com\\\/de\"},{\"@type\":\"ListItem\",\"position\":2,\"name\":\"Shop\",\"item\":\"https:\\\/\\\/www.esidioma.com\\\/shop\"},{\"@type\":\"ListItem\",\"position\":3,\"name\":\"Sistema Esidioma \u2013 Kursbuch 1 \u2013 Niveau A1 (Ebook)\"}]},{\"@type\":\"WebSite\",\"@id\":\"https:\\\/\\\/www.esidioma.com\\\/de#website\",\"url\":\"https:\\\/\\\/www.esidioma.com\\\/de\",\"name\":\"Esidioma\",\"description\":\"Learn Spanish with us\",\"potentialAction\":[{\"@type\":\"SearchAction\",\"target\":{\"@type\":\"EntryPoint\",\"urlTemplate\":\"https:\\\/\\\/www.esidioma.com\\\/de?s={search_term_string}\"},\"query-input\":{\"@type\":\"PropertyValueSpecification\",\"valueRequired\":true,\"valueName\":\"search_term_string\"}}],\"inLanguage\":\"de\"}]}<\/script>\n<!-- \/ Yoast SEO plugin. -->","yoast_head_json":{"title":"Sistema Esidioma \u2013 Kursbuch 1 \u2013 Niveau A1 (Ebook) - Esidioma","description":"Lerne Schritt f\u00fcr Schritt Spanisch mit dem Kursbuch Sistema Esidioma. Mit Vokabelteil, lebendigen Dialogen und Texten (mit Audio), Grammatik u. \u00dcbungen.","robots":{"index":"index","follow":"follow","max-snippet":"max-snippet:-1","max-image-preview":"max-image-preview:large","max-video-preview":"max-video-preview:-1"},"canonical":"https:\/\/www.esidioma.com\/de\/produkt\/sistema-esidioma-kursbuch-1-niveau-a1-ebook","og_locale":"de_DE","og_type":"article","og_title":"Sistema Esidioma \u2013 Kursbuch 1 \u2013 Niveau A1 (Ebook) - Esidioma","og_description":"Lerne Schritt f\u00fcr Schritt Spanisch mit dem Kursbuch Sistema Esidioma. Mit Vokabelteil, lebendigen Dialogen und Texten (mit Audio), Grammatik u. \u00dcbungen.","og_url":"https:\/\/www.esidioma.com\/de\/produkt\/sistema-esidioma-kursbuch-1-niveau-a1-ebook","og_site_name":"Esidioma","article_modified_time":"2026-03-30T14:15:22+00:00","og_image":[{"width":1194,"height":1194,"url":"https:\/\/www.esidioma.com\/wp-content\/uploads\/LTEX_01_ES_DE_ebook.jpg","type":"image\/jpeg"}],"twitter_card":"summary_large_image","twitter_misc":{"Gesch\u00e4tzte Lesezeit":"4\u00a0Minuten"},"schema":{"@context":"https:\/\/schema.org","@graph":[{"@type":"WebPage","@id":"https:\/\/www.esidioma.com\/de\/produkt\/sistema-esidioma-kursbuch-1-niveau-a1-ebook","url":"https:\/\/www.esidioma.com\/de\/produkt\/sistema-esidioma-kursbuch-1-niveau-a1-ebook","name":"Sistema Esidioma \u2013 Kursbuch 1 \u2013 Niveau A1 (Ebook) - Esidioma","isPartOf":{"@id":"https:\/\/www.esidioma.com\/de#website"},"primaryImageOfPage":{"@id":"https:\/\/www.esidioma.com\/de\/produkt\/sistema-esidioma-kursbuch-1-niveau-a1-ebook#primaryimage"},"image":{"@id":"https:\/\/www.esidioma.com\/de\/produkt\/sistema-esidioma-kursbuch-1-niveau-a1-ebook#primaryimage"},"thumbnailUrl":"https:\/\/www.esidioma.com\/wp-content\/uploads\/LTEX_01_ES_DE_ebook.jpg","datePublished":"2023-11-20T12:09:33+00:00","dateModified":"2026-03-30T14:15:22+00:00","description":"Lerne Schritt f\u00fcr Schritt Spanisch mit dem Kursbuch Sistema Esidioma. Mit Vokabelteil, lebendigen Dialogen und Texten (mit Audio), Grammatik u. \u00dcbungen.","breadcrumb":{"@id":"https:\/\/www.esidioma.com\/de\/produkt\/sistema-esidioma-kursbuch-1-niveau-a1-ebook#breadcrumb"},"inLanguage":"de","potentialAction":[{"@type":"ReadAction","target":["https:\/\/www.esidioma.com\/de\/produkt\/sistema-esidioma-kursbuch-1-niveau-a1-ebook"]}]},{"@type":"ImageObject","inLanguage":"de","@id":"https:\/\/www.esidioma.com\/de\/produkt\/sistema-esidioma-kursbuch-1-niveau-a1-ebook#primaryimage","url":"https:\/\/www.esidioma.com\/wp-content\/uploads\/LTEX_01_ES_DE_ebook.jpg","contentUrl":"https:\/\/www.esidioma.com\/wp-content\/uploads\/LTEX_01_ES_DE_ebook.jpg","width":1194,"height":1194,"caption":"Spanisch Lehrbuch"},{"@type":"BreadcrumbList","@id":"https:\/\/www.esidioma.com\/de\/produkt\/sistema-esidioma-kursbuch-1-niveau-a1-ebook#breadcrumb","itemListElement":[{"@type":"ListItem","position":1,"name":"Home","item":"https:\/\/www.esidioma.com\/de"},{"@type":"ListItem","position":2,"name":"Shop","item":"https:\/\/www.esidioma.com\/shop"},{"@type":"ListItem","position":3,"name":"Sistema Esidioma \u2013 Kursbuch 1 \u2013 Niveau A1 (Ebook)"}]},{"@type":"WebSite","@id":"https:\/\/www.esidioma.com\/de#website","url":"https:\/\/www.esidioma.com\/de","name":"Esidioma","description":"Learn Spanish with us","potentialAction":[{"@type":"SearchAction","target":{"@type":"EntryPoint","urlTemplate":"https:\/\/www.esidioma.com\/de?s={search_term_string}"},"query-input":{"@type":"PropertyValueSpecification","valueRequired":true,"valueName":"search_term_string"}}],"inLanguage":"de"}]}},"_links":{"self":[{"href":"https:\/\/www.esidioma.com\/de\/wp-json\/wp\/v2\/product\/14997","targetHints":{"allow":["GET"]}}],"collection":[{"href":"https:\/\/www.esidioma.com\/de\/wp-json\/wp\/v2\/product"}],"about":[{"href":"https:\/\/www.esidioma.com\/de\/wp-json\/wp\/v2\/types\/product"}],"replies":[{"embeddable":true,"href":"https:\/\/www.esidioma.com\/de\/wp-json\/wp\/v2\/comments?post=14997"}],"wp:featuredmedia":[{"embeddable":true,"href":"https:\/\/www.esidioma.com\/de\/wp-json\/wp\/v2\/media\/14858"}],"wp:attachment":[{"href":"https:\/\/www.esidioma.com\/de\/wp-json\/wp\/v2\/media?parent=14997"}],"wp:term":[{"taxonomy":"product_brand","embeddable":true,"href":"https:\/\/www.esidioma.com\/de\/wp-json\/wp\/v2\/product_brand?post=14997"},{"taxonomy":"product_cat","embeddable":true,"href":"https:\/\/www.esidioma.com\/de\/wp-json\/wp\/v2\/product_cat?post=14997"},{"taxonomy":"product_tag","embeddable":true,"href":"https:\/\/www.esidioma.com\/de\/wp-json\/wp\/v2\/product_tag?post=14997"}],"curies":[{"name":"wp","href":"https:\/\/api.w.org\/{rel}","templated":true}]}}