{"id":23605,"date":"2024-11-27T17:27:07","date_gmt":"2024-11-27T15:27:07","guid":{"rendered":"https:\/\/www.esidioma.com\/?post_type=product&#038;p=23605"},"modified":"2026-05-06T16:17:54","modified_gmt":"2026-05-06T14:17:54","slug":"spanische-verben-niveau-a1-a2-ebook","status":"publish","type":"product","link":"https:\/\/www.esidioma.com\/de\/produkt\/spanische-verben-niveau-a1-a2-ebook","title":{"rendered":"Spanische Verben (Anf\u00e4nger): Tabellen und \u00dcbungen. Niveau A1-A2 (Ebook)"},"content":{"rendered":"<div class=\"container-fluid\">\r\n   <div class=\"row\">\r\n      <div class=\"col-xs-12\">\r\n         <p>Mit diesem Buch f\u00fcr Anf\u00e4nger lernst du spielend leicht die spanischen Verben! Die vielen <strong>praxisnahen\r\n               Beispiele<\/strong> helfen dir, die Verben direkt in allt\u00e4glichen Situationen anzuwenden. Die Kapitel\r\n            bauen aufeinander auf, sodass du stets <strong>gut mitkommst<\/strong>. Der Fokus liegt auf echter\r\n            Kommunikation: Du erf\u00e4hrst nicht nur, <strong>wie<\/strong> die einzelnen Zeitformen gebildet, sondern auch\r\n            <strong>wann<\/strong> sie verwendet werden. So wirst du garantiert sicher im Sprechen!<\/p>\r\n      <\/div>\r\n   <\/div>\r\n   <div class=\"row\">\r\n      <div class=\"col-lg-6 col-md-6 col-sm-6 col-xs-12\">\r\n         <h3>H\u00f6r dir Ausz\u00fcge aus diesem Buch an:<\/h3>\r\n         <p>\r\n            <audio style=\"color: #95b9c7;\" controls=\"controls\">\r\n               <source src=\"\/wp-content\/uploads\/sample_E_VE_A1A2_a.mp3\" type=\"audio\/mpeg\">\r\n               Dein Browser unterst\u00fctzt das Audioelement nicht.\r\n            <\/audio>\r\n         <\/p>\r\n         <p>\r\n            <audio style=\"color: #95b9c7;\" controls=\"controls\">\r\n               <source src=\"\/wp-content\/uploads\/sample_E_VE_A1A2_b.mp3\" type=\"audio\/mpeg\">\r\n               Dein Browser unterst\u00fctzt das Audioelement nicht.\r\n            <\/audio>\r\n         <\/p>\r\n      <\/div>\r\n      <div class=\"col-lg-6 col-md-6 col-sm-6 col-xs-12\">\r\n         <h3 class=\"hidden-xs\">Lies Ausz\u00fcge aus diesem Buch. Zum Vergr\u00f6\u00dfern hier klicken:<\/h3>\r\n         <h3 class=\"hidden-lg hidden-md hidden-sm visible-xs-block\">Lies Ausz\u00fcge aus diesem Buch:<\/h3>\r\n\r\n\r\n         <div class=\"row mi-galeria-producto\"><a href=\"\/wp-content\/uploads\/sample_E_VE_A1A2_ES_DE_01.jpg\"\r\n               data-fancybox=\"gallery\" title=\"Sistema Esidioma - Auszug\"><img decoding=\"async\"\r\n                  class=\"col-lg-6 col-md-12 col-sm-12 col-xs-12\" id=\"thumb_296\"\r\n                  src=\"\/wp-content\/uploads\/sample_E_VE_A1A2_ES_DE_01.jpg\" alt=\"Sistema Esidioma - Auszug\"\r\n                  title=\"Sistema Esidioma - Auszug\" itemprop=\"image\" \/><\/a><a\r\n               href=\"\/wp-content\/uploads\/sample_E_VE_A1A2_ES_DE_02.jpg\" data-fancybox=\"gallery\"\r\n               title=\"Sistema Esidioma - Auszug\"><img decoding=\"async\" class=\"col-lg-6 col-md-12 col-sm-12 col-xs-12\" id=\"thumb_296\"\r\n                  src=\"\/wp-content\/uploads\/sample_E_VE_A1A2_ES_DE_02.jpg\" alt=\"Sistema Esidioma - sample\"\r\n                  title=\"Sistema Esidioma - Auszug\" itemprop=\"image\" \/><\/a><a\r\n               href=\"\/wp-content\/uploads\/sample_E_VE_A1A2_ES_DE_03.jpg\" data-fancybox=\"gallery\"\r\n               title=\"Sistema Esidioma - Auszug\"><img decoding=\"async\" class=\"col-lg-6 col-md-12 col-sm-12 col-xs-12\" id=\"thumb_296\"\r\n                  src=\"\/wp-content\/uploads\/sample_E_VE_A1A2_ES_DE_03.jpg\" alt=\"Sistema Esidioma - Auszug\"\r\n                  title=\"Sistema Kalinka - Auszug\" itemprop=\"image\" \/><\/a><a\r\n               href=\"\/wp-content\/uploads\/sample_E_VE_A1A2_ES_DE_04.jpg\" data-fancybox=\"gallery\"\r\n               title=\"Sistema Esidioma - Auszug\"><img decoding=\"async\" class=\"col-lg-6 col-md-12 col-sm-12 col-xs-12\" id=\"thumb_296\"\r\n                  src=\"\/wp-content\/uploads\/sample_E_VE_A1A2_ES_DE_04.jpg\" alt=\"Sistema Esidioma - Auszug\"\r\n                  title=\"Sistema Esidioma - Auszug\" itemprop=\"image\" \/><\/a><a\r\n               href=\"\/wp-content\/uploads\/sample_E_VE_A1A2_ES_DE_05.jpg\" data-fancybox=\"gallery\"\r\n               title=\"Sistema Esidioma - Auszug\"><img decoding=\"async\" class=\"col-lg-6 col-md-12 col-sm-12 col-xs-12\" id=\"thumb_296\"\r\n                  src=\"\/wp-content\/uploads\/sample_E_VE_A1A2_ES_DE_05.jpg\" alt=\"Sistema Esidioma - Auszug\"\r\n                  title=\"Sistema Esidioma - Auszug\" itemprop=\"image\" \/><\/a><a\r\n               href=\"\/wp-content\/uploads\/sample_E_VE_A1A2_ES_DE_06.jpg\" data-fancybox=\"gallery\"\r\n               title=\"Sistema Esidioma - Auszug\"><img decoding=\"async\" class=\"col-lg-6 col-md-12 col-sm-12 col-xs-12\" id=\"thumb_296\"\r\n                  src=\"\/wp-content\/uploads\/sample_E_VE_A1A2_ES_DE_06.jpg\" alt=\"Sistema Esidioma - Auszug\"\r\n                  title=\"Sistema Esidioma - Auszug\" itemprop=\"image\" \/><\/a>\r\n            <\/div>\r\n      <\/div>\r\n      <div class=\"row\">\r\n         <div class=\"col-xs-12\">\r\n            <p><\/p>\r\n            <h2>Alle Vorteile auf einen Blick:<\/h2>\r\n            <ul>\r\n               <li>Praktische, <strong>praxisnahe Beispiele<\/strong> f\u00fcr Spanisch im Alltag.<\/li>\r\n               <li>Neue Konzepte bauen auf bereits Gelerntem auf \u2013 <strong>sage Adi\u00f3s<\/strong> zu dem unangenehmen\r\n                  Gef\u00fchl, dem Stoff nicht folgen zu k\u00f6nnen<\/li>\r\n               <li><strong>echte Kommunikation<\/strong> steht im Mittelpunkt \u2013 lerne nicht nur wie, sondern auch wann\r\n                  man verschiedene Zeitformen verwendet<\/li>\r\n            <\/ul>\r\n         <\/div>\r\n      <\/div>\r\n      <div class=\"row\">\r\n         <div class=\"col-xs-12\">\r\n            <p><\/p>\r\n            <h2>Spanische Verben &#8211; Niveau A1-A2<\/h2>\r\n            <p>Inhalt:<\/p>\r\n         <\/div>\r\n      <\/div>\r\n      <div class=\"row\">\r\n         <div class=\"col-xs-12 indice-libro-texto-en-descripcion-producto\">\r\n            <h3>Kapitel 1: Der Infinitiv &#8211; El infinitivo<\/h3>\r\n            <p>Was ist der Infinitiv?<br>\r\n               Die drei Konjugationsmuster spanischer Verben\r\n            <\/p>\r\n\r\n            <h3>Kapitel 2: Das Pr\u00e4sens &#8211; El presente<\/h3>\r\n            <p>Konjugation im Pr\u00e4sens<br>\r\n               Die Konjugation unregelm\u00e4\u00dfiger Verben<\/p>\r\n\r\n            <h3>Kapitel 3: Reflexive Verben &#8211; Los verbos reflexivos<\/h3>\r\n            <p>Verben und Reflexivpronomen<br>\r\n               Die h\u00e4ufigsten reflexiven Verben<\/p>\r\n\r\n            <h3>Kapitel 4: Die Verlaufsform &#8211; El gerundio<\/h3>\r\n            <p>Bildung des &#8220;gerundio&#8221;<br>\r\n               Die Konstruktion &#8220;estar + gerundio&#8221; f\u00fcr gerade stattfindende Handlungen<\/p>\r\n\r\n            <h3>Kapitel 5: Das einfache Pr\u00e4teritum &#8211; El pasado simple<\/h3>\r\n            <p>Konjugation im Pasado simple<br>\r\n               Zeitindikatoren f\u00fcr den Pasado simple<\/p>\r\n\r\n            <h3>Kapitel 6: Der Imperfekt &#8211; El pret\u00e9rito imperfecto<\/h3>\r\n            <p>Konjugation im Pret\u00e9rito imperfecto<br>\r\n               Zeitindikatoren f\u00fcr Pret\u00e9rito imperfecto<\/p>\r\n\r\n            <h3>Kapitel 7: Vergleiche: Pasado simple vs Pret\u00e9rito imperfecto<\/h3>\r\n            <p>Gegen\u00fcberstellung der Situationen, in denen beide Zeitformen verwendet werden<br>\r\n               Zeitindikatoren f\u00fcr beide Zeitformen<\/p>\r\n\r\n            <h3>Kapitel 8: Das Perfekt &#8211; El pret\u00e9rito perfecto compuesto<\/h3>\r\n            <p>Konjugation im Perfekt<br>\r\n               Zeitindikatoren f\u00fcr den Perfekt<\/p>\r\n\r\n            <h3>Kapitel 9: Vergleiche: Pasado simple vs Pret\u00e9rito imperfecto vs Pret\u00e9rito perfecto<\/h3>\r\n            <p>Gegen\u00fcberstellung der Situationen, in denen die drei Zeitformen verwendet werden<br>\r\n               Zeitindikatoren f\u00fcr die drei Zeitformen<\/p>\r\n\r\n            <h3>Kapitel 10: Das Futur &#8211; El futuro<\/h3>\r\n            <p>Beschreibung k\u00fcnftiger Handlungen mit &#8220;ir a + Infinitiv&#8221;<br>\r\n               Futuro simple: Konjugation und Zeitindikatoren<\/p>\r\n\r\n            <h3>Kapitel 11: Der Imperativ &#8211; El imperativo<\/h3>\r\n            <p>Bildung des Imperativs in positiven Aufforderungen<br>\r\n               Die h\u00e4ufigsten Ausnahmen<\/p>\r\n\r\n         <\/div>\r\n      <\/div>\r\n      <hr \/>\r\n      <!-- Descripci\u00f3n adicional -->\r\n      <div class=\"row\">\r\n         <div class=\"col-xs-12\">\r\n            <h2>Lerne und unterrichte Spanisch von \u00fcberall<\/h2>\r\n            <p>Unsere E-Books im PDF-Format lassen sich auf vielen verschiedenen Ger\u00e4ten \u00f6ffnen (PC, Laptop, Mac, iPad,\r\n               Tablet,\u2026) Inklusive professionell gesprochener Aufnahmen im mp3-Format. Du kannst die Verben gleichzeitig\r\n               lesen und h\u00f6ren oder dir nur die mp3-Dateien auf deinem Telefon oder mp3-Player anh\u00f6ren.\r\n            <\/p>\r\n         <\/div>\r\n      <\/div>\r\n      <!-- Contacto -->\r\n      <div class=\"row\">\r\n         <div class=\"col-xs-12\">\r\n            <h2>Hast du Fragen? Setz dich mit uns in Verbindung!<\/h2>\r\n            <p>Wenn du Fragen hast, schreib uns gern eine <a href=\"https:\/\/www.esidioma.com\/contact-us\">Nachricht<\/a>.<\/p>\r\n         <\/div>\r\n      <\/div>\r\n   <\/div>","protected":false},"excerpt":{"rendered":"<div class=\"container-fluid\"> \r\n   <div class=\"row\">\r\n      <div class=\"col-xs-12\">\r\n         <!-- este div es la descripcion para Google Shopping-->\r\n         <div hidden=\"\">\r\n            <p>Spanische Verben. \u00dcbungsbuch f\u00fcr Anf\u00e4nger: Niveau A1-A2. Kannst du die spanischen Verben konjugieren? Wei\u00dft du, wann man welche Zeitform verwendet? Dieses Buch <strong>f\u00fcr Anf\u00e4nger<\/strong> hilft dir:<\/p>\r\n         <\/div>\r\n         <!-- fin de la descripci\u00f3n para Google Shopping-->\r\n         <div class=\"etiquetas-productos\">\r\n            <p><span class=\"ep-nivel A2\">Niveau: Anf\u00e4nger<\/span><span class=\"ep-formato\">Ebook + Audio<\/span><span class=\"ep-campus\">OHNE Zugang zum Online-Campus<\/span><span class=\"ep-extras\">106 Seiten<\/span><\/p>\r\n         <\/div>    \r\n         <p>Fallen dir die <strong>spanischen Verben und Zeitformen<\/strong> schwer? Dieses Buch <strong>f\u00fcr Anf\u00e4nger<\/strong> hilft dir:<\/p>\r\n         <ol>\r\n            <li>Einfache <strong>Erkl\u00e4rungen<\/strong> f\u00fcr jede Zeitform<\/li>\r\n            <li>Tabellen <strong>mit Audio<\/strong>, so pr\u00e4gst du dir Verbformen leicht ein<\/li>\r\n            <li><strong>Beispiels\u00e4tze aus dem Alltag<\/strong> f\u00fcr jede Zeitform<\/li>\r\n            <li>\u00dcbungen mit <strong>\u00fcber 600 Aufgaben<\/strong>.<\/li>\r\n            <li><strong>L\u00f6sungen<\/strong> f\u00fcr alle \u00dcbungen am Ende des Buches<\/li>\r\n         <\/ol>\r\n         <p><span class=\"mi-cuadro-importante\">Die beste Schritt-f\u00fcr-Schritt-Methode, um die spanischen Verben <strong>endlich zu verstehen <\/strong><\/span><\/p>\r\n[imagenes_tipo_libro]\r\n      <\/div>\r\n   <\/div>\r\n<\/div>","protected":false},"featured_media":23779,"comment_status":"open","ping_status":"closed","template":"","meta":[],"product_brand":[],"product_cat":[78,98,99,144,101],"product_tag":[],"class_list":{"0":"post-23605","1":"product","2":"type-product","3":"status-publish","4":"has-post-thumbnail","6":"product_cat-buecher-zum-spanischlernen","7":"product_cat-ebooks","8":"product_cat-uebungsbuecher","9":"product_cat-lehrbuecher","10":"product_cat-spanische-buecher-mit-audio","12":"first","13":"instock","14":"downloadable","15":"virtual","16":"taxable","17":"purchasable","18":"product-type-simple"},"yoast_head":"<!-- This site is optimized with the Yoast SEO plugin v27.5 - https:\/\/yoast.com\/product\/yoast-seo-wordpress\/ -->\n<title>Spanische Verben (Anf\u00e4nger): Tabellen und \u00dcbungen. Niveau A1-A2 (Ebook) - Esidioma<\/title>\n<meta name=\"description\" content=\"Spanische Verben - Tabellen und \u00dcbungen. Verbkonjugation und Zeitformen kompakt zusammengefasst, mit \u00fcber 600 \u00dcbungsaufgaben\" \/>\n<meta name=\"robots\" content=\"index, follow, max-snippet:-1, max-image-preview:large, max-video-preview:-1\" \/>\n<link rel=\"canonical\" href=\"https:\/\/www.esidioma.com\/de\/produkt\/spanische-verben-niveau-a1-a2-ebook\" \/>\n<meta property=\"og:locale\" content=\"de_DE\" \/>\n<meta property=\"og:type\" content=\"article\" \/>\n<meta property=\"og:title\" content=\"Spanische Verben (Anf\u00e4nger): Tabellen und \u00dcbungen. Niveau A1-A2 (Ebook) - Esidioma\" \/>\n<meta property=\"og:description\" content=\"Spanische Verben - Tabellen und \u00dcbungen. Verbkonjugation und Zeitformen kompakt zusammengefasst, mit \u00fcber 600 \u00dcbungsaufgaben\" \/>\n<meta property=\"og:url\" content=\"https:\/\/www.esidioma.com\/de\/produkt\/spanische-verben-niveau-a1-a2-ebook\" \/>\n<meta property=\"og:site_name\" content=\"Esidioma\" \/>\n<meta property=\"article:modified_time\" content=\"2026-05-06T14:17:54+00:00\" \/>\n<meta property=\"og:image\" content=\"https:\/\/www.esidioma.com\/wp-content\/uploads\/E_VE_A1A2_ES_DE_ebook.jpg\" \/>\n\t<meta property=\"og:image:width\" content=\"1194\" \/>\n\t<meta property=\"og:image:height\" content=\"1194\" \/>\n\t<meta property=\"og:image:type\" content=\"image\/jpeg\" \/>\n<meta name=\"twitter:card\" content=\"summary_large_image\" \/>\n<meta name=\"twitter:label1\" content=\"Gesch\u00e4tzte Lesezeit\" \/>\n\t<meta name=\"twitter:data1\" content=\"4\u00a0Minuten\" \/>\n<script type=\"application\/ld+json\" class=\"yoast-schema-graph\">{\"@context\":\"https:\\\/\\\/schema.org\",\"@graph\":[{\"@type\":\"WebPage\",\"@id\":\"https:\\\/\\\/www.esidioma.com\\\/de\\\/produkt\\\/spanische-verben-niveau-a1-a2-ebook\",\"url\":\"https:\\\/\\\/www.esidioma.com\\\/de\\\/produkt\\\/spanische-verben-niveau-a1-a2-ebook\",\"name\":\"Spanische Verben (Anf\u00e4nger): Tabellen und \u00dcbungen. Niveau A1-A2 (Ebook) - Esidioma\",\"isPartOf\":{\"@id\":\"https:\\\/\\\/www.esidioma.com\\\/de#website\"},\"primaryImageOfPage\":{\"@id\":\"https:\\\/\\\/www.esidioma.com\\\/de\\\/produkt\\\/spanische-verben-niveau-a1-a2-ebook#primaryimage\"},\"image\":{\"@id\":\"https:\\\/\\\/www.esidioma.com\\\/de\\\/produkt\\\/spanische-verben-niveau-a1-a2-ebook#primaryimage\"},\"thumbnailUrl\":\"https:\\\/\\\/www.esidioma.com\\\/wp-content\\\/uploads\\\/E_VE_A1A2_ES_DE_ebook.jpg\",\"datePublished\":\"2024-11-27T15:27:07+00:00\",\"dateModified\":\"2026-05-06T14:17:54+00:00\",\"description\":\"Spanische Verben - Tabellen und \u00dcbungen. Verbkonjugation und Zeitformen kompakt zusammengefasst, mit \u00fcber 600 \u00dcbungsaufgaben\",\"breadcrumb\":{\"@id\":\"https:\\\/\\\/www.esidioma.com\\\/de\\\/produkt\\\/spanische-verben-niveau-a1-a2-ebook#breadcrumb\"},\"inLanguage\":\"de\",\"potentialAction\":[{\"@type\":\"ReadAction\",\"target\":[\"https:\\\/\\\/www.esidioma.com\\\/de\\\/produkt\\\/spanische-verben-niveau-a1-a2-ebook\"]}]},{\"@type\":\"ImageObject\",\"inLanguage\":\"de\",\"@id\":\"https:\\\/\\\/www.esidioma.com\\\/de\\\/produkt\\\/spanische-verben-niveau-a1-a2-ebook#primaryimage\",\"url\":\"https:\\\/\\\/www.esidioma.com\\\/wp-content\\\/uploads\\\/E_VE_A1A2_ES_DE_ebook.jpg\",\"contentUrl\":\"https:\\\/\\\/www.esidioma.com\\\/wp-content\\\/uploads\\\/E_VE_A1A2_ES_DE_ebook.jpg\",\"width\":1194,\"height\":1194,\"caption\":\"Esidioma. Spaniache Verben\"},{\"@type\":\"BreadcrumbList\",\"@id\":\"https:\\\/\\\/www.esidioma.com\\\/de\\\/produkt\\\/spanische-verben-niveau-a1-a2-ebook#breadcrumb\",\"itemListElement\":[{\"@type\":\"ListItem\",\"position\":1,\"name\":\"Home\",\"item\":\"https:\\\/\\\/www.esidioma.com\\\/de\"},{\"@type\":\"ListItem\",\"position\":2,\"name\":\"Shop\",\"item\":\"https:\\\/\\\/www.esidioma.com\\\/shop\"},{\"@type\":\"ListItem\",\"position\":3,\"name\":\"Spanische Verben (Anf\u00e4nger): Tabellen und \u00dcbungen. Niveau A1-A2 (Ebook)\"}]},{\"@type\":\"WebSite\",\"@id\":\"https:\\\/\\\/www.esidioma.com\\\/de#website\",\"url\":\"https:\\\/\\\/www.esidioma.com\\\/de\",\"name\":\"Esidioma\",\"description\":\"Learn Spanish with us\",\"potentialAction\":[{\"@type\":\"SearchAction\",\"target\":{\"@type\":\"EntryPoint\",\"urlTemplate\":\"https:\\\/\\\/www.esidioma.com\\\/de?s={search_term_string}\"},\"query-input\":{\"@type\":\"PropertyValueSpecification\",\"valueRequired\":true,\"valueName\":\"search_term_string\"}}],\"inLanguage\":\"de\"}]}<\/script>\n<!-- \/ Yoast SEO plugin. -->","yoast_head_json":{"title":"Spanische Verben (Anf\u00e4nger): Tabellen und \u00dcbungen. Niveau A1-A2 (Ebook) - Esidioma","description":"Spanische Verben - Tabellen und \u00dcbungen. Verbkonjugation und Zeitformen kompakt zusammengefasst, mit \u00fcber 600 \u00dcbungsaufgaben","robots":{"index":"index","follow":"follow","max-snippet":"max-snippet:-1","max-image-preview":"max-image-preview:large","max-video-preview":"max-video-preview:-1"},"canonical":"https:\/\/www.esidioma.com\/de\/produkt\/spanische-verben-niveau-a1-a2-ebook","og_locale":"de_DE","og_type":"article","og_title":"Spanische Verben (Anf\u00e4nger): Tabellen und \u00dcbungen. Niveau A1-A2 (Ebook) - Esidioma","og_description":"Spanische Verben - Tabellen und \u00dcbungen. Verbkonjugation und Zeitformen kompakt zusammengefasst, mit \u00fcber 600 \u00dcbungsaufgaben","og_url":"https:\/\/www.esidioma.com\/de\/produkt\/spanische-verben-niveau-a1-a2-ebook","og_site_name":"Esidioma","article_modified_time":"2026-05-06T14:17:54+00:00","og_image":[{"width":1194,"height":1194,"url":"https:\/\/www.esidioma.com\/wp-content\/uploads\/E_VE_A1A2_ES_DE_ebook.jpg","type":"image\/jpeg"}],"twitter_card":"summary_large_image","twitter_misc":{"Gesch\u00e4tzte Lesezeit":"4\u00a0Minuten"},"schema":{"@context":"https:\/\/schema.org","@graph":[{"@type":"WebPage","@id":"https:\/\/www.esidioma.com\/de\/produkt\/spanische-verben-niveau-a1-a2-ebook","url":"https:\/\/www.esidioma.com\/de\/produkt\/spanische-verben-niveau-a1-a2-ebook","name":"Spanische Verben (Anf\u00e4nger): Tabellen und \u00dcbungen. Niveau A1-A2 (Ebook) - Esidioma","isPartOf":{"@id":"https:\/\/www.esidioma.com\/de#website"},"primaryImageOfPage":{"@id":"https:\/\/www.esidioma.com\/de\/produkt\/spanische-verben-niveau-a1-a2-ebook#primaryimage"},"image":{"@id":"https:\/\/www.esidioma.com\/de\/produkt\/spanische-verben-niveau-a1-a2-ebook#primaryimage"},"thumbnailUrl":"https:\/\/www.esidioma.com\/wp-content\/uploads\/E_VE_A1A2_ES_DE_ebook.jpg","datePublished":"2024-11-27T15:27:07+00:00","dateModified":"2026-05-06T14:17:54+00:00","description":"Spanische Verben - Tabellen und \u00dcbungen. Verbkonjugation und Zeitformen kompakt zusammengefasst, mit \u00fcber 600 \u00dcbungsaufgaben","breadcrumb":{"@id":"https:\/\/www.esidioma.com\/de\/produkt\/spanische-verben-niveau-a1-a2-ebook#breadcrumb"},"inLanguage":"de","potentialAction":[{"@type":"ReadAction","target":["https:\/\/www.esidioma.com\/de\/produkt\/spanische-verben-niveau-a1-a2-ebook"]}]},{"@type":"ImageObject","inLanguage":"de","@id":"https:\/\/www.esidioma.com\/de\/produkt\/spanische-verben-niveau-a1-a2-ebook#primaryimage","url":"https:\/\/www.esidioma.com\/wp-content\/uploads\/E_VE_A1A2_ES_DE_ebook.jpg","contentUrl":"https:\/\/www.esidioma.com\/wp-content\/uploads\/E_VE_A1A2_ES_DE_ebook.jpg","width":1194,"height":1194,"caption":"Esidioma. Spaniache Verben"},{"@type":"BreadcrumbList","@id":"https:\/\/www.esidioma.com\/de\/produkt\/spanische-verben-niveau-a1-a2-ebook#breadcrumb","itemListElement":[{"@type":"ListItem","position":1,"name":"Home","item":"https:\/\/www.esidioma.com\/de"},{"@type":"ListItem","position":2,"name":"Shop","item":"https:\/\/www.esidioma.com\/shop"},{"@type":"ListItem","position":3,"name":"Spanische Verben (Anf\u00e4nger): Tabellen und \u00dcbungen. Niveau A1-A2 (Ebook)"}]},{"@type":"WebSite","@id":"https:\/\/www.esidioma.com\/de#website","url":"https:\/\/www.esidioma.com\/de","name":"Esidioma","description":"Learn Spanish with us","potentialAction":[{"@type":"SearchAction","target":{"@type":"EntryPoint","urlTemplate":"https:\/\/www.esidioma.com\/de?s={search_term_string}"},"query-input":{"@type":"PropertyValueSpecification","valueRequired":true,"valueName":"search_term_string"}}],"inLanguage":"de"}]}},"_links":{"self":[{"href":"https:\/\/www.esidioma.com\/de\/wp-json\/wp\/v2\/product\/23605","targetHints":{"allow":["GET"]}}],"collection":[{"href":"https:\/\/www.esidioma.com\/de\/wp-json\/wp\/v2\/product"}],"about":[{"href":"https:\/\/www.esidioma.com\/de\/wp-json\/wp\/v2\/types\/product"}],"replies":[{"embeddable":true,"href":"https:\/\/www.esidioma.com\/de\/wp-json\/wp\/v2\/comments?post=23605"}],"wp:featuredmedia":[{"embeddable":true,"href":"https:\/\/www.esidioma.com\/de\/wp-json\/wp\/v2\/media\/23779"}],"wp:attachment":[{"href":"https:\/\/www.esidioma.com\/de\/wp-json\/wp\/v2\/media?parent=23605"}],"wp:term":[{"taxonomy":"product_brand","embeddable":true,"href":"https:\/\/www.esidioma.com\/de\/wp-json\/wp\/v2\/product_brand?post=23605"},{"taxonomy":"product_cat","embeddable":true,"href":"https:\/\/www.esidioma.com\/de\/wp-json\/wp\/v2\/product_cat?post=23605"},{"taxonomy":"product_tag","embeddable":true,"href":"https:\/\/www.esidioma.com\/de\/wp-json\/wp\/v2\/product_tag?post=23605"}],"curies":[{"name":"wp","href":"https:\/\/api.w.org\/{rel}","templated":true}]}}