{"id":27049,"date":"2025-03-18T16:05:38","date_gmt":"2025-03-18T14:05:38","guid":{"rendered":"https:\/\/www.esidioma.com\/?post_type=product&#038;p=27049"},"modified":"2026-04-06T18:10:37","modified_gmt":"2026-04-06T16:10:37","slug":"lerne-1000-spanische-woerter-bildwoerterbuch-spanisch-deutsch-printversion","status":"publish","type":"product","link":"https:\/\/www.esidioma.com\/de\/produkt\/lerne-1000-spanische-woerter-bildwoerterbuch-spanisch-deutsch-printversion","title":{"rendered":"Lerne 1000 spanische W\u00f6rter: Bildw\u00f6rterbuch Spanisch-Deutsch (Printversion)"},"content":{"rendered":"      <div class=\"container-fluid\">\r\n   <div class=\"row\">\r\n      <div class=\"col-xs-12\">\r\n         <h2>Lerne das Buch kennen! Hier kannst du einen Auszug aus dem W\u00f6rterbuch lesen und h\u00f6ren:<\/h2>\r\n      <\/div>\r\n   <\/div>\r\n   <div class=\"row\">\r\n      <div class=\"col-lg-6 col-md-6 col-sm-6 col-xs-12\">\r\n         <p>Auszug aus dem W\u00f6rtertbuch h\u00f6ren<\/p>\r\n         <p>\r\n            <audio style=\"color: #95b9c7;\" controls=\"controls\"><source src=\"\/wp-content\/uploads\/sample_DIC_1000.mp3\" type=\"audio\/mpeg\">Ihr Browser unterst\u00fctzt das Audioelement nicht.<\/audio>\r\n         <\/p>\r\n      <\/div>\r\n      <div class=\"col-lg-6 col-md-6 col-sm-6 col-xs-12\">\r\n         <p class=\"hidden-xs\">Auszug aus dem W\u00f6rterbuch lesen Zum Vergr\u00f6\u00dfern hier klicken:<\/p>\r\n         <p class=\"hidden-lg hidden-md hidden-sm visible-xs-block\">Auszug aus dem W\u00f6rterbuch lesen:<\/p>\r\n         <div class=\"row mi-galeria-producto\"><a href=\"\/wp-content\/uploads\/sample_DIC_1000_ES_DE_ebook_01.jpg\" data-fancybox=\"gallery\" title=\"Auszug\"><img decoding=\"async\" class=\"col-lg-6 col-md-12 col-sm-12 col-xs-12\" id=\"thumb_296\" src=\"\/wp-content\/uploads\/sample_DIC_1000_ES_DE_ebook_01.jpg\" alt=\"Auszug\" title=\"Auszug\" itemprop=\"image\" \/><\/a> <a href=\"\/wp-content\/uploads\/sample_DIC_1000_ES_DE_ebook_02.jpg\" data-fancybox=\"gallery\" title=\"Auszug\"><img decoding=\"async\" class=\"col-lg-6 col-md-12 col-sm-12 col-xs-12\" id=\"thumb_296\" src=\"\/wp-content\/uploads\/sample_DIC_1000_ES_DE_ebook_02.jpg\" alt=\"Auszug\" title=\"Auszug\" itemprop=\"image\" \/><\/a> <a href=\"\/wp-content\/uploads\/sample_DIC_1000_ES_DE_ebook_03.jpg\" data-fancybox=\"gallery\" title=\"Auszug\"><img decoding=\"async\" class=\"col-lg-6 col-md-12 col-sm-12 col-xs-12\" id=\"thumb_296\" src=\"\/wp-content\/uploads\/sample_DIC_1000_ES_DE_ebook_03.jpg\" alt=\"Auszug\" title=\"Auszug\" itemprop=\"image\" \/><\/a> <a href=\"\/wp-content\/uploads\/sample_DIC_1000_ES_DE_ebook_04.jpg\" data-fancybox=\"gallery\" title=\"Auszug\"><img decoding=\"async\" class=\"col-lg-6 col-md-12 col-sm-12 col-xs-12\" id=\"thumb_296\" src=\"\/wp-content\/uploads\/sample_DIC_1000_ES_DE_ebook_04.jpg\" alt=\"Auszug\" title=\"Auszug\" itemprop=\"image\" \/><\/a><\/div>\r\n      <\/div>\r\n   <div class=\"row\">\r\n     <div class=\"col-xs-12\">\r\n            <hr \/>\r\n            <h2>Spanische Vokabeln + \u00dcbersetzung + Audio + interaktive \u00dcbungen<\/h2>\r\n            <p>Mit unserem Bildw\u00f6rterbuch mit Audio und \u00dcbungen f\u00fcr Anf\u00e4nger eignest du dir einen soliden Grundwortschatz an. Lerne spielend leicht 1000 Vokabeln dank des interaktiven Campus und des multimedialen Ebooks.<\/p>\r\n            <div class=\"mi-cuadro-importante\">\r\n               <ol>\r\n               <li>\u00fcber 1000 W\u00f6rter mit Bild und Audio in Studioqualit\u00e4t<\/li>               \r\n               <li>60 Themengebiete<\/li>\r\n               <li>Interaktive \u00dcbungen<\/li>\r\n            <\/ol>\r\n         <\/div>\r\n            <h2>Inhalt<\/h2>\r\n            <p>Die 1000 wichtigsten spanischen W\u00f6rter helfen dir, Alltagssituationen auf Spanisch zu meistern &#8211; ob im Urlaub, auf Gesch\u00e4ftsreisen oder als Auswanderer. 1000 W\u00f6rter h\u00f6ren sich nach einer Herausforderung an? Du wirst sehen: Die interaktiven Spiele machen so viel Spa\u00df, dass die W\u00f6rter von allein h\u00e4ngen bleiben. <\/p>\r\n            <div class=\"mi-cuadro-importante\">\r\n\t\t\t<div class=\"row\">\r\n\t\t\t<div class=\"col-sm-6 col-xs-12\">\r\n    <h3>Zu Hause<\/h3>\r\n    <ul>\r\n      <li>Teile eines Hauses<\/li>\r\n      <li>Bestandteile der Wohnung<\/li>\r\n      <li>Gegenst\u00e4nde im Schlafzimmer<\/li>\r\n      <li>Gegenst\u00e4nde im Bad<\/li>\r\n      <li>Gegenst\u00e4nde im Wohnzimmer<\/li>\r\n      <li>Gegenst\u00e4nde in der K\u00fcche<\/li>\r\n      <li>Haushaltsger\u00e4te<\/li>\r\n    <\/ul>\r\n    <h3>Menschen und Kleidung<\/h3>\r\n    <ul>\r\n      <li>Menschen &#8211; vom Baby zum Erwachsenen<\/li>\r\n      <li>Familie und Verwandte<\/li>\r\n      <li>Teile des Gesichts<\/li>\r\n      <li>K\u00f6rperteile<\/li>\r\n      <li>Kleidung<\/li>\r\n      <li>Schuhe und Accessoires<\/li>\r\n    <\/ul>\r\n    <h3>Tiere<\/h3>\r\n    <ul>\r\n      <li>Haustiere<\/li>\r\n      <li>Tiere auf dem Bauernhof<\/li>\r\n      <li>Wilde Tiere I<\/li>\r\n      <li>Wilde Tiere II<\/li>\r\n      <li>V\u00f6gel I<\/li>\r\n      <li>V\u00f6gel II<\/li>\r\n      <li>Insekten<\/li>\r\n      <li>Reptilien und Amphibien<\/li>\r\n      <li>Lebewesen im Meer<\/li>\r\n    <\/ul>\r\n    <h3>Speisen und Getr\u00e4nke<\/h3>\r\n    <ul>\r\n      <li>Speisen<\/li>\r\n      <li>Getr\u00e4nke<\/li>\r\n      <li>Fleisch und Fisch<\/li>\r\n      <li>Obst I<\/li>\r\n      <li>Obst II<\/li>\r\n      <li>Gem\u00fcse I<\/li>\r\n      <li>Gem\u00fcse II<\/li>\r\n      <li>Kr\u00e4uter und Gew\u00fcrze<\/li>\r\n    <\/ul>\r\n    <h3>Stadt und Verkehr<\/h3>\r\n    <ul>\r\n      <li>Geb\u00e4ude in der Stadt:<\/li>\r\n      <li>Gesch\u00e4fte in der Stadt<\/li>\r\n      <li>Im Gesch\u00e4ft<\/li>\r\n      <li>Verkehrsmittel<\/li>\r\n      <li>Im Auto<\/li>\r\n      <li>Am Flughafen<\/li>\r\n    <\/ul>\r\n\t<\/div>\r\n\t<div class=\"col-sm-6 col-xs-12\">\r\n    <h3>Arbeit<\/h3>\r\n    <ul>\r\n      <li>Berufe I<\/li>\r\n      <li>Berufe II<\/li>\r\n      <li>Im B\u00fcro<\/li>\r\n      <li>In der Werkstatt<\/li>\r\n    <\/ul>\r\n    <h3>Welt und Natur<\/h3>\r\n    <ul>\r\n      <li>Natur<\/li>\r\n      <li>Jahreszeiten und Wetter<\/li>\r\n      <li>Blumen<\/li>\r\n      <li>Camping<\/li>\r\n      <li>Am Strand<\/li>\r\n      <li>Materialien<\/li>\r\n      <li>Geografie<\/li>\r\n      <li>Weltraum und Universum<\/li>\r\n    <\/ul>\r\n    <h3>Lernen und Hobbys<\/h3>\r\n    <ul>\r\n      <li>Im Unterrichtsraum<\/li>\r\n      <li>Gegenst\u00e4nde in der Schule<\/li>\r\n      <li>Computer<\/li>\r\n      <li>Unterhaltung<\/li>\r\n      <li>Musik I<\/li>\r\n      <li>Musik II<\/li>\r\n      <li>Sport I<\/li>\r\n      <li>Sport II<\/li>\r\n      <li>Spiele<\/li>\r\n    <\/ul>\r\n    <h3>Grundwortschatz<\/h3>\r\n    <ul>\r\n      <li>Farben und Formen<\/li>\r\n      <li>Verben I<\/li>\r\n      <li>Verben II<\/li>\r\n      <li>Zahlen<\/li>\r\n    <\/ul>\t\r\n\t<\/div>\r\n\t<\/div>\r\n         <\/div>\r\n\t\t <\/div>\r\n      <\/div>\r\n   <\/div>\r\n   <!-- Campus -->\r\n   <div class=\"row\">\r\n      <div class=\"col-xs-12\">\r\n         <h2>Unbegrenzter Zugang zum Online-Campus:<br \/>\r\n            Online lesen, h\u00f6ren und <span class=\"subrayado-texto-negro-descripcion-producto\">interaktive \u00dcbungen<\/span> machen\r\n         <\/h2>\r\n      <\/div>\r\n   <\/div>\r\n   <div class=\"row\">\r\n      <div class=\"col-md-7 col-sm-12\">\r\n         <p class=\"texto-sobre-imagen-descripcion-producto\">Online-Campus!<\/p>\r\n         <img decoding=\"async\" class=\"img-responsive\" src=\"\/wp-content\/uploads\/spanische-interaktive-uebungen.png\" alt=\"Interactive Spanish exercises\" \/>\r\n      <\/div>\r\n      <div class=\"col-md-5 col-sm-12\">\r\n         <p>Mit dem Kauf unserer spanischen Ebooks <span class=\"subrayado-texto-negro-descripcion-producto\">erh\u00e4lst du Zugang zum Online-Campus<\/span>. Dieser bietet dir Folgendes:<\/p>\r\n         <p><span class=\"pequeno-destaque-descripcion-producto\">Online-Texte + Audio-Player<\/span> <br>Lies auf Wunsch direkt auf unserer Lernplattform, ohne Dateien herunterzuladen. Lerne \u00fcberall \u2013 mit deinem Smartphone!<\/p>\r\n          <p><span class=\"pequeno-destaque-descripcion-producto\">Deine B\u00fccher immer parat<\/span> <br>Du hast f\u00fcr immer Zugriff auf alle deine B\u00fccher.<\/p>\r\n          <p><span class=\"pequeno-destaque-descripcion-producto\">Interaktive \u00dcbungen<\/span> <br>unterhaltsame Spiele zu Wortschatz, Textverstehen und Grammatik, mit denen du dein Spanisch verbesserst.<\/p>\r\n          <p><span class=\"pequeno-destaque-descripcion-producto\">Fortschrittsanzeige<\/span> <br>Anhand der Fortschrittsanzeige am Anfang jedes Buches siehst du, welche Texte du gelesen hast und welcher als n\u00e4chstes dran ist.<\/p>\r\n       <\/div>\r\n    <\/div>\r\n   <!-- Zus\u00e4tzliche Beschreibung -->\r\n    <div class=\"row\">\r\n       <div class=\"col-xs-12\">\r\n          <h2>Spanische Texte + \u00dcbersetzung + Audio + interaktive \u00dcbungen<\/h2>\r\n          <p>Unsere B\u00fccher sind speziell f\u00fcr Spanischlerner konzipiert und an das <strong>jeweilige Niveau<\/strong> angepasst. Alle Vorteile auf einen Blick:<\/p>\r\n          <div class=\"mi-cuadro-importante\">\r\n             <ol>\r\n                <li>Spanisch-deutsche <strong>Paralleltexte<\/strong> &#8211; lerne effektiver<\/li>\r\n                <li>Professionelle <strong>spanische H\u00f6rtexte<\/strong> &#8211; verbessere dein H\u00f6rverstehen<\/li>\r\n                <li>Zugeschnitten auf deine Lernstufe &#8211; die richtige Schwierigkeitsstufe f\u00fcr dich in diesem Moment<\/li>\r\n                <li>Zugang zu <strong>interaktiven \u00dcbungen<\/strong> &#8211; wende das Gelernte sofort an<\/li>\r\n                <li>Geschrieben von Spanischlehrern &#8211;  Spanisch als Fremdsprache ist unser Metier<\/li>\r\n             <\/ol>\r\n          <\/div>\r\n          <p>Dank unserer <strong>Paralleltexte Spanisch-Deutsch<\/strong> lernst du effektiv Spanisch, da du immer einen Blick auf die \u00dcbersetzung werfen kannst. Steigere die Komplexit\u00e4t deiner spanischen Lekt\u00fcre mit unseren <strong>zweisprachigen B\u00fcchern<\/strong>: Von Anf\u00e4nger- \u00fcber Mittelstufen- bis hin zu Fortgeschrittenen-Niveau!<\/p>\r\n       <\/div>\r\n    <\/div>\r\n    <!-- Zus\u00e4tzliche Beschreibung -->\r\n    <div class=\"row\">\r\n       <div class=\"col-xs-12\">\r\n          <h2>Spanisch lernen \u00fcberall<\/h2>\r\n          <p>Dieses zweisprachige Buch Spanisch-Deutsch hast du immer dabei. <strong>Unsere Spanisch-Lerntexte lassen sich auf jedem Ger\u00e4t \u00f6ffnen<\/strong> (PC, Laptop, Mac, iPad, Tablet, Kindle, E-Reader\u2026). Du kann unsere B\u00fccher herunterladen oder online lesen. Mit professionellem Audio zu jedem Text. H\u00f6r und lies gleichzeitig, nacheinander oder h\u00f6r dir nur die Audios an. Ob \u00fcber dein Smartphone, Tablet oder Laptop &#8211; du hast immer Zugriff auf deine B\u00fccher. So ist Spanisch lernen einfach!<\/p>\r\n       <\/div>\r\n    <\/div>\r\n    <!-- Kontakt -->\r\n    <div class=\"row\">\r\n       <div class=\"col-xs-12\">\r\n          <h2>Hast du Fragen? Setz dich mit uns in Verbindung<\/h2>\r\n          <p>Diese Art der <strong>Paralleltexte mit Online-Campus<\/strong> findest ud nur bei ESIDIOMA. Lerne Spanisch mit unserer einzigartigen Sammlung biligualer Geschichten Spanisch-Deutsch. Hast du Fragen? <a href=\"https:\/\/www.esidioma.com\/contact-us\">Schreib uns<\/a>.<\/p>\r\n       <\/div>\r\n    <\/div>\r\n<\/div>","protected":false},"excerpt":{"rendered":"<div class=\"container-fluid\">\r\n    <div class=\"row\">\r\n       <div class=\"col-xs-12\"><!-- este div es la descripcion para Google Shopping--><div hidden=\"\">\r\n             <p>Bildw\u00f6rterbuch Spanisch-Deutsch mit Audio und interaktiven \u00dcbungen. Lerne die wichtigsten 1000 spanischen W\u00f6rter!<\/p>\r\n          <\/div><!-- fin de la descripci\u00f3n para Google Shooping--><div class=\"etiquetas-productos\">\r\n             <p><span class=\"ep-nivel A1-A2\">Niveau: Grundstufe<\/span><span class=\"ep-formato\">Printversion + Audio<\/span><span class=\"ep-formato\">Zugang zum Online-Campus<\/span><span class=\"ep-extras\">78 Seiten<\/span><\/p>\r\n          <\/div>\r\n          <p>Nimmst du die Herausforderung an? Mit unserem Bildw\u00f6rterbuch mit interaktiven \u00dcbungen <strong>lernst du deine ersten 1000 spanischen W\u00f6rter<\/strong>. Direkt nach dem Kauf kannst dir das Ebook herunterladen und erh\u00e4lst Zugang zum Online-Campus. Mit unserem Bildw\u00f6rterbuch mit Audio und \u00dcbungen f\u00fcr Anf\u00e4nger eignest du dir einen soliden spanischen Grundwortschatz an.<\/p>\r\n         <ol>\r\n            <li>\u00fcber 1000 W\u00f6rter mit Bild und Audio in Studioqualit\u00e4t.<\/li>\r\n            <li>60 Themengebiete: Zu Hause, Menschen, Kleidung, Speisen, Arbeit&#8230;<\/li>\r\n            <li>Du kannst das Ebook herunterladen oder online lesen. <\/li>\r\n            <li>Online-Vokabelspiele &#8211; damit pr\u00e4gen sich die neuen W\u00f6rter garantiert ein<\/li>\r\n         <\/ol>\r\n[imagenes_tipo_libro]\r\n       <\/div>\r\n    <\/div>\r\n <\/div>","protected":false},"featured_media":27050,"comment_status":"open","ping_status":"closed","template":"","meta":[],"product_brand":[],"product_cat":[78,150,101,114],"product_tag":[],"class_list":{"0":"post-27049","1":"product","2":"type-product","3":"status-publish","4":"has-post-thumbnail","6":"product_cat-buecher-zum-spanischlernen","7":"product_cat-printversionen","8":"product_cat-spanische-buecher-mit-audio","9":"product_cat-woerterbuch","11":"first","12":"instock","13":"taxable","14":"shipping-taxable","15":"purchasable","16":"product-type-simple"},"yoast_head":"<!-- This site is optimized with the Yoast SEO plugin v27.5 - https:\/\/yoast.com\/product\/yoast-seo-wordpress\/ -->\n<title>Lerne 1000 spanische W\u00f6rter: Bildw\u00f6rterbuch Spanisch-Deutsch (Printversion) - Esidioma<\/title>\n<meta name=\"description\" content=\"Bildw\u00f6rterbuch Spanisch-Deutsch f\u00fcr Anf\u00e4nger (Ebook): Effektives Lernen durch die Kombination Bild + Text + \u00dcbersetzung + Audio + Online-\u00dcbungen\" \/>\n<meta name=\"robots\" content=\"index, follow, max-snippet:-1, max-image-preview:large, max-video-preview:-1\" \/>\n<link rel=\"canonical\" href=\"https:\/\/www.esidioma.com\/de\/produkt\/lerne-1000-spanische-woerter-bildwoerterbuch-spanisch-deutsch-printversion\" \/>\n<meta property=\"og:locale\" content=\"de_DE\" \/>\n<meta property=\"og:type\" content=\"article\" \/>\n<meta property=\"og:title\" content=\"Lerne 1000 spanische W\u00f6rter: Bildw\u00f6rterbuch Spanisch-Deutsch (Printversion) - Esidioma\" \/>\n<meta property=\"og:description\" content=\"Bildw\u00f6rterbuch Spanisch-Deutsch f\u00fcr Anf\u00e4nger (Ebook): Effektives Lernen durch die Kombination Bild + Text + \u00dcbersetzung + Audio + Online-\u00dcbungen\" \/>\n<meta property=\"og:url\" content=\"https:\/\/www.esidioma.com\/de\/produkt\/lerne-1000-spanische-woerter-bildwoerterbuch-spanisch-deutsch-printversion\" \/>\n<meta property=\"og:site_name\" content=\"Esidioma\" \/>\n<meta property=\"article:modified_time\" content=\"2026-04-06T16:10:37+00:00\" \/>\n<meta property=\"og:image\" content=\"https:\/\/www.esidioma.com\/wp-content\/uploads\/DIC_1000_ES_DE_papel.jpg\" \/>\n\t<meta property=\"og:image:width\" content=\"1194\" \/>\n\t<meta property=\"og:image:height\" content=\"1194\" \/>\n\t<meta property=\"og:image:type\" content=\"image\/jpeg\" \/>\n<meta name=\"twitter:card\" content=\"summary_large_image\" \/>\n<meta name=\"twitter:label1\" content=\"Gesch\u00e4tzte Lesezeit\" \/>\n\t<meta name=\"twitter:data1\" content=\"4\u00a0Minuten\" \/>\n<script type=\"application\/ld+json\" class=\"yoast-schema-graph\">{\"@context\":\"https:\\\/\\\/schema.org\",\"@graph\":[{\"@type\":\"WebPage\",\"@id\":\"https:\\\/\\\/www.esidioma.com\\\/de\\\/produkt\\\/lerne-1000-spanische-woerter-bildwoerterbuch-spanisch-deutsch-printversion\",\"url\":\"https:\\\/\\\/www.esidioma.com\\\/de\\\/produkt\\\/lerne-1000-spanische-woerter-bildwoerterbuch-spanisch-deutsch-printversion\",\"name\":\"Lerne 1000 spanische W\u00f6rter: Bildw\u00f6rterbuch Spanisch-Deutsch (Printversion) - Esidioma\",\"isPartOf\":{\"@id\":\"https:\\\/\\\/www.esidioma.com\\\/de#website\"},\"primaryImageOfPage\":{\"@id\":\"https:\\\/\\\/www.esidioma.com\\\/de\\\/produkt\\\/lerne-1000-spanische-woerter-bildwoerterbuch-spanisch-deutsch-printversion#primaryimage\"},\"image\":{\"@id\":\"https:\\\/\\\/www.esidioma.com\\\/de\\\/produkt\\\/lerne-1000-spanische-woerter-bildwoerterbuch-spanisch-deutsch-printversion#primaryimage\"},\"thumbnailUrl\":\"https:\\\/\\\/www.esidioma.com\\\/wp-content\\\/uploads\\\/DIC_1000_ES_DE_papel.jpg\",\"datePublished\":\"2025-03-18T14:05:38+00:00\",\"dateModified\":\"2026-04-06T16:10:37+00:00\",\"description\":\"Bildw\u00f6rterbuch Spanisch-Deutsch f\u00fcr Anf\u00e4nger (Ebook): Effektives Lernen durch die Kombination Bild + Text + \u00dcbersetzung + Audio + Online-\u00dcbungen\",\"breadcrumb\":{\"@id\":\"https:\\\/\\\/www.esidioma.com\\\/de\\\/produkt\\\/lerne-1000-spanische-woerter-bildwoerterbuch-spanisch-deutsch-printversion#breadcrumb\"},\"inLanguage\":\"de\",\"potentialAction\":[{\"@type\":\"ReadAction\",\"target\":[\"https:\\\/\\\/www.esidioma.com\\\/de\\\/produkt\\\/lerne-1000-spanische-woerter-bildwoerterbuch-spanisch-deutsch-printversion\"]}]},{\"@type\":\"ImageObject\",\"inLanguage\":\"de\",\"@id\":\"https:\\\/\\\/www.esidioma.com\\\/de\\\/produkt\\\/lerne-1000-spanische-woerter-bildwoerterbuch-spanisch-deutsch-printversion#primaryimage\",\"url\":\"https:\\\/\\\/www.esidioma.com\\\/wp-content\\\/uploads\\\/DIC_1000_ES_DE_papel.jpg\",\"contentUrl\":\"https:\\\/\\\/www.esidioma.com\\\/wp-content\\\/uploads\\\/DIC_1000_ES_DE_papel.jpg\",\"width\":1194,\"height\":1194},{\"@type\":\"BreadcrumbList\",\"@id\":\"https:\\\/\\\/www.esidioma.com\\\/de\\\/produkt\\\/lerne-1000-spanische-woerter-bildwoerterbuch-spanisch-deutsch-printversion#breadcrumb\",\"itemListElement\":[{\"@type\":\"ListItem\",\"position\":1,\"name\":\"Home\",\"item\":\"https:\\\/\\\/www.esidioma.com\\\/de\"},{\"@type\":\"ListItem\",\"position\":2,\"name\":\"Shop\",\"item\":\"https:\\\/\\\/www.esidioma.com\\\/shop\"},{\"@type\":\"ListItem\",\"position\":3,\"name\":\"Lerne 1000 spanische W\u00f6rter: Bildw\u00f6rterbuch Spanisch-Deutsch (Printversion)\"}]},{\"@type\":\"WebSite\",\"@id\":\"https:\\\/\\\/www.esidioma.com\\\/de#website\",\"url\":\"https:\\\/\\\/www.esidioma.com\\\/de\",\"name\":\"Esidioma\",\"description\":\"Learn Spanish with us\",\"potentialAction\":[{\"@type\":\"SearchAction\",\"target\":{\"@type\":\"EntryPoint\",\"urlTemplate\":\"https:\\\/\\\/www.esidioma.com\\\/de?s={search_term_string}\"},\"query-input\":{\"@type\":\"PropertyValueSpecification\",\"valueRequired\":true,\"valueName\":\"search_term_string\"}}],\"inLanguage\":\"de\"}]}<\/script>\n<!-- \/ Yoast SEO plugin. -->","yoast_head_json":{"title":"Lerne 1000 spanische W\u00f6rter: Bildw\u00f6rterbuch Spanisch-Deutsch (Printversion) - Esidioma","description":"Bildw\u00f6rterbuch Spanisch-Deutsch f\u00fcr Anf\u00e4nger (Ebook): Effektives Lernen durch die Kombination Bild + Text + \u00dcbersetzung + Audio + Online-\u00dcbungen","robots":{"index":"index","follow":"follow","max-snippet":"max-snippet:-1","max-image-preview":"max-image-preview:large","max-video-preview":"max-video-preview:-1"},"canonical":"https:\/\/www.esidioma.com\/de\/produkt\/lerne-1000-spanische-woerter-bildwoerterbuch-spanisch-deutsch-printversion","og_locale":"de_DE","og_type":"article","og_title":"Lerne 1000 spanische W\u00f6rter: Bildw\u00f6rterbuch Spanisch-Deutsch (Printversion) - Esidioma","og_description":"Bildw\u00f6rterbuch Spanisch-Deutsch f\u00fcr Anf\u00e4nger (Ebook): Effektives Lernen durch die Kombination Bild + Text + \u00dcbersetzung + Audio + Online-\u00dcbungen","og_url":"https:\/\/www.esidioma.com\/de\/produkt\/lerne-1000-spanische-woerter-bildwoerterbuch-spanisch-deutsch-printversion","og_site_name":"Esidioma","article_modified_time":"2026-04-06T16:10:37+00:00","og_image":[{"width":1194,"height":1194,"url":"https:\/\/www.esidioma.com\/wp-content\/uploads\/DIC_1000_ES_DE_papel.jpg","type":"image\/jpeg"}],"twitter_card":"summary_large_image","twitter_misc":{"Gesch\u00e4tzte Lesezeit":"4\u00a0Minuten"},"schema":{"@context":"https:\/\/schema.org","@graph":[{"@type":"WebPage","@id":"https:\/\/www.esidioma.com\/de\/produkt\/lerne-1000-spanische-woerter-bildwoerterbuch-spanisch-deutsch-printversion","url":"https:\/\/www.esidioma.com\/de\/produkt\/lerne-1000-spanische-woerter-bildwoerterbuch-spanisch-deutsch-printversion","name":"Lerne 1000 spanische W\u00f6rter: Bildw\u00f6rterbuch Spanisch-Deutsch (Printversion) - Esidioma","isPartOf":{"@id":"https:\/\/www.esidioma.com\/de#website"},"primaryImageOfPage":{"@id":"https:\/\/www.esidioma.com\/de\/produkt\/lerne-1000-spanische-woerter-bildwoerterbuch-spanisch-deutsch-printversion#primaryimage"},"image":{"@id":"https:\/\/www.esidioma.com\/de\/produkt\/lerne-1000-spanische-woerter-bildwoerterbuch-spanisch-deutsch-printversion#primaryimage"},"thumbnailUrl":"https:\/\/www.esidioma.com\/wp-content\/uploads\/DIC_1000_ES_DE_papel.jpg","datePublished":"2025-03-18T14:05:38+00:00","dateModified":"2026-04-06T16:10:37+00:00","description":"Bildw\u00f6rterbuch Spanisch-Deutsch f\u00fcr Anf\u00e4nger (Ebook): Effektives Lernen durch die Kombination Bild + Text + \u00dcbersetzung + Audio + Online-\u00dcbungen","breadcrumb":{"@id":"https:\/\/www.esidioma.com\/de\/produkt\/lerne-1000-spanische-woerter-bildwoerterbuch-spanisch-deutsch-printversion#breadcrumb"},"inLanguage":"de","potentialAction":[{"@type":"ReadAction","target":["https:\/\/www.esidioma.com\/de\/produkt\/lerne-1000-spanische-woerter-bildwoerterbuch-spanisch-deutsch-printversion"]}]},{"@type":"ImageObject","inLanguage":"de","@id":"https:\/\/www.esidioma.com\/de\/produkt\/lerne-1000-spanische-woerter-bildwoerterbuch-spanisch-deutsch-printversion#primaryimage","url":"https:\/\/www.esidioma.com\/wp-content\/uploads\/DIC_1000_ES_DE_papel.jpg","contentUrl":"https:\/\/www.esidioma.com\/wp-content\/uploads\/DIC_1000_ES_DE_papel.jpg","width":1194,"height":1194},{"@type":"BreadcrumbList","@id":"https:\/\/www.esidioma.com\/de\/produkt\/lerne-1000-spanische-woerter-bildwoerterbuch-spanisch-deutsch-printversion#breadcrumb","itemListElement":[{"@type":"ListItem","position":1,"name":"Home","item":"https:\/\/www.esidioma.com\/de"},{"@type":"ListItem","position":2,"name":"Shop","item":"https:\/\/www.esidioma.com\/shop"},{"@type":"ListItem","position":3,"name":"Lerne 1000 spanische W\u00f6rter: Bildw\u00f6rterbuch Spanisch-Deutsch (Printversion)"}]},{"@type":"WebSite","@id":"https:\/\/www.esidioma.com\/de#website","url":"https:\/\/www.esidioma.com\/de","name":"Esidioma","description":"Learn Spanish with us","potentialAction":[{"@type":"SearchAction","target":{"@type":"EntryPoint","urlTemplate":"https:\/\/www.esidioma.com\/de?s={search_term_string}"},"query-input":{"@type":"PropertyValueSpecification","valueRequired":true,"valueName":"search_term_string"}}],"inLanguage":"de"}]}},"_links":{"self":[{"href":"https:\/\/www.esidioma.com\/de\/wp-json\/wp\/v2\/product\/27049","targetHints":{"allow":["GET"]}}],"collection":[{"href":"https:\/\/www.esidioma.com\/de\/wp-json\/wp\/v2\/product"}],"about":[{"href":"https:\/\/www.esidioma.com\/de\/wp-json\/wp\/v2\/types\/product"}],"replies":[{"embeddable":true,"href":"https:\/\/www.esidioma.com\/de\/wp-json\/wp\/v2\/comments?post=27049"}],"wp:featuredmedia":[{"embeddable":true,"href":"https:\/\/www.esidioma.com\/de\/wp-json\/wp\/v2\/media\/27050"}],"wp:attachment":[{"href":"https:\/\/www.esidioma.com\/de\/wp-json\/wp\/v2\/media?parent=27049"}],"wp:term":[{"taxonomy":"product_brand","embeddable":true,"href":"https:\/\/www.esidioma.com\/de\/wp-json\/wp\/v2\/product_brand?post=27049"},{"taxonomy":"product_cat","embeddable":true,"href":"https:\/\/www.esidioma.com\/de\/wp-json\/wp\/v2\/product_cat?post=27049"},{"taxonomy":"product_tag","embeddable":true,"href":"https:\/\/www.esidioma.com\/de\/wp-json\/wp\/v2\/product_tag?post=27049"}],"curies":[{"name":"wp","href":"https:\/\/api.w.org\/{rel}","templated":true}]}}