{"id":5170,"date":"2023-02-15T14:11:47","date_gmt":"2023-02-15T12:11:47","guid":{"rendered":"https:\/\/www.esidioma.com\/?post_type=product&#038;p=5170"},"modified":"2026-03-08T11:36:35","modified_gmt":"2026-03-08T09:36:35","slug":"adaptierte-klassiker-auf-spanisch-don-quijote-und-die-windmuehlen-ebook","status":"publish","type":"product","link":"https:\/\/www.esidioma.com\/de\/produkt\/adaptierte-klassiker-auf-spanisch-don-quijote-und-die-windmuehlen-ebook","title":{"rendered":"Adaptierte Klassiker auf Spanisch: Don Quijote und die Windm\u00fchlen (Ebook)"},"content":{"rendered":"<div class=\"container-fluid\">\r\n   <div class=\"row\">\r\n      <div class=\"col-xs-12\">\r\n         <h2>Lerne das Buch kennen! Hier kannst du einen Auszug aus diesem Buch lesen und h\u00f6ren.<\/h2>\r\n      <\/div>\r\n   <\/div>\r\n   <div class=\"row\">\r\n      <div class=\"col-lg-6 col-md-6 col-sm-6 col-xs-12\">\r\n         <p>Auszug aus diesem Buch h\u00f6ren.<\/p>\r\n         <p>\r\n            <audio style=\"color: #95b9c7;\" controls=\"controls\"><source src=\"\/wp-content\/uploads\/sample_CLBOOK_C1_C2_QUIJOTE.mp3\" type=\"audio\/mpeg\">Ihr Browser unterst\u00fctzt das Audioelement nicht.<\/audio>\r\n         <\/p>\r\n      <\/div>\r\n      <div class=\"col-lg-6 col-md-6 col-sm-6 col-xs-12\">\r\n         <p class=\"hidden-xs\">Auszug aus diesem Buch lesen. Zum Vergr\u00f6&szlig;ern hier klicken:<\/p>\r\n         <p class=\"hidden-lg hidden-md hidden-sm visible-xs-block\">Auszug aus diesem Buch lesen:<\/p>\r\n         <div class=\"row mi-galeria-producto\"><a href=\"\/wp-content\/uploads\/sample_CLBOOK_C1_C2_QUIJOTE_ES_DE_ebook_01.jpg\" data-fancybox=\"gallery\" title=\"Auszug\"><img decoding=\"async\" class=\"col-lg-6 col-md-12 col-sm-12 col-xs-12\" id=\"thumb_296\" src=\"\/wp-content\/uploads\/sample_CLBOOK_C1_C2_QUIJOTE_ES_DE_ebook_01.jpg\" alt=\"Auszug\" title=\"Auszug\" itemprop=\"image\" \/><\/a> <a href=\"\/wp-content\/uploads\/sample_CLBOOK_C1_C2_QUIJOTE_ES_DE_ebook_02.jpg\" data-fancybox=\"gallery\" title=\"Auszug\"><img decoding=\"async\" class=\"col-lg-6 col-md-12 col-sm-12 col-xs-12\" id=\"thumb_296\" src=\"\/wp-content\/uploads\/sample_CLBOOK_C1_C2_QUIJOTE_ES_DE_ebook_02.jpg\" alt=\"Auszug\" title=\"Auszug\" itemprop=\"image\" \/><\/a> <a href=\"\/wp-content\/uploads\/sample_CLBOOK_C1_C2_QUIJOTE_ES_DE_ebook_03.jpg\" data-fancybox=\"gallery\" title=\"Auszug\"><img decoding=\"async\" class=\"col-lg-6 col-md-12 col-sm-12 col-xs-12\" id=\"thumb_296\" src=\"\/wp-content\/uploads\/sample_CLBOOK_C1_C2_QUIJOTE_ES_DE_ebook_03.jpg\" alt=\"Auszug\" title=\"Auszug\" itemprop=\"image\" \/><\/a> <a href=\"\/wp-content\/uploads\/sample_CLBOOK_C1_C2_QUIJOTE_ES_DE_ebook_04.jpg\" data-fancybox=\"gallery\" title=\"Auszug\"><img decoding=\"async\" class=\"col-lg-6 col-md-12 col-sm-12 col-xs-12\" id=\"thumb_296\" src=\"\/wp-content\/uploads\/sample_CLBOOK_C1_C2_QUIJOTE_ES_DE_ebook_04.jpg\" alt=\"Auszug\" title=\"Auszug\" itemprop=\"image\" \/><\/a><\/div>\r\n      <\/div>\r\n   <\/div>\r\n   <!-- Campus -->\r\n   <div class=\"row\">\r\n      <div class=\"col-xs-12\">\r\n         <h2>Unbegrenzter Zugang zum Online-Campus:<br \/>\r\n            Online lesen, h\u00f6ren und <span class=\"subrayado-texto-negro-descripcion-producto\">interaktive \u00dcbungen<\/span> machen\r\n         <\/h2>\r\n      <\/div>\r\n   <\/div>\r\n   <div class=\"row\">\r\n      <div class=\"col-md-7 col-sm-12\">\r\n         <p class=\"texto-sobre-imagen-descripcion-producto\">Online-Campus!<\/p>\r\n         <img decoding=\"async\" class=\"img-responsive\" src=\"\/wp-content\/uploads\/spanische-interaktive-uebungen.png\" alt=\"Interactive Spanish exercises\" \/>\r\n      <\/div>\r\n      <div class=\"col-md-5 col-sm-12\">\r\n         <p>Mit dem Kauf unserer spanischen Ebooks <span class=\"subrayado-texto-negro-descripcion-producto\">erh\u00e4lst du Zugang zum Online-Campus<\/span>. Dieser bietet dir Folgendes:<\/p>\r\n         <p><span class=\"pequeno-destaque-descripcion-producto\">Online-Texte + Audio-Player<\/span> <br>Lies auf Wunsch direkt auf unserer Lernplattform, ohne Dateien herunterzuladen. Lerne \u00fcberall \u2013 mit deinem Smartphone!<\/p>\r\n          <p><span class=\"pequeno-destaque-descripcion-producto\">Deine B\u00fccher immer parat<\/span> <br>Du hast f\u00fcr immer Zugriff auf alle deine B\u00fccher.<\/p>\r\n          <p><span class=\"pequeno-destaque-descripcion-producto\">Interaktive \u00dcbungen<\/span> <br>unterhaltsame Spiele zu Wortschatz, Textverstehen und Grammatik, mit denen du dein Spanisch verbesserst.<\/p>\r\n          <p><span class=\"pequeno-destaque-descripcion-producto\">Fortschrittsanzeige<\/span> <br>Anhand der Fortschrittsanzeige am Anfang jedes Buches siehst du, welche Texte du gelesen hast und welcher als n\u00e4chstes dran ist.<\/p>\r\n       <\/div>\r\n    <\/div>\r\n   <!-- Zus\u00e4tzliche Beschreibung -->\r\n    <div class=\"row\">\r\n       <div class=\"col-xs-12\">\r\n          <h2>Spanische Texte + \u00dcbersetzung + Audio + interaktive \u00dcbungen<\/h2>\r\n          <p>Unsere B\u00fccher sind speziell f\u00fcr Spanischlerner konzipiert und an das <strong>jeweilige Niveau<\/strong> angepasst. Alle Vorteile auf einen Blick:<\/p>\r\n          <div class=\"mi-cuadro-importante\">\r\n             <ol>\r\n                <li>Spanisch-deutsche <strong>Paralleltexte<\/strong> &#8211; lerne effektiver<\/li>\r\n                <li>Professionelle <strong>spanische H\u00f6rtexte<\/strong> &#8211; verbessere dein H\u00f6rverstehen<\/li>\r\n                <li>Zugeschnitten auf deine Lernstufe &#8211; die richtige Schwierigkeitsstufe f\u00fcr dich in diesem Moment<\/li>\r\n                <li>Zugang zu <strong>interaktiven \u00dcbungen<\/strong> &#8211; wende das Gelernte sofort an<\/li>\r\n                <li>Geschrieben von Spanischlehrern &#8211;  Spanisch als Fremdsprache ist unser Metier<\/li>\r\n             <\/ol>\r\n          <\/div>\r\n          <p>Dank unserer <strong>Paralleltexte Spanisch-Deutsch<\/strong> lernst du effektiv Spanisch, da du immer einen Blick auf die \u00dcbersetzung werfen kannst. Steigere die Komplexit\u00e4t deiner spanischen Lekt\u00fcre mit unseren <strong>zweisprachigen B\u00fcchern<\/strong>: Von Anf\u00e4nger- \u00fcber Mittelstufen- bis hin zu Fortgeschrittenen-Niveau!<\/p>\r\n       <\/div>\r\n    <\/div>\r\n    <!-- Zus\u00e4tzliche Beschreibung -->\r\n    <div class=\"row\">\r\n       <div class=\"col-xs-12\">\r\n          <h2>Spanisch lernen \u00fcberall<\/h2>\r\n          <p>Dieses zweisprachige Buch Spanisch-Deutsch hast du immer dabei. <strong>Unsere Spanisch-Lerntexte lassen sich auf jedem Ger\u00e4t \u00f6ffnen<\/strong> (PC, Laptop, Mac, iPad, Tablet, Kindle, E-Reader\u2026). Du kann unsere B\u00fccher herunterladen oder online lesen. Mit professionellem Audio zu jedem Text. H\u00f6r und lies gleichzeitig, nacheinander oder h\u00f6r dir nur die Audios an. Ob \u00fcber dein Smartphone, Tablet oder Laptop &#8211; du hast immer Zugriff auf deine B\u00fccher. So ist Spanisch lernen einfach!<\/p>\r\n       <\/div>\r\n    <\/div>\r\n    <!-- Kontakt -->\r\n    <div class=\"row\">\r\n       <div class=\"col-xs-12\">\r\n          <h2>Hast du Fragen? Setz dich mit uns in Verbindung<\/h2>\r\n          <p>Diese Art der <strong>Paralleltexte mit Online-Campus<\/strong> findest ud nur bei ESIDIOMA. Lerne Spanisch mit unserer einzigartigen Sammlung biligualer Geschichten Spanisch-Deutsch. Hast du Fragen? <a href=\"https:\/\/www.esidioma.com\/contact-us\">Schreib uns<\/a>.<\/p>\r\n       <\/div>\r\n    <\/div>\r\n<\/div>","protected":false},"excerpt":{"rendered":"<div class=\"container-fluid\">\r\n   <div class=\"row\">\r\n      <div class=\"col-xs-12\"><!-- este div es la descripcion para Google Shopping--><div hidden=\"\">\r\n            <p>Eine f\u00fcr Spanisch-Lerner adaptierte Fassung von &#8220;Don Quijote&#8221; E-Book + Audio + interaktive \u00fcbungen F\u00fcr Fortgeschrittene (C1-C2)<\/p>\r\n         <\/div><!-- fin de la descripci\u00f3n para Google Shooping--><div class=\"etiquetas-productos\">\r\n            <p><span class=\"ep-nivel C1-C2\">Niveau: C1 &#8211; C2<\/span><span class=\"ep-formato\">E-Book + Audio<\/span><span class=\"ep-formato\">Zugang zum Online-Campus<\/span><span class=\"ep-extras\">106 Seiten<\/span><\/p>\r\n         <\/div>\r\n         <p>Dieses E-Book is eine <strong>adaptierte Fassung<\/strong> des klassischen Romans &#8220;Don Quijote&#8221; f\u00fcr Lernende mit <strong>guten Spanischkenntnissen<\/strong>. Das Buch enth\u00e4lt <strong>H\u00f6rtexte und interaktive \u00dcbungen<\/strong>. So wird Lernen zum Erlebnis!<\/p>\r\n         <p>Du findest in dem Buch <strong>eine Auswahl der Abenteuer von Don Quijote<\/strong> (auch &#8220;Don Quixote&#8221; geschrieben), darunter der bekannte Kampf gegen die Windm\u00fchlen. Wir haben den weltber\u00fchmten Roman von Miguel de Cervantes an das heutige Spanisch angepasst, um ihn verst\u00e4ndlicher und den Lesefluss angenehmer zu machen. Dabei bleiben der Charme und der Humor des Originalwerks erhalten.  <\/p>\r\n         <p>&#8220;Don Quijote und die Windm\u00fchlen&#8221; hilft <strong>fortgeschrittenen Spanischlernern<\/strong>, ihren Wortschatz zu erweitern. Mit dieser leicht zug\u00e4nglichen Fassung kannst du eines der besten Werke der spanischen Literatur unbeschwert genie\u00dfen. <\/p>\r\n[imagenes_tipo_libro]\r\n      <\/div>\r\n   <\/div>\r\n<\/div>","protected":false},"featured_media":5177,"comment_status":"open","ping_status":"closed","template":"","meta":[],"product_brand":[],"product_cat":[78,98,108,101],"product_tag":[],"class_list":{"0":"post-5170","1":"product","2":"type-product","3":"status-publish","4":"has-post-thumbnail","6":"product_cat-buecher-zum-spanischlernen","7":"product_cat-ebooks","8":"product_cat-klassiker","9":"product_cat-spanische-buecher-mit-audio","11":"first","12":"instock","13":"downloadable","14":"virtual","15":"taxable","16":"purchasable","17":"product-type-simple"},"yoast_head":"<!-- This site is optimized with the Yoast SEO plugin v27.4 - https:\/\/yoast.com\/product\/yoast-seo-wordpress\/ -->\n<title>Adaptierte Klassiker auf Spanisch: Don Quijote und die Windm\u00fchlen (Ebook) - Esidioma<\/title>\n<meta name=\"description\" content=\"Adaptation des klassischen Romans &quot;Don Quixote&quot; von Cervantes (E-Book). H\u00f6rbuch, interaktive \u00dcbungen und \u00dcbersetzung. Fortgeschrittene Spanisch-Lerner C1\/C2\" \/>\n<meta name=\"robots\" content=\"index, follow, max-snippet:-1, max-image-preview:large, max-video-preview:-1\" \/>\n<link rel=\"canonical\" href=\"https:\/\/www.esidioma.com\/de\/produkt\/adaptierte-klassiker-auf-spanisch-don-quijote-und-die-windmuehlen-ebook\" \/>\n<meta property=\"og:locale\" content=\"de_DE\" \/>\n<meta property=\"og:type\" content=\"article\" \/>\n<meta property=\"og:title\" content=\"Adaptierte Klassiker auf Spanisch: Don Quijote und die Windm\u00fchlen (Ebook) - Esidioma\" \/>\n<meta property=\"og:description\" content=\"Adaptation des klassischen Romans &quot;Don Quixote&quot; von Cervantes (E-Book). H\u00f6rbuch, interaktive \u00dcbungen und \u00dcbersetzung. Fortgeschrittene Spanisch-Lerner C1\/C2\" \/>\n<meta property=\"og:url\" content=\"https:\/\/www.esidioma.com\/de\/produkt\/adaptierte-klassiker-auf-spanisch-don-quijote-und-die-windmuehlen-ebook\" \/>\n<meta property=\"og:site_name\" content=\"Esidioma\" \/>\n<meta property=\"article:modified_time\" content=\"2026-03-08T09:36:35+00:00\" \/>\n<meta property=\"og:image\" content=\"https:\/\/www.esidioma.com\/wp-content\/uploads\/CLBOOK_C1_C2_QUIJOTE_ES_DE.jpg\" \/>\n\t<meta property=\"og:image:width\" content=\"1194\" \/>\n\t<meta property=\"og:image:height\" content=\"1194\" \/>\n\t<meta property=\"og:image:type\" content=\"image\/jpeg\" \/>\n<meta name=\"twitter:card\" content=\"summary_large_image\" \/>\n<meta name=\"twitter:label1\" content=\"Gesch\u00e4tzte Lesezeit\" \/>\n\t<meta name=\"twitter:data1\" content=\"3\u00a0Minuten\" \/>\n<script type=\"application\/ld+json\" class=\"yoast-schema-graph\">{\"@context\":\"https:\\\/\\\/schema.org\",\"@graph\":[{\"@type\":\"WebPage\",\"@id\":\"https:\\\/\\\/www.esidioma.com\\\/de\\\/produkt\\\/adaptierte-klassiker-auf-spanisch-don-quijote-und-die-windmuehlen-ebook\",\"url\":\"https:\\\/\\\/www.esidioma.com\\\/de\\\/produkt\\\/adaptierte-klassiker-auf-spanisch-don-quijote-und-die-windmuehlen-ebook\",\"name\":\"Adaptierte Klassiker auf Spanisch: Don Quijote und die Windm\u00fchlen (Ebook) - Esidioma\",\"isPartOf\":{\"@id\":\"https:\\\/\\\/www.esidioma.com\\\/de#website\"},\"primaryImageOfPage\":{\"@id\":\"https:\\\/\\\/www.esidioma.com\\\/de\\\/produkt\\\/adaptierte-klassiker-auf-spanisch-don-quijote-und-die-windmuehlen-ebook#primaryimage\"},\"image\":{\"@id\":\"https:\\\/\\\/www.esidioma.com\\\/de\\\/produkt\\\/adaptierte-klassiker-auf-spanisch-don-quijote-und-die-windmuehlen-ebook#primaryimage\"},\"thumbnailUrl\":\"https:\\\/\\\/www.esidioma.com\\\/wp-content\\\/uploads\\\/CLBOOK_C1_C2_QUIJOTE_ES_DE.jpg\",\"datePublished\":\"2023-02-15T12:11:47+00:00\",\"dateModified\":\"2026-03-08T09:36:35+00:00\",\"description\":\"Adaptation des klassischen Romans \\\"Don Quixote\\\" von Cervantes (E-Book). H\u00f6rbuch, interaktive \u00dcbungen und \u00dcbersetzung. Fortgeschrittene Spanisch-Lerner C1\\\/C2\",\"breadcrumb\":{\"@id\":\"https:\\\/\\\/www.esidioma.com\\\/de\\\/produkt\\\/adaptierte-klassiker-auf-spanisch-don-quijote-und-die-windmuehlen-ebook#breadcrumb\"},\"inLanguage\":\"de\",\"potentialAction\":[{\"@type\":\"ReadAction\",\"target\":[\"https:\\\/\\\/www.esidioma.com\\\/de\\\/produkt\\\/adaptierte-klassiker-auf-spanisch-don-quijote-und-die-windmuehlen-ebook\"]}]},{\"@type\":\"ImageObject\",\"inLanguage\":\"de\",\"@id\":\"https:\\\/\\\/www.esidioma.com\\\/de\\\/produkt\\\/adaptierte-klassiker-auf-spanisch-don-quijote-und-die-windmuehlen-ebook#primaryimage\",\"url\":\"https:\\\/\\\/www.esidioma.com\\\/wp-content\\\/uploads\\\/CLBOOK_C1_C2_QUIJOTE_ES_DE.jpg\",\"contentUrl\":\"https:\\\/\\\/www.esidioma.com\\\/wp-content\\\/uploads\\\/CLBOOK_C1_C2_QUIJOTE_ES_DE.jpg\",\"width\":1194,\"height\":1194,\"caption\":\"Don Quixote\"},{\"@type\":\"BreadcrumbList\",\"@id\":\"https:\\\/\\\/www.esidioma.com\\\/de\\\/produkt\\\/adaptierte-klassiker-auf-spanisch-don-quijote-und-die-windmuehlen-ebook#breadcrumb\",\"itemListElement\":[{\"@type\":\"ListItem\",\"position\":1,\"name\":\"Home\",\"item\":\"https:\\\/\\\/www.esidioma.com\\\/de\"},{\"@type\":\"ListItem\",\"position\":2,\"name\":\"Shop\",\"item\":\"https:\\\/\\\/www.esidioma.com\\\/shop\"},{\"@type\":\"ListItem\",\"position\":3,\"name\":\"Adaptierte Klassiker auf Spanisch: Don Quijote und die Windm\u00fchlen (Ebook)\"}]},{\"@type\":\"WebSite\",\"@id\":\"https:\\\/\\\/www.esidioma.com\\\/de#website\",\"url\":\"https:\\\/\\\/www.esidioma.com\\\/de\",\"name\":\"Esidioma\",\"description\":\"Learn Spanish with us\",\"potentialAction\":[{\"@type\":\"SearchAction\",\"target\":{\"@type\":\"EntryPoint\",\"urlTemplate\":\"https:\\\/\\\/www.esidioma.com\\\/de?s={search_term_string}\"},\"query-input\":{\"@type\":\"PropertyValueSpecification\",\"valueRequired\":true,\"valueName\":\"search_term_string\"}}],\"inLanguage\":\"de\"}]}<\/script>\n<!-- \/ Yoast SEO plugin. -->","yoast_head_json":{"title":"Adaptierte Klassiker auf Spanisch: Don Quijote und die Windm\u00fchlen (Ebook) - Esidioma","description":"Adaptation des klassischen Romans \"Don Quixote\" von Cervantes (E-Book). H\u00f6rbuch, interaktive \u00dcbungen und \u00dcbersetzung. Fortgeschrittene Spanisch-Lerner C1\/C2","robots":{"index":"index","follow":"follow","max-snippet":"max-snippet:-1","max-image-preview":"max-image-preview:large","max-video-preview":"max-video-preview:-1"},"canonical":"https:\/\/www.esidioma.com\/de\/produkt\/adaptierte-klassiker-auf-spanisch-don-quijote-und-die-windmuehlen-ebook","og_locale":"de_DE","og_type":"article","og_title":"Adaptierte Klassiker auf Spanisch: Don Quijote und die Windm\u00fchlen (Ebook) - Esidioma","og_description":"Adaptation des klassischen Romans \"Don Quixote\" von Cervantes (E-Book). H\u00f6rbuch, interaktive \u00dcbungen und \u00dcbersetzung. Fortgeschrittene Spanisch-Lerner C1\/C2","og_url":"https:\/\/www.esidioma.com\/de\/produkt\/adaptierte-klassiker-auf-spanisch-don-quijote-und-die-windmuehlen-ebook","og_site_name":"Esidioma","article_modified_time":"2026-03-08T09:36:35+00:00","og_image":[{"width":1194,"height":1194,"url":"https:\/\/www.esidioma.com\/wp-content\/uploads\/CLBOOK_C1_C2_QUIJOTE_ES_DE.jpg","type":"image\/jpeg"}],"twitter_card":"summary_large_image","twitter_misc":{"Gesch\u00e4tzte Lesezeit":"3\u00a0Minuten"},"schema":{"@context":"https:\/\/schema.org","@graph":[{"@type":"WebPage","@id":"https:\/\/www.esidioma.com\/de\/produkt\/adaptierte-klassiker-auf-spanisch-don-quijote-und-die-windmuehlen-ebook","url":"https:\/\/www.esidioma.com\/de\/produkt\/adaptierte-klassiker-auf-spanisch-don-quijote-und-die-windmuehlen-ebook","name":"Adaptierte Klassiker auf Spanisch: Don Quijote und die Windm\u00fchlen (Ebook) - Esidioma","isPartOf":{"@id":"https:\/\/www.esidioma.com\/de#website"},"primaryImageOfPage":{"@id":"https:\/\/www.esidioma.com\/de\/produkt\/adaptierte-klassiker-auf-spanisch-don-quijote-und-die-windmuehlen-ebook#primaryimage"},"image":{"@id":"https:\/\/www.esidioma.com\/de\/produkt\/adaptierte-klassiker-auf-spanisch-don-quijote-und-die-windmuehlen-ebook#primaryimage"},"thumbnailUrl":"https:\/\/www.esidioma.com\/wp-content\/uploads\/CLBOOK_C1_C2_QUIJOTE_ES_DE.jpg","datePublished":"2023-02-15T12:11:47+00:00","dateModified":"2026-03-08T09:36:35+00:00","description":"Adaptation des klassischen Romans \"Don Quixote\" von Cervantes (E-Book). H\u00f6rbuch, interaktive \u00dcbungen und \u00dcbersetzung. Fortgeschrittene Spanisch-Lerner C1\/C2","breadcrumb":{"@id":"https:\/\/www.esidioma.com\/de\/produkt\/adaptierte-klassiker-auf-spanisch-don-quijote-und-die-windmuehlen-ebook#breadcrumb"},"inLanguage":"de","potentialAction":[{"@type":"ReadAction","target":["https:\/\/www.esidioma.com\/de\/produkt\/adaptierte-klassiker-auf-spanisch-don-quijote-und-die-windmuehlen-ebook"]}]},{"@type":"ImageObject","inLanguage":"de","@id":"https:\/\/www.esidioma.com\/de\/produkt\/adaptierte-klassiker-auf-spanisch-don-quijote-und-die-windmuehlen-ebook#primaryimage","url":"https:\/\/www.esidioma.com\/wp-content\/uploads\/CLBOOK_C1_C2_QUIJOTE_ES_DE.jpg","contentUrl":"https:\/\/www.esidioma.com\/wp-content\/uploads\/CLBOOK_C1_C2_QUIJOTE_ES_DE.jpg","width":1194,"height":1194,"caption":"Don Quixote"},{"@type":"BreadcrumbList","@id":"https:\/\/www.esidioma.com\/de\/produkt\/adaptierte-klassiker-auf-spanisch-don-quijote-und-die-windmuehlen-ebook#breadcrumb","itemListElement":[{"@type":"ListItem","position":1,"name":"Home","item":"https:\/\/www.esidioma.com\/de"},{"@type":"ListItem","position":2,"name":"Shop","item":"https:\/\/www.esidioma.com\/shop"},{"@type":"ListItem","position":3,"name":"Adaptierte Klassiker auf Spanisch: Don Quijote und die Windm\u00fchlen (Ebook)"}]},{"@type":"WebSite","@id":"https:\/\/www.esidioma.com\/de#website","url":"https:\/\/www.esidioma.com\/de","name":"Esidioma","description":"Learn Spanish with us","potentialAction":[{"@type":"SearchAction","target":{"@type":"EntryPoint","urlTemplate":"https:\/\/www.esidioma.com\/de?s={search_term_string}"},"query-input":{"@type":"PropertyValueSpecification","valueRequired":true,"valueName":"search_term_string"}}],"inLanguage":"de"}]}},"jetpack_sharing_enabled":true,"_links":{"self":[{"href":"https:\/\/www.esidioma.com\/de\/wp-json\/wp\/v2\/product\/5170","targetHints":{"allow":["GET"]}}],"collection":[{"href":"https:\/\/www.esidioma.com\/de\/wp-json\/wp\/v2\/product"}],"about":[{"href":"https:\/\/www.esidioma.com\/de\/wp-json\/wp\/v2\/types\/product"}],"replies":[{"embeddable":true,"href":"https:\/\/www.esidioma.com\/de\/wp-json\/wp\/v2\/comments?post=5170"}],"wp:featuredmedia":[{"embeddable":true,"href":"https:\/\/www.esidioma.com\/de\/wp-json\/wp\/v2\/media\/5177"}],"wp:attachment":[{"href":"https:\/\/www.esidioma.com\/de\/wp-json\/wp\/v2\/media?parent=5170"}],"wp:term":[{"taxonomy":"product_brand","embeddable":true,"href":"https:\/\/www.esidioma.com\/de\/wp-json\/wp\/v2\/product_brand?post=5170"},{"taxonomy":"product_cat","embeddable":true,"href":"https:\/\/www.esidioma.com\/de\/wp-json\/wp\/v2\/product_cat?post=5170"},{"taxonomy":"product_tag","embeddable":true,"href":"https:\/\/www.esidioma.com\/de\/wp-json\/wp\/v2\/product_tag?post=5170"}],"curies":[{"name":"wp","href":"https:\/\/api.w.org\/{rel}","templated":true}]}}