{"id":8810,"date":"2023-05-10T14:47:11","date_gmt":"2023-05-10T12:47:11","guid":{"rendered":"https:\/\/www.esidioma.com\/?post_type=product&#038;p=8810"},"modified":"2026-04-25T10:43:18","modified_gmt":"2026-04-25T08:43:18","slug":"50-spanische-dialoge-fuer-touristen-b1-b2-ebook","status":"publish","type":"product","link":"https:\/\/www.esidioma.com\/de\/produkt\/50-spanische-dialoge-fuer-touristen-b1-b2-ebook","title":{"rendered":"50 spanische Dialoge f\u00fcr Touristen: Niveau B1-B2 (Ebook)"},"content":{"rendered":"<div class=\"container-fluid\">\r\n   <div class=\"row\">\r\n      <div class=\"col-xs-12\">\r\n         <h2>Lerne das Buch kennen! Hier kannst du einen Auszug aus diesem Buch lesen und h\u00f6ren.<\/h2>\r\n      <\/div>\r\n   <\/div>\r\n   <div class=\"row\">\r\n      <div class=\"col-lg-6 col-md-6 col-sm-6 col-xs-12\">\r\n         <p>Auszug aus diesem Buch h\u00f6ren.<\/p>\r\n         <p>\r\n           <audio style=\"color: #95b9c7;\" controls=\"controls\">\r\n               <source src=\"\/wp-content\/uploads\/sample_DBOOK_B1_B2_TURISTAS_01_a.mp3\" type=\"audio\/mpeg\">\r\n               unterst\u00fctzt das Audioelement nicht.\r\n            <\/audio>\r\n            <audio style=\"color: #95b9c7;\" controls=\"controls\">\r\n               <source src=\"\/wp-content\/uploads\/sample_DBOOK_B1_B2_TURISTAS_01_b.mp3\" type=\"audio\/mpeg\">\r\n               unterst\u00fctzt das Audioelement nicht.\r\n            <\/audio>\r\n            <audio style=\"color: #95b9c7;\" controls=\"controls\">\r\n               <source src=\"\/wp-content\/uploads\/sample_DBOOK_B1_B2_TURISTAS_01_c.mp3\" type=\"audio\/mpeg\">\r\n               unterst\u00fctzt das Audioelement nicht.\r\n            <\/audio>\r\n         <\/p>\r\n      <\/div>\r\n\t\t  <div class=\"col-lg-6 col-md-6 col-sm-6 col-xs-12\">\r\n\t\t\t <p class=\"hidden-xs\">Auszug aus diesem Buch lesen. Zum Vergr\u00f6\u00dfern hier klicken:<\/p>\r\n\t\t\t <p class=\"hidden-lg hidden-md hidden-sm visible-xs-block\">Auszug aus diesem Buch lesen:<\/p>\r\n\t\t\t <div class=\"row mi-galeria-producto\"><a href=\"\/wp-content\/uploads\/sample_DBOOK_B1_B2_TURISTAS_01_ES_DE_ebook_01.jpg\" data-fancybox=\"gallery\" title=\"Auszug\"><img decoding=\"async\" class=\"col-lg-6 col-md-12 col-sm-12 col-xs-12\" id=\"thumb_296\" src=\"\/wp-content\/uploads\/sample_DBOOK_B1_B2_TURISTAS_01_ES_DE_ebook_01.jpg\" alt=\"Auszug\" title=\"Auszug\" itemprop=\"image\" \/><\/a> <a href=\"\/wp-content\/uploads\/sample_DBOOK_B1_B2_TURISTAS_01_ES_DE_ebook_02.jpg\" data-fancybox=\"gallery\" title=\"Auszug\"><img decoding=\"async\" class=\"col-lg-6 col-md-12 col-sm-12 col-xs-12\" id=\"thumb_296\" src=\"\/wp-content\/uploads\/sample_DBOOK_B1_B2_TURISTAS_01_ES_DE_ebook_02.jpg\" alt=\"Auszug\" title=\"Auszug\" itemprop=\"image\" \/><\/a> <a href=\"\/wp-content\/uploads\/sample_DBOOK_B1_B2_TURISTAS_01_ES_DE_ebook_03.jpg\" data-fancybox=\"gallery\" title=\"Auszug\"><img decoding=\"async\" class=\"col-lg-6 col-md-12 col-sm-12 col-xs-12\" id=\"thumb_296\" src=\"\/wp-content\/uploads\/sample_DBOOK_B1_B2_TURISTAS_01_ES_DE_ebook_03.jpg\" alt=\"Auszug\" title=\"Auszug\" itemprop=\"image\" \/><\/a> <a href=\"\/wp-content\/uploads\/sample_DBOOK_B1_B2_TURISTAS_01_ES_DE_ebook_04.jpg\" data-fancybox=\"gallery\" title=\"Auszug\"><img decoding=\"async\" class=\"col-lg-6 col-md-12 col-sm-12 col-xs-12\" id=\"thumb_296\" src=\"\/wp-content\/uploads\/sample_DBOOK_B1_B2_TURISTAS_01_ES_DE_ebook_04.jpg\" alt=\"Auszug\" title=\"Auszug\" itemprop=\"image\" \/><\/a><\/div>\r\n      <\/div>\r\n   <\/div>\r\n   <!-- Campus -->\r\n   <div class=\"row\">\r\n      <div class=\"col-xs-12\">\r\n         <h2>Unbegrenzter Zugang zum Online-Campus:<br \/>\r\n            Online lesen, h\u00f6ren und <span class=\"subrayado-texto-negro-descripcion-producto\">interaktive \u00dcbungen<\/span> machen\r\n         <\/h2>\r\n      <\/div>\r\n   <\/div>\r\n   <div class=\"row\">\r\n      <div class=\"col-md-7 col-sm-12\">\r\n         <p class=\"texto-sobre-imagen-descripcion-producto\">Online-Campus!<\/p>\r\n         <img decoding=\"async\" class=\"img-responsive\" src=\"\/wp-content\/uploads\/spanische-interaktive-uebungen.png\" alt=\"Interactive Spanish exercises\" \/>\r\n      <\/div>\r\n      <div class=\"col-md-5 col-sm-12\">\r\n         <p>Mit dem Kauf unserer spanischen Ebooks <span class=\"subrayado-texto-negro-descripcion-producto\">erh\u00e4lst du Zugang zum Online-Campus<\/span>. Dieser bietet dir Folgendes:<\/p>\r\n         <p><span class=\"pequeno-destaque-descripcion-producto\">Online-Texte + Audio-Player<\/span> <br>Lies auf Wunsch direkt auf unserer Lernplattform, ohne Dateien herunterzuladen. Lerne \u00fcberall \u2013 mit deinem Smartphone!<\/p>\r\n          <p><span class=\"pequeno-destaque-descripcion-producto\">Deine B\u00fccher immer parat<\/span> <br>Du hast f\u00fcr immer Zugriff auf alle deine B\u00fccher.<\/p>\r\n          <p><span class=\"pequeno-destaque-descripcion-producto\">Interaktive \u00dcbungen<\/span> <br>unterhaltsame Spiele zu Wortschatz, Textverstehen und Grammatik, mit denen du dein Spanisch verbesserst.<\/p>\r\n          <p><span class=\"pequeno-destaque-descripcion-producto\">Fortschrittsanzeige<\/span> <br>Anhand der Fortschrittsanzeige am Anfang jedes Buches siehst du, welche Texte du gelesen hast und welcher als n\u00e4chstes dran ist.<\/p>\r\n       <\/div>\r\n    <\/div>\r\n   <!-- Zus\u00e4tzliche Beschreibung -->\r\n    <div class=\"row\">\r\n       <div class=\"col-xs-12\">\r\n          <h2>Spanische Texte + \u00dcbersetzung + Audio + interaktive \u00dcbungen<\/h2>\r\n          <p>Unsere B\u00fccher sind speziell f\u00fcr Spanischlerner konzipiert und an das <strong>jeweilige Niveau<\/strong> angepasst. Alle Vorteile auf einen Blick:<\/p>\r\n          <div class=\"mi-cuadro-importante\">\r\n             <ol>\r\n                <li>Spanisch-deutsche <strong>Paralleltexte<\/strong> &#8211; lerne effektiver<\/li>\r\n                <li>Professionelle <strong>spanische H\u00f6rtexte<\/strong> &#8211; verbessere dein H\u00f6rverstehen<\/li>\r\n                <li>Zugeschnitten auf deine Lernstufe &#8211; die richtige Schwierigkeitsstufe f\u00fcr dich in diesem Moment<\/li>\r\n                <li>Zugang zu <strong>interaktiven \u00dcbungen<\/strong> &#8211; wende das Gelernte sofort an<\/li>\r\n                <li>Geschrieben von Spanischlehrern &#8211;  Spanisch als Fremdsprache ist unser Metier<\/li>\r\n             <\/ol>\r\n          <\/div>\r\n          <p>Dank unserer <strong>Paralleltexte Spanisch-Deutsch<\/strong> lernst du effektiv Spanisch, da du immer einen Blick auf die \u00dcbersetzung werfen kannst. Steigere die Komplexit\u00e4t deiner spanischen Lekt\u00fcre mit unseren <strong>zweisprachigen B\u00fcchern<\/strong>: Von Anf\u00e4nger- \u00fcber Mittelstufen- bis hin zu Fortgeschrittenen-Niveau!<\/p>\r\n       <\/div>\r\n    <\/div>\r\n    <!-- Zus\u00e4tzliche Beschreibung -->\r\n    <div class=\"row\">\r\n       <div class=\"col-xs-12\">\r\n          <h2>Spanisch lernen \u00fcberall<\/h2>\r\n          <p>Dieses zweisprachige Buch Spanisch-Deutsch hast du immer dabei. <strong>Unsere Spanisch-Lerntexte lassen sich auf jedem Ger\u00e4t \u00f6ffnen<\/strong> (PC, Laptop, Mac, iPad, Tablet, Kindle, E-Reader\u2026). Du kann unsere B\u00fccher herunterladen oder online lesen. Mit professionellem Audio zu jedem Text. H\u00f6r und lies gleichzeitig, nacheinander oder h\u00f6r dir nur die Audios an. Ob \u00fcber dein Smartphone, Tablet oder Laptop &#8211; du hast immer Zugriff auf deine B\u00fccher. So ist Spanisch lernen einfach!<\/p>\r\n       <\/div>\r\n    <\/div>\r\n    <!-- Kontakt -->\r\n    <div class=\"row\">\r\n       <div class=\"col-xs-12\">\r\n          <h2>Hast du Fragen? Setz dich mit uns in Verbindung<\/h2>\r\n          <p>Diese Art der <strong>Paralleltexte mit Online-Campus<\/strong> findest ud nur bei ESIDIOMA. Lerne Spanisch mit unserer einzigartigen Sammlung biligualer Geschichten Spanisch-Deutsch. Hast du Fragen? <a href=\"https:\/\/www.esidioma.com\/contact-us\">Schreib uns<\/a>.<\/p>\r\n       <\/div>\r\n    <\/div>\r\n<\/div>","protected":false},"excerpt":{"rendered":"<div class=\"container-fluid\">\r\n   <div class=\"row\">\r\n      <div class=\"col-xs-12\"><!-- este div es la descripcion para Google Shopping--><div hidden=\"\">\r\n            <p>Dieses Buch ist in einfachem Spanisch geschrieben. Mit deutscher \u00dcbersetzung, H\u00f6rtexten und interaktiven \u00dcbungen. F\u00fcr Anf\u00e4nger mit Vorkenntnissen und Lerner der Mittelstufe geeignet (A1,A2, B1, B2) Lerne neuen Wortschatz<\/p>\r\n         <\/div><!-- fin de la descripci\u00f3n para Google Shooping--><div class=\"etiquetas-productos\">\r\n            <p><span class=\"ep-nivel B1-B2\">Niveau: Mittelstufe <\/span><span class=\"ep-formato\">E-Book + Audio<\/span><span class=\"ep-formato\">Zugang zum Online-Campus<\/span><span class=\"ep-extras\">90 Seiten<\/span><\/p>\r\n         <\/div>\r\n<p>Ein unterhaltsames Buch f\u00fcr Lerner der Mittelstufe, die ihren Spanischwortschatz erweitern wollen.  Es enth\u00e4lt <strong>50 humorvolle Dialoge<\/strong> in typischen Situationen im Urlaub oder bei l\u00e4ngeren Auslandsaufenthalten, wie bspw. <strong>Essen bestellen, einkaufen, nach dem Weg fragen<\/strong>. Wie in allen unseren B\u00fcchern findest du auch hier die deutsche \u00dcbersetzung, professionelle Aufnahmen von Muttersprachlern sowie <strong>interaktive \u00dcbungen<\/strong>. Praktisch und witzig: &#8220;50 spanische Dialoge f\u00fcr Touristen&#8221; ist der perfekte Begleiter f\u00fcr dein n\u00e4chstes Abenteuer!<\/p>\r\n         <ol>\r\n<li>Am Flughafen<\/li>\r\n<li>Im Hotel<\/li>\r\n<li>Wie komme ich zu&#8230;?<\/li>\r\n<li>Im Restaurant<\/li>\r\n<li>Museen und Veranstaltungen<\/li>\r\n<li>Im Laden<\/li>\r\n<li>Hilfe!<\/li>\r\n         <\/ol>\r\n[imagenes_tipo_libro]\r\n      <\/div>\r\n   <\/div>\r\n<\/div>","protected":false},"featured_media":8863,"comment_status":"open","ping_status":"closed","template":"","meta":[],"product_brand":[],"product_cat":[78,121,98,101],"product_tag":[],"class_list":{"0":"post-8810","1":"product","2":"type-product","3":"status-publish","4":"has-post-thumbnail","6":"product_cat-buecher-zum-spanischlernen","7":"product_cat-dialoge","8":"product_cat-ebooks","9":"product_cat-spanische-buecher-mit-audio","11":"first","12":"instock","13":"downloadable","14":"virtual","15":"taxable","16":"purchasable","17":"product-type-simple"},"yoast_head":"<!-- This site is optimized with the Yoast SEO plugin v27.5 - https:\/\/yoast.com\/product\/yoast-seo-wordpress\/ -->\n<title>50 spanische Dialoge f\u00fcr Touristen: Niveau B1-B2 (Ebook) - Esidioma<\/title>\n<meta name=\"description\" content=\"50 humorvolle Dialoge f\u00fcr Touristen (Ebook) F\u00fcr Urlaub oder Auslandsaufenthalt: bestellen, einkaufen, nach dem Weg fragen. Mit Audio und \u00dcbungen\" \/>\n<meta name=\"robots\" content=\"index, follow, max-snippet:-1, max-image-preview:large, max-video-preview:-1\" \/>\n<link rel=\"canonical\" href=\"https:\/\/www.esidioma.com\/de\/produkt\/50-spanische-dialoge-fuer-touristen-b1-b2-ebook\" \/>\n<meta property=\"og:locale\" content=\"de_DE\" \/>\n<meta property=\"og:type\" content=\"article\" \/>\n<meta property=\"og:title\" content=\"50 spanische Dialoge f\u00fcr Touristen: Niveau B1-B2 (Ebook) - Esidioma\" \/>\n<meta property=\"og:description\" content=\"50 humorvolle Dialoge f\u00fcr Touristen (Ebook) F\u00fcr Urlaub oder Auslandsaufenthalt: bestellen, einkaufen, nach dem Weg fragen. Mit Audio und \u00dcbungen\" \/>\n<meta property=\"og:url\" content=\"https:\/\/www.esidioma.com\/de\/produkt\/50-spanische-dialoge-fuer-touristen-b1-b2-ebook\" \/>\n<meta property=\"og:site_name\" content=\"Esidioma\" \/>\n<meta property=\"article:modified_time\" content=\"2026-04-25T08:43:18+00:00\" \/>\n<meta property=\"og:image\" content=\"https:\/\/www.esidioma.com\/wp-content\/uploads\/DBOOK_B1_B2_TURISTAS_01_ES_DE_ebook.jpg\" \/>\n\t<meta property=\"og:image:width\" content=\"1194\" \/>\n\t<meta property=\"og:image:height\" content=\"1194\" \/>\n\t<meta property=\"og:image:type\" content=\"image\/jpeg\" \/>\n<meta name=\"twitter:card\" content=\"summary_large_image\" \/>\n<meta name=\"twitter:label1\" content=\"Gesch\u00e4tzte Lesezeit\" \/>\n\t<meta name=\"twitter:data1\" content=\"3\u00a0Minuten\" \/>\n<script type=\"application\/ld+json\" class=\"yoast-schema-graph\">{\"@context\":\"https:\\\/\\\/schema.org\",\"@graph\":[{\"@type\":\"WebPage\",\"@id\":\"https:\\\/\\\/www.esidioma.com\\\/de\\\/produkt\\\/50-spanische-dialoge-fuer-touristen-b1-b2-ebook\",\"url\":\"https:\\\/\\\/www.esidioma.com\\\/de\\\/produkt\\\/50-spanische-dialoge-fuer-touristen-b1-b2-ebook\",\"name\":\"50 spanische Dialoge f\u00fcr Touristen: Niveau B1-B2 (Ebook) - Esidioma\",\"isPartOf\":{\"@id\":\"https:\\\/\\\/www.esidioma.com\\\/de#website\"},\"primaryImageOfPage\":{\"@id\":\"https:\\\/\\\/www.esidioma.com\\\/de\\\/produkt\\\/50-spanische-dialoge-fuer-touristen-b1-b2-ebook#primaryimage\"},\"image\":{\"@id\":\"https:\\\/\\\/www.esidioma.com\\\/de\\\/produkt\\\/50-spanische-dialoge-fuer-touristen-b1-b2-ebook#primaryimage\"},\"thumbnailUrl\":\"https:\\\/\\\/www.esidioma.com\\\/wp-content\\\/uploads\\\/DBOOK_B1_B2_TURISTAS_01_ES_DE_ebook.jpg\",\"datePublished\":\"2023-05-10T12:47:11+00:00\",\"dateModified\":\"2026-04-25T08:43:18+00:00\",\"description\":\"50 humorvolle Dialoge f\u00fcr Touristen (Ebook) F\u00fcr Urlaub oder Auslandsaufenthalt: bestellen, einkaufen, nach dem Weg fragen. Mit Audio und \u00dcbungen\",\"breadcrumb\":{\"@id\":\"https:\\\/\\\/www.esidioma.com\\\/de\\\/produkt\\\/50-spanische-dialoge-fuer-touristen-b1-b2-ebook#breadcrumb\"},\"inLanguage\":\"de\",\"potentialAction\":[{\"@type\":\"ReadAction\",\"target\":[\"https:\\\/\\\/www.esidioma.com\\\/de\\\/produkt\\\/50-spanische-dialoge-fuer-touristen-b1-b2-ebook\"]}]},{\"@type\":\"ImageObject\",\"inLanguage\":\"de\",\"@id\":\"https:\\\/\\\/www.esidioma.com\\\/de\\\/produkt\\\/50-spanische-dialoge-fuer-touristen-b1-b2-ebook#primaryimage\",\"url\":\"https:\\\/\\\/www.esidioma.com\\\/wp-content\\\/uploads\\\/DBOOK_B1_B2_TURISTAS_01_ES_DE_ebook.jpg\",\"contentUrl\":\"https:\\\/\\\/www.esidioma.com\\\/wp-content\\\/uploads\\\/DBOOK_B1_B2_TURISTAS_01_ES_DE_ebook.jpg\",\"width\":1194,\"height\":1194,\"caption\":\"Spanisch f\u00fcr Touristen\"},{\"@type\":\"BreadcrumbList\",\"@id\":\"https:\\\/\\\/www.esidioma.com\\\/de\\\/produkt\\\/50-spanische-dialoge-fuer-touristen-b1-b2-ebook#breadcrumb\",\"itemListElement\":[{\"@type\":\"ListItem\",\"position\":1,\"name\":\"Home\",\"item\":\"https:\\\/\\\/www.esidioma.com\\\/de\"},{\"@type\":\"ListItem\",\"position\":2,\"name\":\"Shop\",\"item\":\"https:\\\/\\\/www.esidioma.com\\\/shop\"},{\"@type\":\"ListItem\",\"position\":3,\"name\":\"50 spanische Dialoge f\u00fcr Touristen: Niveau B1-B2 (Ebook)\"}]},{\"@type\":\"WebSite\",\"@id\":\"https:\\\/\\\/www.esidioma.com\\\/de#website\",\"url\":\"https:\\\/\\\/www.esidioma.com\\\/de\",\"name\":\"Esidioma\",\"description\":\"Learn Spanish with us\",\"potentialAction\":[{\"@type\":\"SearchAction\",\"target\":{\"@type\":\"EntryPoint\",\"urlTemplate\":\"https:\\\/\\\/www.esidioma.com\\\/de?s={search_term_string}\"},\"query-input\":{\"@type\":\"PropertyValueSpecification\",\"valueRequired\":true,\"valueName\":\"search_term_string\"}}],\"inLanguage\":\"de\"}]}<\/script>\n<!-- \/ Yoast SEO plugin. -->","yoast_head_json":{"title":"50 spanische Dialoge f\u00fcr Touristen: Niveau B1-B2 (Ebook) - Esidioma","description":"50 humorvolle Dialoge f\u00fcr Touristen (Ebook) F\u00fcr Urlaub oder Auslandsaufenthalt: bestellen, einkaufen, nach dem Weg fragen. Mit Audio und \u00dcbungen","robots":{"index":"index","follow":"follow","max-snippet":"max-snippet:-1","max-image-preview":"max-image-preview:large","max-video-preview":"max-video-preview:-1"},"canonical":"https:\/\/www.esidioma.com\/de\/produkt\/50-spanische-dialoge-fuer-touristen-b1-b2-ebook","og_locale":"de_DE","og_type":"article","og_title":"50 spanische Dialoge f\u00fcr Touristen: Niveau B1-B2 (Ebook) - Esidioma","og_description":"50 humorvolle Dialoge f\u00fcr Touristen (Ebook) F\u00fcr Urlaub oder Auslandsaufenthalt: bestellen, einkaufen, nach dem Weg fragen. Mit Audio und \u00dcbungen","og_url":"https:\/\/www.esidioma.com\/de\/produkt\/50-spanische-dialoge-fuer-touristen-b1-b2-ebook","og_site_name":"Esidioma","article_modified_time":"2026-04-25T08:43:18+00:00","og_image":[{"width":1194,"height":1194,"url":"https:\/\/www.esidioma.com\/wp-content\/uploads\/DBOOK_B1_B2_TURISTAS_01_ES_DE_ebook.jpg","type":"image\/jpeg"}],"twitter_card":"summary_large_image","twitter_misc":{"Gesch\u00e4tzte Lesezeit":"3\u00a0Minuten"},"schema":{"@context":"https:\/\/schema.org","@graph":[{"@type":"WebPage","@id":"https:\/\/www.esidioma.com\/de\/produkt\/50-spanische-dialoge-fuer-touristen-b1-b2-ebook","url":"https:\/\/www.esidioma.com\/de\/produkt\/50-spanische-dialoge-fuer-touristen-b1-b2-ebook","name":"50 spanische Dialoge f\u00fcr Touristen: Niveau B1-B2 (Ebook) - Esidioma","isPartOf":{"@id":"https:\/\/www.esidioma.com\/de#website"},"primaryImageOfPage":{"@id":"https:\/\/www.esidioma.com\/de\/produkt\/50-spanische-dialoge-fuer-touristen-b1-b2-ebook#primaryimage"},"image":{"@id":"https:\/\/www.esidioma.com\/de\/produkt\/50-spanische-dialoge-fuer-touristen-b1-b2-ebook#primaryimage"},"thumbnailUrl":"https:\/\/www.esidioma.com\/wp-content\/uploads\/DBOOK_B1_B2_TURISTAS_01_ES_DE_ebook.jpg","datePublished":"2023-05-10T12:47:11+00:00","dateModified":"2026-04-25T08:43:18+00:00","description":"50 humorvolle Dialoge f\u00fcr Touristen (Ebook) F\u00fcr Urlaub oder Auslandsaufenthalt: bestellen, einkaufen, nach dem Weg fragen. Mit Audio und \u00dcbungen","breadcrumb":{"@id":"https:\/\/www.esidioma.com\/de\/produkt\/50-spanische-dialoge-fuer-touristen-b1-b2-ebook#breadcrumb"},"inLanguage":"de","potentialAction":[{"@type":"ReadAction","target":["https:\/\/www.esidioma.com\/de\/produkt\/50-spanische-dialoge-fuer-touristen-b1-b2-ebook"]}]},{"@type":"ImageObject","inLanguage":"de","@id":"https:\/\/www.esidioma.com\/de\/produkt\/50-spanische-dialoge-fuer-touristen-b1-b2-ebook#primaryimage","url":"https:\/\/www.esidioma.com\/wp-content\/uploads\/DBOOK_B1_B2_TURISTAS_01_ES_DE_ebook.jpg","contentUrl":"https:\/\/www.esidioma.com\/wp-content\/uploads\/DBOOK_B1_B2_TURISTAS_01_ES_DE_ebook.jpg","width":1194,"height":1194,"caption":"Spanisch f\u00fcr Touristen"},{"@type":"BreadcrumbList","@id":"https:\/\/www.esidioma.com\/de\/produkt\/50-spanische-dialoge-fuer-touristen-b1-b2-ebook#breadcrumb","itemListElement":[{"@type":"ListItem","position":1,"name":"Home","item":"https:\/\/www.esidioma.com\/de"},{"@type":"ListItem","position":2,"name":"Shop","item":"https:\/\/www.esidioma.com\/shop"},{"@type":"ListItem","position":3,"name":"50 spanische Dialoge f\u00fcr Touristen: Niveau B1-B2 (Ebook)"}]},{"@type":"WebSite","@id":"https:\/\/www.esidioma.com\/de#website","url":"https:\/\/www.esidioma.com\/de","name":"Esidioma","description":"Learn Spanish with us","potentialAction":[{"@type":"SearchAction","target":{"@type":"EntryPoint","urlTemplate":"https:\/\/www.esidioma.com\/de?s={search_term_string}"},"query-input":{"@type":"PropertyValueSpecification","valueRequired":true,"valueName":"search_term_string"}}],"inLanguage":"de"}]}},"_links":{"self":[{"href":"https:\/\/www.esidioma.com\/de\/wp-json\/wp\/v2\/product\/8810","targetHints":{"allow":["GET"]}}],"collection":[{"href":"https:\/\/www.esidioma.com\/de\/wp-json\/wp\/v2\/product"}],"about":[{"href":"https:\/\/www.esidioma.com\/de\/wp-json\/wp\/v2\/types\/product"}],"replies":[{"embeddable":true,"href":"https:\/\/www.esidioma.com\/de\/wp-json\/wp\/v2\/comments?post=8810"}],"wp:featuredmedia":[{"embeddable":true,"href":"https:\/\/www.esidioma.com\/de\/wp-json\/wp\/v2\/media\/8863"}],"wp:attachment":[{"href":"https:\/\/www.esidioma.com\/de\/wp-json\/wp\/v2\/media?parent=8810"}],"wp:term":[{"taxonomy":"product_brand","embeddable":true,"href":"https:\/\/www.esidioma.com\/de\/wp-json\/wp\/v2\/product_brand?post=8810"},{"taxonomy":"product_cat","embeddable":true,"href":"https:\/\/www.esidioma.com\/de\/wp-json\/wp\/v2\/product_cat?post=8810"},{"taxonomy":"product_tag","embeddable":true,"href":"https:\/\/www.esidioma.com\/de\/wp-json\/wp\/v2\/product_tag?post=8810"}],"curies":[{"name":"wp","href":"https:\/\/api.w.org\/{rel}","templated":true}]}}