{"id":1926,"date":"2022-09-28T13:19:54","date_gmt":"2022-09-28T11:19:54","guid":{"rendered":"https:\/\/www.esidioma.com\/?page_id=1926"},"modified":"2023-08-10T16:21:45","modified_gmt":"2023-08-10T14:21:45","slug":"sobre-nosotros","status":"publish","type":"page","link":"https:\/\/www.esidioma.com\/es\/sobre-nosotros","title":{"rendered":"Sobre nosotros"},"content":{"rendered":"<div class=\"container-fluid home-global\">\r\n\t<div class=\"row\">\r\n\t<div class=\"col-xs-12\">\r\n         <h1 style=\"font-size: 6rem;\r\n    color: #d54e52;\r\n    text-align: center;\r\n    font-weight: 900;\">Sobre nosotros<\/h1>\r\n         <p>\u00bfEst\u00e1s aprendiendo espa\u00f1ol? \u00a1Perfecto! \u00a1Est\u00e1s en el lugar correcto!<br>\r\n\t\t \tEn Esidioma creamos libros, cursos y recursos para ayudarte a aprender espa\u00f1ol. Con nosotros, tu nivel de espa\u00f1ol llegar\u00e1 a las nubes.<\/p>\r\n\t<\/div>\r\n\t<\/div>\r\n\r\n   <div class=\"row\">\r\n      <div class=\"col-md-6 col-sm-12\">\r\n\r\n         <h3>\u00bfNos gusta ense\u00f1ar espa\u00f1ol? \u00a1Claro que s\u00ed!<\/h3>\r\n         <p>Aprender (o ense\u00f1ar) espa\u00f1ol es una gran aventura. Es un idioma incre\u00edble que requiere un buen profesor. Cuando comenzamos este proyecto de ense\u00f1anza, notamos que nuestros estudiantes buscaban un buen m\u00e9todo de aprendizaje. Y por eso empezamos a trabajar.<\/p>\r\n\t\t<p>Cinco a\u00f1os despu\u00e9s (\u00a1eso s\u00ed que es mucho tiempo!), todo estaba finalmente listo: \u00a1hab\u00eda nacido Esidioma! Ahora, estudiantes y profesores de todo el mundo pueden unirse a nosotros y alcanzar el nivel de excelencia que exige este idioma.<\/p>\r\n      <\/div>\r\n      <div class=\"col-md-6 col-sm-12 home-imagen-producto\">\r\n         <img decoding=\"async\" src=\"\/wp-content\/uploads\/about-us-01.jpg\" class=\"img-responsive transformar-en-foto\" alt=\"As\u00ed es como ense\u00f1amos espa\u00f1ol\">\r\n      <\/div>\r\n\r\n   <\/div>\r\n\r\n   <div class=\"row home-fullwidth-con-fondo-container dar-color-01\">\r\n      <div class=\"col-md-6 col-sm-12 home-fullwidth-con-fondo\">\r\n         <div class=\"row\">\r\n            <div class=\"col-md-6\">\r\n               <h3>Esidioma: libros que son casi &#8220;m\u00e1gicos&#8221;<\/h3>\r\n               <p style=\"margin-bottom:3em\">En Esidioma hemos desarrollado los mejores libros para aprender y ense\u00f1ar espa\u00f1ol. Esidioma lleva tus habilidades ling\u00fc\u00edsticas desde cero hasta las estrellas. Nuestros libros te ayudar\u00e1n a <span class=\"pequeno-destaque\">usar el espa\u00f1ol en tu vida cotidiana<\/span>. Tu vocabulario mejorar\u00e1 y descubrir\u00e1s todos los secretos de la gram\u00e1tica espa\u00f1ola. Y lograr\u00e1s todo esto gracias a nuestros libros online, que son f\u00e1ciles de usar y  contienen muchos ejercicios interactivos.<\/p>\r\n            <\/div>\r\n            <div class=\"col-md-6\">\r\n               <img decoding=\"async\" src=\"\/wp-content\/uploads\/about-us-02.jpg\" class=\"img-responsive transformar-en-foto\" alt=\"As\u00ed es como ense\u00f1amos espa\u00f1ol\">\r\n            <\/div>\r\n         <\/div>\r\n      <\/div>\r\n   <\/div>\r\n<div class=\"row\">\r\n      <div class=\"col-md-6 col-sm-12\">\r\n         <h3>Materiales did\u00e1cticos que son &#8220;fanast\u00e1sticos&#8221;<\/h3>\r\n         <p>No paramos de desarrollar nuevas ideas y conceptos para ayudarte a dominar nuestro idioma favorito:<\/p>\r\n         <ul>\r\n             <li>Libros en espa\u00f1ol f\u00e1cil con audio<\/li>\r\n             <li>Libros de ejercicios<\/li>\r\n\t\t\t <li>Gran cantidad de actividades interactivas<\/li>\r\n             <li>Libros de texto y cursos<\/li>\r\n\t\t\t <li>&#8230; \u00a1y mucho m\u00e1s!<\/li>\r\n         <\/ul>\r\n      <\/div>\r\n      <div class=\"col-md-6 col-sm-12 home-imagen-producto\">\r\n         <img decoding=\"async\" src=\"\/wp-content\/uploads\/about-us-03.jpg\" class=\"img-responsive transformar-en-foto\" alt=\"As\u00ed es como ense\u00f1amos espa\u00f1ol\">\r\n      <\/div>\r\n\r\n   <\/div>   \r\n<\/div>","protected":false},"excerpt":{"rendered":"Sobre nosotros \u00bfEst\u00e1s aprendiendo espa\u00f1ol? \u00a1Perfecto! \u00a1Est\u00e1s en el lugar correcto! En Esidioma creamos libros, cursos y recursos para ayudarte a aprender espa\u00f1ol. Con nosotros, tu nivel de espa\u00f1ol llegar\u00e1 a las nubes. \u00bfNos gusta ense\u00f1ar espa\u00f1ol? \u00a1Claro que s\u00ed! Aprender (o ense\u00f1ar) espa\u00f1ol es una gran aventura. Es un idioma incre\u00edble que requiere un [&hellip;]","protected":false},"author":1,"featured_media":0,"parent":0,"menu_order":0,"comment_status":"closed","ping_status":"closed","template":"","meta":{"footnotes":""},"class_list":["post-1926","page","type-page","status-publish","hentry"],"yoast_head":"<!-- This site is optimized with the Yoast SEO plugin v27.5 - https:\/\/yoast.com\/product\/yoast-seo-wordpress\/ -->\n<title>Sobre nosotros - Esidioma<\/title>\n<meta name=\"robots\" content=\"index, follow, max-snippet:-1, max-image-preview:large, max-video-preview:-1\" \/>\n<link rel=\"canonical\" href=\"https:\/\/www.esidioma.com\/es\/sobre-nosotros\" \/>\n<meta property=\"og:locale\" content=\"es_ES\" \/>\n<meta property=\"og:type\" content=\"article\" \/>\n<meta property=\"og:title\" content=\"Sobre nosotros - Esidioma\" \/>\n<meta property=\"og:description\" content=\"Sobre nosotros \u00bfEst\u00e1s aprendiendo espa\u00f1ol? \u00a1Perfecto! \u00a1Est\u00e1s en el lugar correcto! En Esidioma creamos libros, cursos y recursos para ayudarte a aprender espa\u00f1ol. Con nosotros, tu nivel de espa\u00f1ol llegar\u00e1 a las nubes. \u00bfNos gusta ense\u00f1ar espa\u00f1ol? \u00a1Claro que s\u00ed! Aprender (o ense\u00f1ar) espa\u00f1ol es una gran aventura. Es un idioma incre\u00edble que requiere un [&hellip;]\" \/>\n<meta property=\"og:url\" content=\"https:\/\/www.esidioma.com\/es\/sobre-nosotros\" \/>\n<meta property=\"og:site_name\" content=\"Esidioma\" \/>\n<meta property=\"article:modified_time\" content=\"2023-08-10T14:21:45+00:00\" \/>\n<meta name=\"twitter:card\" content=\"summary_large_image\" \/>\n<meta name=\"twitter:label1\" content=\"Tiempo de lectura\" \/>\n\t<meta name=\"twitter:data1\" content=\"2 minutos\" \/>\n<script type=\"application\/ld+json\" class=\"yoast-schema-graph\">{\"@context\":\"https:\\\/\\\/schema.org\",\"@graph\":[{\"@type\":\"WebPage\",\"@id\":\"https:\\\/\\\/www.esidioma.com\\\/es\\\/sobre-nosotros\",\"url\":\"https:\\\/\\\/www.esidioma.com\\\/es\\\/sobre-nosotros\",\"name\":\"Sobre nosotros - Esidioma\",\"isPartOf\":{\"@id\":\"https:\\\/\\\/www.esidioma.com\\\/es#website\"},\"datePublished\":\"2022-09-28T11:19:54+00:00\",\"dateModified\":\"2023-08-10T14:21:45+00:00\",\"breadcrumb\":{\"@id\":\"https:\\\/\\\/www.esidioma.com\\\/es\\\/sobre-nosotros#breadcrumb\"},\"inLanguage\":\"es\",\"potentialAction\":[{\"@type\":\"ReadAction\",\"target\":[\"https:\\\/\\\/www.esidioma.com\\\/es\\\/sobre-nosotros\"]}]},{\"@type\":\"BreadcrumbList\",\"@id\":\"https:\\\/\\\/www.esidioma.com\\\/es\\\/sobre-nosotros#breadcrumb\",\"itemListElement\":[{\"@type\":\"ListItem\",\"position\":1,\"name\":\"Home\",\"item\":\"https:\\\/\\\/www.esidioma.com\\\/es\"},{\"@type\":\"ListItem\",\"position\":2,\"name\":\"Sobre nosotros\"}]},{\"@type\":\"WebSite\",\"@id\":\"https:\\\/\\\/www.esidioma.com\\\/es#website\",\"url\":\"https:\\\/\\\/www.esidioma.com\\\/es\",\"name\":\"Esidioma\",\"description\":\"Learn Spanish with us\",\"potentialAction\":[{\"@type\":\"SearchAction\",\"target\":{\"@type\":\"EntryPoint\",\"urlTemplate\":\"https:\\\/\\\/www.esidioma.com\\\/es?s={search_term_string}\"},\"query-input\":{\"@type\":\"PropertyValueSpecification\",\"valueRequired\":true,\"valueName\":\"search_term_string\"}}],\"inLanguage\":\"es\"}]}<\/script>\n<!-- \/ Yoast SEO plugin. -->","yoast_head_json":{"title":"Sobre nosotros - Esidioma","robots":{"index":"index","follow":"follow","max-snippet":"max-snippet:-1","max-image-preview":"max-image-preview:large","max-video-preview":"max-video-preview:-1"},"canonical":"https:\/\/www.esidioma.com\/es\/sobre-nosotros","og_locale":"es_ES","og_type":"article","og_title":"Sobre nosotros - Esidioma","og_description":"Sobre nosotros \u00bfEst\u00e1s aprendiendo espa\u00f1ol? \u00a1Perfecto! \u00a1Est\u00e1s en el lugar correcto! En Esidioma creamos libros, cursos y recursos para ayudarte a aprender espa\u00f1ol. Con nosotros, tu nivel de espa\u00f1ol llegar\u00e1 a las nubes. \u00bfNos gusta ense\u00f1ar espa\u00f1ol? \u00a1Claro que s\u00ed! Aprender (o ense\u00f1ar) espa\u00f1ol es una gran aventura. Es un idioma incre\u00edble que requiere un [&hellip;]","og_url":"https:\/\/www.esidioma.com\/es\/sobre-nosotros","og_site_name":"Esidioma","article_modified_time":"2023-08-10T14:21:45+00:00","twitter_card":"summary_large_image","twitter_misc":{"Tiempo de lectura":"2 minutos"},"schema":{"@context":"https:\/\/schema.org","@graph":[{"@type":"WebPage","@id":"https:\/\/www.esidioma.com\/es\/sobre-nosotros","url":"https:\/\/www.esidioma.com\/es\/sobre-nosotros","name":"Sobre nosotros - Esidioma","isPartOf":{"@id":"https:\/\/www.esidioma.com\/es#website"},"datePublished":"2022-09-28T11:19:54+00:00","dateModified":"2023-08-10T14:21:45+00:00","breadcrumb":{"@id":"https:\/\/www.esidioma.com\/es\/sobre-nosotros#breadcrumb"},"inLanguage":"es","potentialAction":[{"@type":"ReadAction","target":["https:\/\/www.esidioma.com\/es\/sobre-nosotros"]}]},{"@type":"BreadcrumbList","@id":"https:\/\/www.esidioma.com\/es\/sobre-nosotros#breadcrumb","itemListElement":[{"@type":"ListItem","position":1,"name":"Home","item":"https:\/\/www.esidioma.com\/es"},{"@type":"ListItem","position":2,"name":"Sobre nosotros"}]},{"@type":"WebSite","@id":"https:\/\/www.esidioma.com\/es#website","url":"https:\/\/www.esidioma.com\/es","name":"Esidioma","description":"Learn Spanish with us","potentialAction":[{"@type":"SearchAction","target":{"@type":"EntryPoint","urlTemplate":"https:\/\/www.esidioma.com\/es?s={search_term_string}"},"query-input":{"@type":"PropertyValueSpecification","valueRequired":true,"valueName":"search_term_string"}}],"inLanguage":"es"}]}},"_links":{"self":[{"href":"https:\/\/www.esidioma.com\/es\/wp-json\/wp\/v2\/pages\/1926","targetHints":{"allow":["GET"]}}],"collection":[{"href":"https:\/\/www.esidioma.com\/es\/wp-json\/wp\/v2\/pages"}],"about":[{"href":"https:\/\/www.esidioma.com\/es\/wp-json\/wp\/v2\/types\/page"}],"author":[{"embeddable":true,"href":"https:\/\/www.esidioma.com\/es\/wp-json\/wp\/v2\/users\/1"}],"replies":[{"embeddable":true,"href":"https:\/\/www.esidioma.com\/es\/wp-json\/wp\/v2\/comments?post=1926"}],"version-history":[{"count":2,"href":"https:\/\/www.esidioma.com\/es\/wp-json\/wp\/v2\/pages\/1926\/revisions"}],"predecessor-version":[{"id":11662,"href":"https:\/\/www.esidioma.com\/es\/wp-json\/wp\/v2\/pages\/1926\/revisions\/11662"}],"wp:attachment":[{"href":"https:\/\/www.esidioma.com\/es\/wp-json\/wp\/v2\/media?parent=1926"}],"curies":[{"name":"wp","href":"https:\/\/api.w.org\/{rel}","templated":true}]}}