{"id":15003,"date":"2023-11-20T14:06:17","date_gmt":"2023-11-20T12:06:17","guid":{"rendered":"https:\/\/www.esidioma.com\/?post_type=product&#038;p=15003"},"modified":"2026-04-14T02:24:41","modified_gmt":"2026-04-14T00:24:41","slug":"sistema-esidioma-libro-de-texto-1-nivel-a1-ebook","status":"publish","type":"product","link":"https:\/\/www.esidioma.com\/es\/producto\/sistema-esidioma-libro-de-texto-1-nivel-a1-ebook","title":{"rendered":"Sistema Esidioma &#8211; Libro de texto 1 &#8211; Nivel A1 (ebook)"},"content":{"rendered":"<div class=\"container-fluid\">\r\n   <div class=\"row\">\r\n      <div class=\"col-xs-12\">\r\n         <p>Aprende o ense\u00f1a <strong>espa\u00f1ol con nuestro m\u00e9todo exclusivo<\/strong>: Sistema Esidioma. Cada lecci\u00f3n contiene la combinaci\u00f3n perfecta de vocabulario (con audio), textos (con audio), di\u00e1logos (con audio), tablas gramaticales y ejercicios (con soluciones). Cada concepto gramatical se presenta gradualmente, <strong>para ayudar a aprender de forma natural<\/strong> y sencilla. \u00bfQuieres aprender espa\u00f1ol con nosotros? \u00a1Ahora puedes!<\/p>\r\n      <\/div>\r\n   <\/div>\r\n   <div class=\"row\">\r\n      <div class=\"col-lg-6 col-md-6 col-sm-6 col-xs-12\">\r\n         <h3>Escucha un fragmento de este libro:<\/h3>\r\n         <p>Escucha una muestra de di\u00e1logo:<\/p>\r\n         <p>\r\n            <audio style=\"color: #95b9c7;\" controls=\"controls\">\r\n               <source src=\"\/wp-content\/uploads\/sample_LTEX_01_a.mp3\" type=\"audio\/mpeg\">\r\n               Your browser does not support the audio element.\r\n            <\/audio>\r\n         <\/p>\r\n         <p>Escucha una muestra de vocabulario:<\/p>\r\n         <p>\r\n            <audio style=\"color: #95b9c7;\" controls=\"controls\">\r\n               <source src=\"\/wp-content\/uploads\/sample_LTEX_01_b.mp3\" type=\"audio\/mpeg\">\r\n               Your browser does not support the audio element.\r\n            <\/audio>\r\n         <\/p>\r\n         <p>Escucha una muestra de texto:<\/p>\r\n         <p>\r\n            <audio style=\"color: #95b9c7;\" controls=\"controls\">\r\n               <source src=\"\/wp-content\/uploads\/sample_LTEX_01_c.mp3\" type=\"audio\/mpeg\">\r\n               Your browser does not support the audio element.\r\n            <\/audio>\r\n         <\/p>\r\n      <\/div>\r\n      <div class=\"col-lg-6 col-md-6 col-sm-6 col-xs-12\">\r\n         <h3 class=\"hidden-xs\">Lee un fragmento del libro. Haz click para ampliar:<\/h3>\r\n         <h3 class=\"hidden-lg hidden-md hidden-sm visible-xs-block\">Lee un fragmento del libro:<\/h3>\r\n         <div class=\"row mi-galeria-producto\"><a href=\"\/wp-content\/uploads\/sample_LTEX_01_ES_EN_01_espanol.jpg\" data-fancybox=\"gallery\" title=\"Esidioma - muestra\"><img decoding=\"async\" class=\"col-lg-6 col-md-12 col-sm-12 col-xs-12\" id=\"thumb_296\" src=\"\/wp-content\/uploads\/sample_LTEX_01_ES_EN_01_espanol.jpg\" alt=\"Esidioma - muestra\" title=\"Esidioma - muestra\" itemprop=\"image\" \/><\/a><a href=\"\/wp-content\/uploads\/sample_LTEX_01_ES_EN_02_espanol.jpg\" data-fancybox=\"gallery\" title=\"Esidioma - muestra\"><img decoding=\"async\" class=\"col-lg-6 col-md-12 col-sm-12 col-xs-12\" id=\"thumb_296\" src=\"\/wp-content\/uploads\/sample_LTEX_01_ES_EN_02_espanol.jpg\" alt=\"Esidioma - muestra\" title=\"Esidioma - muestra\" itemprop=\"image\" \/><\/a><a href=\"\/wp-content\/uploads\/sample_LTEX_01_ES_EN_03_espanol.jpg\" data-fancybox=\"gallery\" title=\"Esidioma - muestra\"><img decoding=\"async\" class=\"col-lg-6 col-md-12 col-sm-12 col-xs-12\" id=\"thumb_296\" src=\"\/wp-content\/uploads\/sample_LTEX_01_ES_EN_03_espanol.jpg\" alt=\"Esidioma - muestra\" title=\"Esidioma - muestra\" itemprop=\"image\" \/><\/a><a href=\"\/wp-content\/uploads\/sample_LTEX_01_ES_EN_04_espanol.jpg\" data-fancybox=\"gallery\" title=\"Esidioma - muestra\"><img decoding=\"async\" class=\"col-lg-6 col-md-12 col-sm-12 col-xs-12\" id=\"thumb_296\" src=\"\/wp-content\/uploads\/sample_LTEX_01_ES_EN_04_espanol.jpg\" alt=\"Esidioma - muestra\" title=\"Esidioma - muestra\" itemprop=\"image\" \/><\/a><a href=\"\/wp-content\/uploads\/sample_LTEX_01_ES_EN_05_espanol.jpg\" data-fancybox=\"gallery\" title=\"Esidioma - muestra\"><img decoding=\"async\" class=\"col-lg-6 col-md-12 col-sm-12 col-xs-12\" id=\"thumb_296\" src=\"\/wp-content\/uploads\/sample_LTEX_01_ES_EN_05_espanol.jpg\" alt=\"Esidioma - muestra\" title=\"Esidioma - muestra\" itemprop=\"image\" \/><\/a><a href=\"\/wp-content\/uploads\/sample_LTEX_01_ES_EN_06_espanol.jpg\" data-fancybox=\"gallery\" title=\"Esidioma - sample\"><img decoding=\"async\" class=\"col-lg-6 col-md-12 col-sm-12 col-xs-12\" id=\"thumb_296\" src=\"\/wp-content\/uploads\/sample_LTEX_01_ES_EN_06_espanol.jpg\" alt=\"Esidioma - muestra\" title=\"Esidioma - muestra\" itemprop=\"image\" \/><\/a><\/div>\r\n      <\/div>\r\n   <\/div>\r\n   <div class=\"row\">\r\n      <div class=\"col-xs-12\">\r\n         <p><\/p>\r\n         <h2>Sistema Esidioma &#8211; Libro de texto 1 (Nivel A1) &#8211; Contenidos<\/h2>\r\n         <p>Estos son los contenidos de este libro:<\/p>\r\n      <\/div>\r\n   <\/div>\r\n   <div class=\"row\">\r\n<div class=\"col-xs-12 indice-libro-texto-en-descripcion-producto\">\r\n          <h3>Lecci\u00f3n 1: \u00a1Hola!<\/h3>\r\n          <p><strong>Gram\u00e1tica:<\/strong> Los pronombres personales y g\u00e9nero de los pronombres (ellos\/ellas, nosotros\/nosotras). El uso del verbo &#8220;llamarse&#8221;.<br>\r\n             <strong>Vocabulario:<\/strong> Saludos y despedidas. C\u00f3mo presentarse.<\/p>\r\n     \r\n          <h3>Lecci\u00f3n 2: \u00bfDe d\u00f3nde eres?<\/h3>\r\n          <p><strong>Gram\u00e1tica:<\/strong> Conjugaci\u00f3n del verbo &#8220;ser&#8221;. El plural de los sustantivos.<br>\r\n             <strong>Vocabulario:<\/strong> Nacionalidades y pa\u00edses.<\/p>\r\n     \r\n          <h3>Lecci\u00f3n 3: Mi familia<\/h3>\r\n          <p><strong>Gram\u00e1tica:<\/strong> Los pronombres posesivos. El g\u00e9nero de los sustantivos. C\u00f3mo usar &#8220;este\/esta\/estos\/estas&#8221;.<br>\r\n             <strong>Vocabulario:<\/strong> Miembros de la familia.<\/p>\r\n     \r\n          <h3>Lecci\u00f3n 4: \u00bfD\u00f3nde vives?<\/h3>\r\n          <p><strong>Gram\u00e1tica:<\/strong> Los verbos &#8220;vivir&#8221; y &#8220;estar&#8221;. La diferencia entre &#8220;ser&#8221; y &#8220;estar&#8221;. Los art\u00edculos definidos e indefinidos. C\u00f3mo usar &#8220;por qu\u00e9&#8221; y &#8220;porque&#8221;.<br>\r\n             <strong>Vocabulario:<\/strong> Lugares y ciudades.<\/p>\r\n     \r\n          <h3>Lecci\u00f3n 5: Me gusta mi trabajo<\/h3>\r\n          <p><strong>Gram\u00e1tica:<\/strong> Los verbos &#8220;trabajar&#8221;, &#8220;estudiar&#8221; y &#8220;querer&#8221;. El uso de la construcci\u00f3n &#8220;Me gusta&#8221; y los pronombres &#8220;me\/te\/le\/nos\/os\/les&#8221;.<br>\r\n             <strong>Vocabulario:<\/strong> Profesiones y lugares de trabajo.<\/p>\r\n     \r\n          <h3>Lecci\u00f3n 6: \u00bfHablas espa\u00f1ol?<\/h3>\r\n          <p><strong>Gram\u00e1tica:<\/strong> Los verbos &#8220;hablar&#8221;, &#8220;leer&#8221;, &#8220;escribir&#8221;, &#8220;entender&#8221;, &#8220;hacer&#8221;. C\u00f3mo usar &#8220;mucho\/mucha\/muchos\/muchas&#8221;. Las preposiciones &#8220;con&#8221; y &#8220;de&#8221;.<br>\r\n             <strong>Vocabulario:<\/strong> Idiomas. Los adverbios de frecuencia.<\/p>\r\n     \r\n          <h3>Lecci\u00f3n 7: Vamos a la playa<\/h3>\r\n          <p><strong>Gram\u00e1tica:<\/strong> El uso de &#8220;ir&#8221; para expresar el futuro. Verbos &#8220;ver&#8221;, &#8220;descansar&#8221;, &#8220;saber&#8221; y &#8220;tener&#8221;. C\u00f3mo usar &#8220;hay&#8221;.<br>\r\n             <strong>Vocabulario:<\/strong> Tiempo libre y vacaciones.<\/p>\r\n     \r\n          <h3>Lecci\u00f3n 8: D\u00edas de la semana<\/h3>\r\n          <p><strong>Gram\u00e1tica:<\/strong> Los n\u00fameros del 0 al 20. C\u00f3mo decir la hora. Los verbos &#8220;desayunar&#8221;, &#8220;comer&#8221;, &#8220;cenar&#8221;, &#8220;comprar&#8221;, &#8220;decir&#8221;, &#8220;dormir&#8221; y &#8220;empezar&#8221;. C\u00f3mo usar &#8220;tener que&#8221;.<br>\r\n             <strong>Vocabulario:<\/strong> D\u00edas de la semana y hora. Actividades diarias.<\/p>\r\n     \r\n          <h3>Lecci\u00f3n 9: Comida<\/h3>\r\n          <p><strong>Gram\u00e1tica:<\/strong> Los verbos &#8220;tomar&#8221;, &#8220;necesitar&#8221;, &#8220;cocinar&#8221;, &#8220;beber&#8221;, &#8220;preferir&#8221; y &#8220;poder&#8221;. Los pronombres &#8220;lo\/la\/los\/las&#8221; con la funci\u00f3n de objeto directo.<br>\r\n             <strong>Vocabulario:<\/strong> Alimentos y bebidas. Colores.<\/p>\r\n     \r\n          <h3>Lecci\u00f3n 10: \u00a1Feliz cumplea\u00f1os!<\/h3>\r\n          <p><strong>Gram\u00e1tica:<\/strong> Los verbos &#8220;celebrar&#8221;, &#8220;buscar&#8221;, &#8220;bailar&#8221;, &#8220;cantar&#8221;, &#8220;regalar&#8221;, &#8220;viajar&#8221;, &#8220;jugar&#8221; y &#8220;tocar&#8221;. C\u00f3mo usar &#8220;estar + gerundio&#8221;. Los n\u00fameros del 20 al 100.<br>\r\n             <strong>Vocabulario:<\/strong> Edad y celebraciones. Los meses del a\u00f1o.<\/p>   \r\n       <\/div>\r\n   <\/div>\r\n   <hr \/>\r\n   <div class=\"row\">\r\n      <div class=\"col-xs-12\">\r\n         <h2>Aprende y ense\u00f1a espa\u00f1ol donde quieras<\/h2>\r\n              <p>Este libro viene en formato pdf y es compatibles con cualquier dispositivo (PC, port\u00e1til, Mac, iPad, tablet,&#8230;). Incluye audio profesional en mp3. Escucha el audio mientras lees o pon el audio en tu tel\u00e9fono y esc\u00fachalo all\u00e1 donde vayas.<\/p>\r\n   <\/div>\r\n<\/div>\t\t\t  \r\n   <!-- Contacto -->\r\n   <div class=\"row\">\r\n      <div class=\"col-xs-12\">\r\n         <h2>\u00bfAlguna pregunta? Cont\u00e1ctanos<\/h2>\r\n         <p>Somos la \u00fanica escuela de espa\u00f1ol que crea estos <strong>libros biling\u00fces con acceso de por vida a nuestro campus online<\/strong>. Lee, escucha y aprende espa\u00f1ol con nuestra colecci\u00f3n \u00fanica de libros paralelos espa\u00f1ol-ingl\u00e9s. Si tienes alguna pregunta, <a href=\"https:\/\/www.esidioma.com\/es\/contacto\">ponte en contacto con nosotros<\/a>.<\/p>\r\n      <\/div>\r\n   <\/div>\r\n<\/div>","protected":false},"excerpt":{"rendered":"<div class=\"container-fluid\">\r\n   <div class=\"row\">\r\n      <div class=\"col-xs-12\">\r\n         <!-- este div es la descripcion para Google Shopping-->\r\n         <div hidden=\"\">\r\n         <p>Este es el <strong>libro de texto de espa\u00f1ol con audio<\/strong> que est\u00e1s buscando. <span style=\"color: #d0121a;\">Sistema Esidioma<\/span> te ayudar\u00e1 a aprender espa\u00f1ol paso a paso. Este libro de texto te ayudar\u00e1 a empezar <strong>desde cero y alcanzar un vocabulario de 500 palabras<\/strong>. Al finalizar el libro tendr\u00e1s los conocimiento necesarios para leer, entender y hablar en espa\u00f1ol en contextos b\u00e1sicos del d\u00eda a d\u00eda.<\/p>\r\n         <\/div>\r\n         <!-- fin de la descripci\u00f3n para Google Shooping-->\r\n         <div class=\"etiquetas-productos\">\r\n            <p><span class=\"ep-nivel A1\">Nivel: B\u00e1sico<\/span><span class=\"ep-formato\">ebook + audio<\/span><span class=\"ep-campus\">SIN acceso al campus online<\/span><span class=\"ep-extras\">200 p\u00e1ginas<\/span><\/p>\r\n         <\/div>\r\n         <hr class=\"hr-etiquetas-productos\" \/>\r\n         <p><span class=\"mi-cuadro-importante\">El mejor libro de texto para aprender y ense\u00f1ar espa\u00f1ol.<\/span><\/p>\r\n         <p>Este es el <strong>libro de texto de espa\u00f1ol con audio<\/strong> que est\u00e1s buscando. <span style=\"color: #d0121a;\">Sistema Esidioma<\/span> te ayudar\u00e1 a aprender espa\u00f1ol paso a paso. Este libro de texto te ayudar\u00e1 a empezar <strong>desde cero y alcanzar un vocabulario de 500 palabras<\/strong>. Al finalizar el libro tendr\u00e1s los conocimiento necesarios para leer, entender y hablar en espa\u00f1ol en contextos b\u00e1sicos del d\u00eda a d\u00eda.<\/p>\r\n         <p>Este libro de texto est\u00e1 organizado en 10 lecciones con secciones de vocabulario (con audio), di\u00e1logos (con audio), texto (con audio), gram\u00e1tica y ejercicios (con soluciones). El libro tiene <strong>200 p\u00e1ginas y audio mp3<\/strong>.<\/p>\r\n[imagenes_tipo_libro]\r\n          <\/div>\r\n        <\/div>\r\n     <\/div>\r\n  <\/div>","protected":false},"featured_media":14872,"comment_status":"open","ping_status":"closed","template":"","meta":[],"product_brand":[],"product_cat":[85,86,145,77,97],"product_tag":[],"class_list":{"0":"post-15003","1":"product","2":"type-product","3":"status-publish","4":"has-post-thumbnail","6":"product_cat-ebook-libro-digital","7":"product_cat-libros-de-espanol-con-audio","8":"product_cat-libros-de-texto","9":"product_cat-libros-para-aprender-espanol","10":"product_cat-multi-idioma","12":"first","13":"instock","14":"taxable","15":"shipping-taxable","16":"purchasable","17":"product-type-variable","18":"rtwpvs-product"},"yoast_head":"<!-- This site is optimized with the Yoast SEO plugin v27.4 - https:\/\/yoast.com\/product\/yoast-seo-wordpress\/ -->\n<title>Sistema Esidioma - Libro de texto 1 - Nivel A1 (ebook) - Esidioma<\/title>\n<meta name=\"robots\" content=\"index, follow, max-snippet:-1, max-image-preview:large, max-video-preview:-1\" \/>\n<link rel=\"canonical\" href=\"https:\/\/www.esidioma.com\/es\/producto\/sistema-esidioma-libro-de-texto-1-nivel-a1-ebook\" \/>\n<meta property=\"og:locale\" content=\"es_ES\" \/>\n<meta property=\"og:type\" content=\"article\" \/>\n<meta property=\"og:title\" content=\"Sistema Esidioma - Libro de texto 1 - Nivel A1 (ebook) - Esidioma\" \/>\n<meta property=\"og:description\" content=\"Este es el libro de texto de espa\u00f1ol con audio que est\u00e1s buscando. Sistema Esidioma te ayudar\u00e1 a aprender espa\u00f1ol paso a paso. Este libro de texto te ayudar\u00e1 a empezar desde cero y alcanzar un vocabulario de 500 palabras. Al finalizar el libro tendr\u00e1s los conocimiento necesarios para leer, entender y hablar en espa\u00f1ol en contextos b\u00e1sicos del d\u00eda a d\u00eda.                        Nivel: B\u00e1sicoebook + audioSIN acceso al campus online200 p\u00e1ginas                 El mejor libro de texto para aprender y ense\u00f1ar espa\u00f1ol.      Este es el libro de texto de espa\u00f1ol con audio que est\u00e1s buscando. Sistema Esidioma te ayudar\u00e1 a aprender espa\u00f1ol paso a paso. Este libro de texto te ayudar\u00e1 a empezar desde cero y alcanzar un vocabulario de 500 palabras. Al finalizar el libro tendr\u00e1s los conocimiento necesarios para leer, entender y hablar en espa\u00f1ol en contextos b\u00e1sicos del d\u00eda a d\u00eda.      Este libro de texto est\u00e1 organizado en 10 lecciones con secciones de vocabulario (con audio), di\u00e1logos (con audio), texto (con audio), gram\u00e1tica y ejercicios (con soluciones). El libro tiene 200 p\u00e1ginas y audio mp3.\" \/>\n<meta property=\"og:url\" content=\"https:\/\/www.esidioma.com\/es\/producto\/sistema-esidioma-libro-de-texto-1-nivel-a1-ebook\" \/>\n<meta property=\"og:site_name\" content=\"Esidioma\" \/>\n<meta property=\"article:modified_time\" content=\"2026-04-14T00:24:41+00:00\" \/>\n<meta property=\"og:image\" content=\"https:\/\/www.esidioma.com\/wp-content\/uploads\/LTEX_01_multiidiioma_ebook.jpg\" \/>\n\t<meta property=\"og:image:width\" content=\"1194\" \/>\n\t<meta property=\"og:image:height\" content=\"1194\" \/>\n\t<meta property=\"og:image:type\" content=\"image\/jpeg\" \/>\n<meta name=\"twitter:card\" content=\"summary_large_image\" \/>\n<meta name=\"twitter:label1\" content=\"Tiempo de lectura\" \/>\n\t<meta name=\"twitter:data1\" content=\"4 minutos\" \/>\n<script type=\"application\/ld+json\" class=\"yoast-schema-graph\">{\"@context\":\"https:\\\/\\\/schema.org\",\"@graph\":[{\"@type\":\"WebPage\",\"@id\":\"https:\\\/\\\/www.esidioma.com\\\/es\\\/producto\\\/sistema-esidioma-libro-de-texto-1-nivel-a1-ebook\",\"url\":\"https:\\\/\\\/www.esidioma.com\\\/es\\\/producto\\\/sistema-esidioma-libro-de-texto-1-nivel-a1-ebook\",\"name\":\"Sistema Esidioma - Libro de texto 1 - Nivel A1 (ebook) - Esidioma\",\"isPartOf\":{\"@id\":\"https:\\\/\\\/www.esidioma.com\\\/es#website\"},\"primaryImageOfPage\":{\"@id\":\"https:\\\/\\\/www.esidioma.com\\\/es\\\/producto\\\/sistema-esidioma-libro-de-texto-1-nivel-a1-ebook#primaryimage\"},\"image\":{\"@id\":\"https:\\\/\\\/www.esidioma.com\\\/es\\\/producto\\\/sistema-esidioma-libro-de-texto-1-nivel-a1-ebook#primaryimage\"},\"thumbnailUrl\":\"https:\\\/\\\/www.esidioma.com\\\/wp-content\\\/uploads\\\/LTEX_01_multiidiioma_ebook.jpg\",\"datePublished\":\"2023-11-20T12:06:17+00:00\",\"dateModified\":\"2026-04-14T00:24:41+00:00\",\"breadcrumb\":{\"@id\":\"https:\\\/\\\/www.esidioma.com\\\/es\\\/producto\\\/sistema-esidioma-libro-de-texto-1-nivel-a1-ebook#breadcrumb\"},\"inLanguage\":\"es\",\"potentialAction\":[{\"@type\":\"ReadAction\",\"target\":[\"https:\\\/\\\/www.esidioma.com\\\/es\\\/producto\\\/sistema-esidioma-libro-de-texto-1-nivel-a1-ebook\"]}]},{\"@type\":\"ImageObject\",\"inLanguage\":\"es\",\"@id\":\"https:\\\/\\\/www.esidioma.com\\\/es\\\/producto\\\/sistema-esidioma-libro-de-texto-1-nivel-a1-ebook#primaryimage\",\"url\":\"https:\\\/\\\/www.esidioma.com\\\/wp-content\\\/uploads\\\/LTEX_01_multiidiioma_ebook.jpg\",\"contentUrl\":\"https:\\\/\\\/www.esidioma.com\\\/wp-content\\\/uploads\\\/LTEX_01_multiidiioma_ebook.jpg\",\"width\":1194,\"height\":1194},{\"@type\":\"BreadcrumbList\",\"@id\":\"https:\\\/\\\/www.esidioma.com\\\/es\\\/producto\\\/sistema-esidioma-libro-de-texto-1-nivel-a1-ebook#breadcrumb\",\"itemListElement\":[{\"@type\":\"ListItem\",\"position\":1,\"name\":\"Home\",\"item\":\"https:\\\/\\\/www.esidioma.com\\\/es\"},{\"@type\":\"ListItem\",\"position\":2,\"name\":\"Shop\",\"item\":\"https:\\\/\\\/www.esidioma.com\\\/shop\"},{\"@type\":\"ListItem\",\"position\":3,\"name\":\"Sistema Esidioma &#8211; Libro de texto 1 &#8211; Nivel A1 (ebook)\"}]},{\"@type\":\"WebSite\",\"@id\":\"https:\\\/\\\/www.esidioma.com\\\/es#website\",\"url\":\"https:\\\/\\\/www.esidioma.com\\\/es\",\"name\":\"Esidioma\",\"description\":\"Learn Spanish with us\",\"potentialAction\":[{\"@type\":\"SearchAction\",\"target\":{\"@type\":\"EntryPoint\",\"urlTemplate\":\"https:\\\/\\\/www.esidioma.com\\\/es?s={search_term_string}\"},\"query-input\":{\"@type\":\"PropertyValueSpecification\",\"valueRequired\":true,\"valueName\":\"search_term_string\"}}],\"inLanguage\":\"es\"}]}<\/script>\n<!-- \/ Yoast SEO plugin. -->","yoast_head_json":{"title":"Sistema Esidioma - Libro de texto 1 - Nivel A1 (ebook) - Esidioma","robots":{"index":"index","follow":"follow","max-snippet":"max-snippet:-1","max-image-preview":"max-image-preview:large","max-video-preview":"max-video-preview:-1"},"canonical":"https:\/\/www.esidioma.com\/es\/producto\/sistema-esidioma-libro-de-texto-1-nivel-a1-ebook","og_locale":"es_ES","og_type":"article","og_title":"Sistema Esidioma - Libro de texto 1 - Nivel A1 (ebook) - Esidioma","og_description":"Este es el libro de texto de espa\u00f1ol con audio que est\u00e1s buscando. Sistema Esidioma te ayudar\u00e1 a aprender espa\u00f1ol paso a paso. Este libro de texto te ayudar\u00e1 a empezar desde cero y alcanzar un vocabulario de 500 palabras. Al finalizar el libro tendr\u00e1s los conocimiento necesarios para leer, entender y hablar en espa\u00f1ol en contextos b\u00e1sicos del d\u00eda a d\u00eda.                        Nivel: B\u00e1sicoebook + audioSIN acceso al campus online200 p\u00e1ginas                 El mejor libro de texto para aprender y ense\u00f1ar espa\u00f1ol.      Este es el libro de texto de espa\u00f1ol con audio que est\u00e1s buscando. Sistema Esidioma te ayudar\u00e1 a aprender espa\u00f1ol paso a paso. Este libro de texto te ayudar\u00e1 a empezar desde cero y alcanzar un vocabulario de 500 palabras. Al finalizar el libro tendr\u00e1s los conocimiento necesarios para leer, entender y hablar en espa\u00f1ol en contextos b\u00e1sicos del d\u00eda a d\u00eda.      Este libro de texto est\u00e1 organizado en 10 lecciones con secciones de vocabulario (con audio), di\u00e1logos (con audio), texto (con audio), gram\u00e1tica y ejercicios (con soluciones). El libro tiene 200 p\u00e1ginas y audio mp3.","og_url":"https:\/\/www.esidioma.com\/es\/producto\/sistema-esidioma-libro-de-texto-1-nivel-a1-ebook","og_site_name":"Esidioma","article_modified_time":"2026-04-14T00:24:41+00:00","og_image":[{"width":1194,"height":1194,"url":"https:\/\/www.esidioma.com\/wp-content\/uploads\/LTEX_01_multiidiioma_ebook.jpg","type":"image\/jpeg"}],"twitter_card":"summary_large_image","twitter_misc":{"Tiempo de lectura":"4 minutos"},"schema":{"@context":"https:\/\/schema.org","@graph":[{"@type":"WebPage","@id":"https:\/\/www.esidioma.com\/es\/producto\/sistema-esidioma-libro-de-texto-1-nivel-a1-ebook","url":"https:\/\/www.esidioma.com\/es\/producto\/sistema-esidioma-libro-de-texto-1-nivel-a1-ebook","name":"Sistema Esidioma - Libro de texto 1 - Nivel A1 (ebook) - Esidioma","isPartOf":{"@id":"https:\/\/www.esidioma.com\/es#website"},"primaryImageOfPage":{"@id":"https:\/\/www.esidioma.com\/es\/producto\/sistema-esidioma-libro-de-texto-1-nivel-a1-ebook#primaryimage"},"image":{"@id":"https:\/\/www.esidioma.com\/es\/producto\/sistema-esidioma-libro-de-texto-1-nivel-a1-ebook#primaryimage"},"thumbnailUrl":"https:\/\/www.esidioma.com\/wp-content\/uploads\/LTEX_01_multiidiioma_ebook.jpg","datePublished":"2023-11-20T12:06:17+00:00","dateModified":"2026-04-14T00:24:41+00:00","breadcrumb":{"@id":"https:\/\/www.esidioma.com\/es\/producto\/sistema-esidioma-libro-de-texto-1-nivel-a1-ebook#breadcrumb"},"inLanguage":"es","potentialAction":[{"@type":"ReadAction","target":["https:\/\/www.esidioma.com\/es\/producto\/sistema-esidioma-libro-de-texto-1-nivel-a1-ebook"]}]},{"@type":"ImageObject","inLanguage":"es","@id":"https:\/\/www.esidioma.com\/es\/producto\/sistema-esidioma-libro-de-texto-1-nivel-a1-ebook#primaryimage","url":"https:\/\/www.esidioma.com\/wp-content\/uploads\/LTEX_01_multiidiioma_ebook.jpg","contentUrl":"https:\/\/www.esidioma.com\/wp-content\/uploads\/LTEX_01_multiidiioma_ebook.jpg","width":1194,"height":1194},{"@type":"BreadcrumbList","@id":"https:\/\/www.esidioma.com\/es\/producto\/sistema-esidioma-libro-de-texto-1-nivel-a1-ebook#breadcrumb","itemListElement":[{"@type":"ListItem","position":1,"name":"Home","item":"https:\/\/www.esidioma.com\/es"},{"@type":"ListItem","position":2,"name":"Shop","item":"https:\/\/www.esidioma.com\/shop"},{"@type":"ListItem","position":3,"name":"Sistema Esidioma &#8211; Libro de texto 1 &#8211; Nivel A1 (ebook)"}]},{"@type":"WebSite","@id":"https:\/\/www.esidioma.com\/es#website","url":"https:\/\/www.esidioma.com\/es","name":"Esidioma","description":"Learn Spanish with us","potentialAction":[{"@type":"SearchAction","target":{"@type":"EntryPoint","urlTemplate":"https:\/\/www.esidioma.com\/es?s={search_term_string}"},"query-input":{"@type":"PropertyValueSpecification","valueRequired":true,"valueName":"search_term_string"}}],"inLanguage":"es"}]}},"jetpack_sharing_enabled":true,"_links":{"self":[{"href":"https:\/\/www.esidioma.com\/es\/wp-json\/wp\/v2\/product\/15003","targetHints":{"allow":["GET"]}}],"collection":[{"href":"https:\/\/www.esidioma.com\/es\/wp-json\/wp\/v2\/product"}],"about":[{"href":"https:\/\/www.esidioma.com\/es\/wp-json\/wp\/v2\/types\/product"}],"replies":[{"embeddable":true,"href":"https:\/\/www.esidioma.com\/es\/wp-json\/wp\/v2\/comments?post=15003"}],"wp:featuredmedia":[{"embeddable":true,"href":"https:\/\/www.esidioma.com\/es\/wp-json\/wp\/v2\/media\/14872"}],"wp:attachment":[{"href":"https:\/\/www.esidioma.com\/es\/wp-json\/wp\/v2\/media?parent=15003"}],"wp:term":[{"taxonomy":"product_brand","embeddable":true,"href":"https:\/\/www.esidioma.com\/es\/wp-json\/wp\/v2\/product_brand?post=15003"},{"taxonomy":"product_cat","embeddable":true,"href":"https:\/\/www.esidioma.com\/es\/wp-json\/wp\/v2\/product_cat?post=15003"},{"taxonomy":"product_tag","embeddable":true,"href":"https:\/\/www.esidioma.com\/es\/wp-json\/wp\/v2\/product_tag?post=15003"}],"curies":[{"name":"wp","href":"https:\/\/api.w.org\/{rel}","templated":true}]}}