{"id":21809,"date":"2024-10-23T13:21:44","date_gmt":"2024-10-23T11:21:44","guid":{"rendered":"https:\/\/www.esidioma.com\/?post_type=product&#038;p=21809"},"modified":"2025-12-30T16:17:13","modified_gmt":"2025-12-30T14:17:13","slug":"25-textos-en-espanol-facil-nivel-a1-libro-1-papel","status":"publish","type":"product","link":"https:\/\/www.esidioma.com\/es\/producto\/25-textos-en-espanol-facil-nivel-a1-libro-1-papel","title":{"rendered":"25 textos en espa\u00f1ol f\u00e1cil: Nivel A1 &#8211; Libro 1 (papel)"},"content":{"rendered":"<div class=\"container-fluid\">\r\n   <div class=\"row\">\r\n      <div class=\"col-xs-12\">\r\n         <h2>\u00a1Pru\u00e9balo! Lee y escucha un fragmento de este libro:<\/h2>\r\n      <\/div>\r\n   <\/div>\r\n   <div class=\"row\">\r\n      <div class=\"col-lg-6 col-md-6 col-sm-6 col-xs-12\">\r\n         <p>Escucha un fragmento de este libro:<\/p>\r\n         <p>\r\n            <audio style=\"color: #95b9c7;\" controls=\"controls\">\r\n               <source src=\"\/wp-content\/uploads\/sample_ABOOK_25_A1_01_a.mp3\" type=\"audio\/mpeg\">      \r\n               Your browser does not support the audio element.\r\n            <\/audio>\r\n            <audio style=\"color: #95b9c7;\" controls=\"controls\">\r\n               <source src=\"\/wp-content\/uploads\/sample_ABOOK_25_A1_01_b.mp3\" type=\"audio\/mpeg\">        \r\n               Your browser does not support the audio element.\r\n            <\/audio>     \r\n         <\/p>\r\n      <\/div>\r\n        <div class=\"col-lg-6 col-md-6 col-sm-6 col-xs-12\">\r\n          <p class=\"hidden-xs\">Lee un fragmento de este libro. Haz click para ampliar:<\/p>\r\n          <p class=\"hidden-lg hidden-md hidden-sm visible-xs-block\">Lee un fragmento de este libro:<\/p>\r\n          <div class=\"row mi-galeria-producto\"><a href=\"\/wp-content\/uploads\/sample_ABOOK_25_A1_01_ES_EN_ebook_01_espanol.jpg\" data-fancybox=\"gallery\" title=\"Book sample\"><img decoding=\"async\" class=\"col-lg-6 col-md-12 col-sm-12 col-xs-12\" id=\"thumb_296\" src=\"\/wp-content\/uploads\/sample_ABOOK_25_A1_01_ES_EN_ebook_01_espanol.jpg\" alt=\"Book sample\" title=\"Book sample\" itemprop=\"image\" \/><\/a> <a href=\"\/wp-content\/uploads\/sample_ABOOK_25_A1_01_ES_EN_ebook_02_espanol.jpg\" data-fancybox=\"gallery\" title=\"Book sample\"><img decoding=\"async\" class=\"col-lg-6 col-md-12 col-sm-12 col-xs-12\" id=\"thumb_296\" src=\"\/wp-content\/uploads\/sample_ABOOK_25_A1_01_ES_EN_ebook_02_espanol.jpg\" alt=\"Book sample\" title=\"Book sample\" itemprop=\"image\" \/><\/a> <a href=\"\/wp-content\/uploads\/sample_ABOOK_25_A1_01_ES_EN_ebook_03_espanol.jpg\" data-fancybox=\"gallery\" title=\"Book sample\"><img decoding=\"async\" class=\"col-lg-6 col-md-12 col-sm-12 col-xs-12\" id=\"thumb_296\" src=\"\/wp-content\/uploads\/sample_ABOOK_25_A1_01_ES_EN_ebook_03_espanol.jpg\" alt=\"Book sample\" title=\"Book sample\" itemprop=\"image\" \/><\/a> <a href=\"\/wp-content\/uploads\/sample_ABOOK_25_A1_01_ES_EN_ebook_04_espanol.jpg\" data-fancybox=\"gallery\" title=\"Book sample\"><img decoding=\"async\" class=\"col-lg-6 col-md-12 col-sm-12 col-xs-12\" id=\"thumb_296\" src=\"\/wp-content\/uploads\/sample_ABOOK_25_A1_01_ES_EN_ebook_04_espanol.jpg\" alt=\"Book sample\" title=\"Book sample\" itemprop=\"image\" \/><\/a><\/div>\r\n      <\/div>\r\n   <\/div>\r\n   <!-- Campus -->\r\n   <div class=\"row\">\r\n      <div class=\"col-xs-12\">\r\n         <h2>Acceso de por vida a nuestro Campus Online:<br \/>\r\n            Lee tus libros online + <span class=\"subrayado-texto-negro-descripcion-producto\">Ejercicios interactivos<\/span>\r\n         <\/h2>\r\n      <\/div>\r\n   <\/div>\r\n   <div class=\"row\">\r\n      <div class=\"col-md-7 col-sm-12\">\r\n         <p class=\"texto-sobre-imagen-descripcion-producto\">\u00a1Campus online!<\/p>\r\n         <img decoding=\"async\" class=\"img-responsive\" src=\"\/wp-content\/uploads\/ejercicios-interactivos-espanol-en-descripcion-libro.png\" alt=\"Ejercicios interactivos de espa\u00f1ol\" \/>\r\n      <\/div>\r\n      <div class=\"col-md-5 col-sm-12\">\r\n         <p>Al comprar este libro biling\u00fce espa\u00f1ol-ingl\u00e9s, <span class=\"subrayado-texto-negro-descripcion-producto\">tendr\u00e1s acceso a nuestro campus online<\/span> con las siguientes caracter\u00edsticas:<\/p>\r\n         <p><span class=\"pequeno-destaque-descripcion-producto\">Lector online + reproductor de audio<\/span> <br>Haz clic y comienza a leer sin descargar ning\u00fan archivo. \u00a1Es perfecto para usar con tu tel\u00e9fono!<\/p>\r\n         <p><span class=\"pequeno-destaque-descripcion-producto\">Todos tus libros guardados para siempre<\/span> <br>As\u00ed es. Siempre tendr\u00e1s acceso a tus libros.<\/p>\r\n         <p><span class=\"pequeno-destaque-descripcion-producto\">Ejercicios interactivos<\/span> <br>Encontrar\u00e1s juegos de vocabulario y otras actividades interactivas para mejorar tu espa\u00f1ol.<\/p>\r\n         <p><span class=\"pequeno-destaque-descripcion-producto\">Comprueba tu progreso<\/span> <br>Una barra de progreso al comienzo de cada libro te indicar\u00e1 qu\u00e9 partes has terminado.<\/p>\r\n      <\/div>\r\n   <\/div>\r\n   <!-- Descripci\u00f3n adicional -->\r\n   <div class=\"row\">\r\n      <div class=\"col-xs-12\">\r\n         <h2>Lecturas graduadas en espa\u00f1ol + traducci\u00f3n + audio + ejercicios interactivos<\/h2>\r\n         <p>Nuestros libros est\u00e1n creados espec\u00edficamente para estudiantes de <strong>espa\u00f1ol como lengua extranjera<\/strong>. Estas son sus caracter\u00edsticas principales:<\/p>\r\n         <div class=\"mi-cuadro-importante\">\r\n            <ol>\r\n               <li>Textos paralelos espa\u00f1ol-ingl\u00e9s (aprende m\u00e1s r\u00e1pido).<\/li>\r\n               <li><strong>Audio profesional en espa\u00f1ol<\/strong> (mejora tu comprensi\u00f3n auditiva).<\/li>\r\n               <li>Clasificados por nivel (nuestros libros se adaptan a tus necesidades de aprendizaje).<\/li>\r\n               <li>Acceso a <strong>ejercicios interactivos<\/strong> (pon en pr\u00e1ctica tus conocimientos).<\/li>\r\n               <li>Escrito por <strong>profesores de espa\u00f1ol<\/strong> (somos expertos en el idioma).<\/li>\r\n            <\/ol>\r\n         <\/div>\r\n         <p>Nuestros <strong>textos paralelos en espa\u00f1ol<\/strong> son una gran herramienta para el aprendizaje del idioma. Te permiten aprender espa\u00f1ol m\u00e1s r\u00e1pido ya que siempre puedes echar un vistazo a la traducci\u00f3n. En otras palabras, \u00a1nuestros libros biling\u00fces te ayudan a <strong>mejorar tu nivel de espa\u00f1ol<\/strong>!<\/p>\r\n      <\/div>\r\n   <\/div>\r\n   <!-- Descripci\u00f3n adicional -->\r\n   <div class=\"row\">\r\n      <div class=\"col-xs-12\">\r\n         <h2>Aprende espa\u00f1ol en todas partes<\/h2>\r\n         <p>Este libro biling\u00fce espa\u00f1ol-ingl\u00e9s estar\u00e1 siempre contigo. <strong>Nuestros libros para estudiantes de espa\u00f1ol son compatibles con cualquier dispositivo<\/strong> (PC, port\u00e1til, Mac, iPad, tablet, Kindle, e-reader\u2026). Puedes descargar nuestros libros o leerlos online. Incluyen grabaciones profesionales de cada texto. Escucha el audio mientras lees el libro o mientras haces cualquier otra cosa. Usa tu tel\u00e9fono y lleva los libros a cualquier parte. \u00a1Aprender espa\u00f1ol para extranjeros es f\u00e1cil con nosotros!<\/p>\r\n      <\/div>\r\n   <\/div>\r\n   <!-- Contacto -->\r\n   <div class=\"row\">\r\n      <div class=\"col-xs-12\">\r\n         <h2>\u00bfAlguna pregunta? Cont\u00e1ctanos<\/h2>\r\n         <p>Somos la \u00fanica escuela de espa\u00f1ol que crea estos <strong>libros biling\u00fces con acceso de por vida a nuestro campus online<\/strong>. Lee, escucha y aprende espa\u00f1ol con nuestra colecci\u00f3n \u00fanica de libros paralelos espa\u00f1ol-ingl\u00e9s. Si tienes alguna pregunta, <a href=\"https:\/\/www.esidioma.com\/es\/contacto\">ponte en contacto con nosotros<\/a>.<\/p>\r\n      <\/div>\r\n   <\/div>\r\n<\/div>","protected":false},"excerpt":{"rendered":"<div class=\"container-fluid\">\r\n   <div class=\"row\">\r\n      <div class=\"col-xs-12\">\r\n         <!-- este div es la descripcion para Google Shopping-->\r\n         <div hidden=\"\">\r\n            <p>Aprende espa\u00f1ol con este libro para principiantes. 25 textos en espa\u00f1ol b\u00e1sico con audio, traducci\u00f3n y ejercicios interactivos. Mejora tu espa\u00f1ol y aprende vocabulario<\/p>\r\n         <\/div>\r\n         <!-- fin de la descripci\u00f3n para Google Shopping-->\r\n           <div class=\"etiquetas-productos\">\r\n              <p><span class=\"ep-nivel A1\">Nivel: B\u00e1sico<\/span><span class=\"ep-formato\">papel + audio<\/span><span class=\"ep-campus\">Acceso al campus online<\/span><span class=\"ep-extras\">66 p\u00e1ginas <\/span><\/p>\r\n           <\/div>\r\n           <p>\u00bfBuscas un <strong>libro para principiantes<\/strong>? Descubre la divertida historia de Tom y Cleo a trav\u00e9s de <strong>25 textos en espa\u00f1ol f\u00e1cil<\/strong>. Gracias al <strong>audio y la traducci\u00f3n<\/strong> podr\u00e1s aprender nuevas palabras y entender diferentes tipos de frase. Aprender espa\u00f1ol es un viaje divertido.<\/p>\r\n           <ol>\r\n             <li>Frases b\u00e1sicas en espa\u00f1ol con vocabulario nuevo<\/li>\r\n             <li>Preguntas al final de cada texto<\/li>\r\n             <li>La herramienta de aprendizaje perfecta para principiantes<\/li>\r\n           <\/ol>\r\n[imagenes_tipo_libro]\r\n        <\/div>\r\n     <\/div>\r\n  <\/div>","protected":false},"featured_media":22654,"comment_status":"open","ping_status":"closed","template":"","meta":[],"product_brand":[],"product_cat":[87,149,86,77,97],"product_tag":[],"class_list":{"0":"post-21809","1":"product","2":"type-product","3":"status-publish","4":"has-post-thumbnail","6":"product_cat-historias","7":"product_cat-libro-en-papel","8":"product_cat-libros-de-espanol-con-audio","9":"product_cat-libros-para-aprender-espanol","10":"product_cat-multi-idioma","12":"first","13":"instock","14":"taxable","15":"shipping-taxable","16":"purchasable","17":"product-type-variable","18":"rtwpvs-product"},"yoast_head":"<!-- This site is optimized with the Yoast SEO plugin v27.4 - https:\/\/yoast.com\/product\/yoast-seo-wordpress\/ -->\n<title>25 textos en espa\u00f1ol f\u00e1cil: Nivel A1 - Libro 1 (papel) - Esidioma<\/title>\n<meta name=\"description\" content=\"Este libro contiene 50 di\u00e1logos para estudiantes intermedios de espa\u00f1ol (nivel B1-B2) con audio y ejercicios interactivos. Mejora tu espa\u00f1ol y aprende nuevo vocabulario\" \/>\n<meta name=\"robots\" content=\"index, follow, max-snippet:-1, max-image-preview:large, max-video-preview:-1\" \/>\n<link rel=\"canonical\" href=\"https:\/\/www.esidioma.com\/es\/producto\/25-textos-en-espanol-facil-nivel-a1-libro-1-papel\" \/>\n<meta property=\"og:locale\" content=\"es_ES\" \/>\n<meta property=\"og:type\" content=\"article\" \/>\n<meta property=\"og:title\" content=\"25 textos en espa\u00f1ol f\u00e1cil: Nivel A1 - Libro 1 (papel) - Esidioma\" \/>\n<meta property=\"og:description\" content=\"Este libro contiene 50 di\u00e1logos para estudiantes intermedios de espa\u00f1ol (nivel B1-B2) con audio y ejercicios interactivos. Mejora tu espa\u00f1ol y aprende nuevo vocabulario\" \/>\n<meta property=\"og:url\" content=\"https:\/\/www.esidioma.com\/es\/producto\/25-textos-en-espanol-facil-nivel-a1-libro-1-papel\" \/>\n<meta property=\"og:site_name\" content=\"Esidioma\" \/>\n<meta property=\"article:modified_time\" content=\"2025-12-30T14:17:13+00:00\" \/>\n<meta property=\"og:image\" content=\"https:\/\/www.esidioma.com\/wp-content\/uploads\/ABOOK_25_A1_01_multiidioma_papel.jpg\" \/>\n\t<meta property=\"og:image:width\" content=\"1194\" \/>\n\t<meta property=\"og:image:height\" content=\"1194\" \/>\n\t<meta property=\"og:image:type\" content=\"image\/jpeg\" \/>\n<meta name=\"twitter:card\" content=\"summary_large_image\" \/>\n<meta name=\"twitter:label1\" content=\"Tiempo de lectura\" \/>\n\t<meta name=\"twitter:data1\" content=\"3 minutos\" \/>\n<script type=\"application\/ld+json\" class=\"yoast-schema-graph\">{\"@context\":\"https:\\\/\\\/schema.org\",\"@graph\":[{\"@type\":\"WebPage\",\"@id\":\"https:\\\/\\\/www.esidioma.com\\\/es\\\/producto\\\/25-textos-en-espanol-facil-nivel-a1-libro-1-papel\",\"url\":\"https:\\\/\\\/www.esidioma.com\\\/es\\\/producto\\\/25-textos-en-espanol-facil-nivel-a1-libro-1-papel\",\"name\":\"25 textos en espa\u00f1ol f\u00e1cil: Nivel A1 - Libro 1 (papel) - Esidioma\",\"isPartOf\":{\"@id\":\"https:\\\/\\\/www.esidioma.com\\\/es#website\"},\"primaryImageOfPage\":{\"@id\":\"https:\\\/\\\/www.esidioma.com\\\/es\\\/producto\\\/25-textos-en-espanol-facil-nivel-a1-libro-1-papel#primaryimage\"},\"image\":{\"@id\":\"https:\\\/\\\/www.esidioma.com\\\/es\\\/producto\\\/25-textos-en-espanol-facil-nivel-a1-libro-1-papel#primaryimage\"},\"thumbnailUrl\":\"https:\\\/\\\/www.esidioma.com\\\/wp-content\\\/uploads\\\/ABOOK_25_A1_01_multiidioma_papel.jpg\",\"datePublished\":\"2024-10-23T11:21:44+00:00\",\"dateModified\":\"2025-12-30T14:17:13+00:00\",\"description\":\"Este libro contiene 50 di\u00e1logos para estudiantes intermedios de espa\u00f1ol (nivel B1-B2) con audio y ejercicios interactivos. Mejora tu espa\u00f1ol y aprende nuevo vocabulario\",\"breadcrumb\":{\"@id\":\"https:\\\/\\\/www.esidioma.com\\\/es\\\/producto\\\/25-textos-en-espanol-facil-nivel-a1-libro-1-papel#breadcrumb\"},\"inLanguage\":\"es\",\"potentialAction\":[{\"@type\":\"ReadAction\",\"target\":[\"https:\\\/\\\/www.esidioma.com\\\/es\\\/producto\\\/25-textos-en-espanol-facil-nivel-a1-libro-1-papel\"]}]},{\"@type\":\"ImageObject\",\"inLanguage\":\"es\",\"@id\":\"https:\\\/\\\/www.esidioma.com\\\/es\\\/producto\\\/25-textos-en-espanol-facil-nivel-a1-libro-1-papel#primaryimage\",\"url\":\"https:\\\/\\\/www.esidioma.com\\\/wp-content\\\/uploads\\\/ABOOK_25_A1_01_multiidioma_papel.jpg\",\"contentUrl\":\"https:\\\/\\\/www.esidioma.com\\\/wp-content\\\/uploads\\\/ABOOK_25_A1_01_multiidioma_papel.jpg\",\"width\":1194,\"height\":1194},{\"@type\":\"BreadcrumbList\",\"@id\":\"https:\\\/\\\/www.esidioma.com\\\/es\\\/producto\\\/25-textos-en-espanol-facil-nivel-a1-libro-1-papel#breadcrumb\",\"itemListElement\":[{\"@type\":\"ListItem\",\"position\":1,\"name\":\"Home\",\"item\":\"https:\\\/\\\/www.esidioma.com\\\/es\"},{\"@type\":\"ListItem\",\"position\":2,\"name\":\"Shop\",\"item\":\"https:\\\/\\\/www.esidioma.com\\\/shop\"},{\"@type\":\"ListItem\",\"position\":3,\"name\":\"25 textos en espa\u00f1ol f\u00e1cil: Nivel A1 &#8211; Libro 1 (papel)\"}]},{\"@type\":\"WebSite\",\"@id\":\"https:\\\/\\\/www.esidioma.com\\\/es#website\",\"url\":\"https:\\\/\\\/www.esidioma.com\\\/es\",\"name\":\"Esidioma\",\"description\":\"Learn Spanish with us\",\"potentialAction\":[{\"@type\":\"SearchAction\",\"target\":{\"@type\":\"EntryPoint\",\"urlTemplate\":\"https:\\\/\\\/www.esidioma.com\\\/es?s={search_term_string}\"},\"query-input\":{\"@type\":\"PropertyValueSpecification\",\"valueRequired\":true,\"valueName\":\"search_term_string\"}}],\"inLanguage\":\"es\"}]}<\/script>\n<!-- \/ Yoast SEO plugin. -->","yoast_head_json":{"title":"25 textos en espa\u00f1ol f\u00e1cil: Nivel A1 - Libro 1 (papel) - Esidioma","description":"Este libro contiene 50 di\u00e1logos para estudiantes intermedios de espa\u00f1ol (nivel B1-B2) con audio y ejercicios interactivos. Mejora tu espa\u00f1ol y aprende nuevo vocabulario","robots":{"index":"index","follow":"follow","max-snippet":"max-snippet:-1","max-image-preview":"max-image-preview:large","max-video-preview":"max-video-preview:-1"},"canonical":"https:\/\/www.esidioma.com\/es\/producto\/25-textos-en-espanol-facil-nivel-a1-libro-1-papel","og_locale":"es_ES","og_type":"article","og_title":"25 textos en espa\u00f1ol f\u00e1cil: Nivel A1 - Libro 1 (papel) - Esidioma","og_description":"Este libro contiene 50 di\u00e1logos para estudiantes intermedios de espa\u00f1ol (nivel B1-B2) con audio y ejercicios interactivos. Mejora tu espa\u00f1ol y aprende nuevo vocabulario","og_url":"https:\/\/www.esidioma.com\/es\/producto\/25-textos-en-espanol-facil-nivel-a1-libro-1-papel","og_site_name":"Esidioma","article_modified_time":"2025-12-30T14:17:13+00:00","og_image":[{"width":1194,"height":1194,"url":"https:\/\/www.esidioma.com\/wp-content\/uploads\/ABOOK_25_A1_01_multiidioma_papel.jpg","type":"image\/jpeg"}],"twitter_card":"summary_large_image","twitter_misc":{"Tiempo de lectura":"3 minutos"},"schema":{"@context":"https:\/\/schema.org","@graph":[{"@type":"WebPage","@id":"https:\/\/www.esidioma.com\/es\/producto\/25-textos-en-espanol-facil-nivel-a1-libro-1-papel","url":"https:\/\/www.esidioma.com\/es\/producto\/25-textos-en-espanol-facil-nivel-a1-libro-1-papel","name":"25 textos en espa\u00f1ol f\u00e1cil: Nivel A1 - Libro 1 (papel) - Esidioma","isPartOf":{"@id":"https:\/\/www.esidioma.com\/es#website"},"primaryImageOfPage":{"@id":"https:\/\/www.esidioma.com\/es\/producto\/25-textos-en-espanol-facil-nivel-a1-libro-1-papel#primaryimage"},"image":{"@id":"https:\/\/www.esidioma.com\/es\/producto\/25-textos-en-espanol-facil-nivel-a1-libro-1-papel#primaryimage"},"thumbnailUrl":"https:\/\/www.esidioma.com\/wp-content\/uploads\/ABOOK_25_A1_01_multiidioma_papel.jpg","datePublished":"2024-10-23T11:21:44+00:00","dateModified":"2025-12-30T14:17:13+00:00","description":"Este libro contiene 50 di\u00e1logos para estudiantes intermedios de espa\u00f1ol (nivel B1-B2) con audio y ejercicios interactivos. Mejora tu espa\u00f1ol y aprende nuevo vocabulario","breadcrumb":{"@id":"https:\/\/www.esidioma.com\/es\/producto\/25-textos-en-espanol-facil-nivel-a1-libro-1-papel#breadcrumb"},"inLanguage":"es","potentialAction":[{"@type":"ReadAction","target":["https:\/\/www.esidioma.com\/es\/producto\/25-textos-en-espanol-facil-nivel-a1-libro-1-papel"]}]},{"@type":"ImageObject","inLanguage":"es","@id":"https:\/\/www.esidioma.com\/es\/producto\/25-textos-en-espanol-facil-nivel-a1-libro-1-papel#primaryimage","url":"https:\/\/www.esidioma.com\/wp-content\/uploads\/ABOOK_25_A1_01_multiidioma_papel.jpg","contentUrl":"https:\/\/www.esidioma.com\/wp-content\/uploads\/ABOOK_25_A1_01_multiidioma_papel.jpg","width":1194,"height":1194},{"@type":"BreadcrumbList","@id":"https:\/\/www.esidioma.com\/es\/producto\/25-textos-en-espanol-facil-nivel-a1-libro-1-papel#breadcrumb","itemListElement":[{"@type":"ListItem","position":1,"name":"Home","item":"https:\/\/www.esidioma.com\/es"},{"@type":"ListItem","position":2,"name":"Shop","item":"https:\/\/www.esidioma.com\/shop"},{"@type":"ListItem","position":3,"name":"25 textos en espa\u00f1ol f\u00e1cil: Nivel A1 &#8211; Libro 1 (papel)"}]},{"@type":"WebSite","@id":"https:\/\/www.esidioma.com\/es#website","url":"https:\/\/www.esidioma.com\/es","name":"Esidioma","description":"Learn Spanish with us","potentialAction":[{"@type":"SearchAction","target":{"@type":"EntryPoint","urlTemplate":"https:\/\/www.esidioma.com\/es?s={search_term_string}"},"query-input":{"@type":"PropertyValueSpecification","valueRequired":true,"valueName":"search_term_string"}}],"inLanguage":"es"}]}},"jetpack_sharing_enabled":true,"_links":{"self":[{"href":"https:\/\/www.esidioma.com\/es\/wp-json\/wp\/v2\/product\/21809","targetHints":{"allow":["GET"]}}],"collection":[{"href":"https:\/\/www.esidioma.com\/es\/wp-json\/wp\/v2\/product"}],"about":[{"href":"https:\/\/www.esidioma.com\/es\/wp-json\/wp\/v2\/types\/product"}],"replies":[{"embeddable":true,"href":"https:\/\/www.esidioma.com\/es\/wp-json\/wp\/v2\/comments?post=21809"}],"wp:featuredmedia":[{"embeddable":true,"href":"https:\/\/www.esidioma.com\/es\/wp-json\/wp\/v2\/media\/22654"}],"wp:attachment":[{"href":"https:\/\/www.esidioma.com\/es\/wp-json\/wp\/v2\/media?parent=21809"}],"wp:term":[{"taxonomy":"product_brand","embeddable":true,"href":"https:\/\/www.esidioma.com\/es\/wp-json\/wp\/v2\/product_brand?post=21809"},{"taxonomy":"product_cat","embeddable":true,"href":"https:\/\/www.esidioma.com\/es\/wp-json\/wp\/v2\/product_cat?post=21809"},{"taxonomy":"product_tag","embeddable":true,"href":"https:\/\/www.esidioma.com\/es\/wp-json\/wp\/v2\/product_tag?post=21809"}],"curies":[{"name":"wp","href":"https:\/\/api.w.org\/{rel}","templated":true}]}}