{"id":23714,"date":"2024-12-03T11:09:19","date_gmt":"2024-12-03T09:09:19","guid":{"rendered":"https:\/\/www.esidioma.com\/?post_type=product&#038;p=23714"},"modified":"2026-04-27T01:52:57","modified_gmt":"2026-04-26T23:52:57","slug":"los-verbos-en-espanol-nivel-a1-a2-ebook","status":"publish","type":"product","link":"https:\/\/www.esidioma.com\/es\/producto\/los-verbos-en-espanol-nivel-a1-a2-ebook","title":{"rendered":"Los verbos en espa\u00f1ol (principiante): Tablas y ejercicios. Nivel A1-A2 (ebook)"},"content":{"rendered":"<div class=\"container-fluid\">\r\n   <div class=\"row\">\r\n      <div class=\"col-xs-12\">\r\n         <p>Con este libro para principiantes, aprender los verbos en espa\u00f1ol es f\u00e1cil y divertido. Est\u00e1 lleno de <strong>ejemplos de la vida real<\/strong> que te ayudar\u00e1n a usar el espa\u00f1ol en todo tipo de situaciones. Los conceptos se construyen paso a paso, as\u00ed que <strong>nunca te sentir\u00e1s perdido<\/strong>. Adem\u00e1s, ver\u00e1s todo tipo de ejemplos, para que puedas entender <strong>c\u00f3mo y cu\u00e1ndo<\/strong> debes usar cada tiempo verbales. Este libro te ayudar\u00e1 a comunicarte de manera natural y fluida.<\/p>\r\n      <\/div>\r\n   <\/div>\r\n   <div class=\"row\">\r\n      <div class=\"col-lg-6 col-md-6 col-sm-6 col-xs-12\">\r\n         <h3>Escucha muestras de este libro:<\/h3>\r\n         <p>\r\n            <audio style=\"color: #95b9c7;\" controls=\"controls\">\r\n               <source src=\"\/wp-content\/uploads\/sample_E_VE_A1A2_a.mp3\" type=\"audio\/mpeg\">\r\n               Tu navegador no soporta el elemento de audio.\r\n            <\/audio>\r\n         <\/p>\r\n         <p>\r\n            <audio style=\"color: #95b9c7;\" controls=\"controls\">\r\n               <source src=\"\/wp-content\/uploads\/sample_E_VE_A1A2_b.mp3\" type=\"audio\/mpeg\">\r\n               Tu navegador no soporta el elemento de audio.\r\n            <\/audio>\r\n         <\/p>\r\n      <\/div>\r\n      <div class=\"col-lg-6 col-md-6 col-sm-6 col-xs-12\">\r\n         <h3 class=\"hidden-xs\">Lee muestras de este libro. Haz clic para ampliar:<\/h3>\r\n         <h3 class=\"hidden-lg hidden-md hidden-sm visible-xs-block\">Lee muestras de este libro:<\/h3>\r\n<div class=\"row mi-galeria-producto\"><a href=\"\/wp-content\/uploads\/sample_E_VE_A1A2_ES_EN_MULTI_01.jpg\" data-fancybox=\"gallery\" title=\"Sistema Esidioma - muestra\"><img decoding=\"async\" class=\"col-lg-6 col-md-12 col-sm-12 col-xs-12\" id=\"thumb_296\" src=\"\/wp-content\/uploads\/sample_E_VE_A1A2_ES_EN_MULTI_01.jpg\" alt=\"Sistema Esidioma - muestra\" title=\"Sistema Esidioma - muestra\" itemprop=\"image\" \/><\/a><a href=\"\/wp-content\/uploads\/sample_E_VE_A1A2_ES_EN_MULTI_02.jpg\" data-fancybox=\"gallery\" title=\"Sistema Esidioma - muestra\"><img decoding=\"async\" class=\"col-lg-6 col-md-12 col-sm-12 col-xs-12\" id=\"thumb_296\" src=\"\/wp-content\/uploads\/sample_E_VE_A1A2_ES_EN_MULTI_02.jpg\" alt=\"Sistema Esidioma - muestra\" title=\"Sistema Esidioma - muestra\" itemprop=\"image\" \/><\/a><a href=\"\/wp-content\/uploads\/sample_E_VE_A1A2_ES_EN_MULTI_03.jpg\" data-fancybox=\"gallery\" title=\"Sistema Esidioma - muestra\"><img decoding=\"async\" class=\"col-lg-6 col-md-12 col-sm-12 col-xs-12\" id=\"thumb_296\" src=\"\/wp-content\/uploads\/sample_E_VE_A1A2_ES_EN_MULTI_03.jpg\" alt=\"Sistema Esidioma - muestra\" title=\"Sistema Kalinka - muestra\" itemprop=\"image\" \/><\/a><a href=\"\/wp-content\/uploads\/sample_E_VE_A1A2_ES_EN_MULTI_04.jpg\" data-fancybox=\"gallery\" title=\"Sistema Esidioma - muestra\"><img decoding=\"async\" class=\"col-lg-6 col-md-12 col-sm-12 col-xs-12\" id=\"thumb_296\" src=\"\/wp-content\/uploads\/sample_E_VE_A1A2_ES_EN_MULTI_04.jpg\" alt=\"Sistema Esidioma - muestra\" title=\"Sistema Esidioma - muestra\" itemprop=\"image\" \/><\/a><a href=\"\/wp-content\/uploads\/sample_E_VE_A1A2_ES_EN_MULTI_05.jpg\" data-fancybox=\"gallery\" title=\"Sistema Esidioma - muestra\"><img decoding=\"async\" class=\"col-lg-6 col-md-12 col-sm-12 col-xs-12\" id=\"thumb_296\" src=\"\/wp-content\/uploads\/sample_E_VE_A1A2_ES_EN_MULTI_05.jpg\" alt=\"Sistema Esidioma - muestra\" title=\"Sistema Esidioma - muestra\" itemprop=\"image\" \/><\/a><a href=\"\/wp-content\/uploads\/sample_E_VE_A1A2_ES_EN_MULTI_06.jpg\" data-fancybox=\"gallery\" title=\"Sistema Esidioma - muestra\"><img decoding=\"async\" class=\"col-lg-6 col-md-12 col-sm-12 col-xs-12\" id=\"thumb_296\" src=\"\/wp-content\/uploads\/sample_E_VE_A1A2_ES_EN_MULTI_06.jpg\" alt=\"Sistema Esidioma - muestra\" title=\"Sistema Esidioma - muestra\" itemprop=\"image\" \/><\/a><\/div>\r\n      <\/div>\r\n   <\/div>\r\n   <div class=\"row\">\r\n      <div class=\"col-xs-12\">\r\n         <p><\/p>\r\n         <h2>Beneficios de usar este libro:<\/h2>\r\n         <ul>\r\n         <li>Te damos ejemplos pr\u00e1cticos de <strong>la vida real<\/strong> para ayudarte a usar los verbos en espa\u00f1ol en situaciones del d\u00eda a d\u00eda.<\/li>\r\n         <li>Te ense\u00f1amos nuevos conceptos teniendo en cuenta lo que ya has aprendido. As\u00ed no tendr\u00e1s la desagradable sensaci\u00f3n de <strong>&#8220;estoy totalmente perdido&#8221;.<\/strong><\/li>\r\n         <li>Nos centramos en la <strong>comunicaci\u00f3n real<\/strong>. Aprender\u00e1s c\u00f3mo y cu\u00e1ndo usar los diferentes tiempos verbales.<\/li>\r\n         <\/ul>\r\n      <\/div>\r\n   <\/div>\r\n   <div class=\"row\">\r\n      <div class=\"col-xs-12\">\r\n         <p><\/p>\r\n         <h2>Verbos en espa\u00f1ol &#8211; Nivel A1-A2 &#8211; Contenido<\/h2>\r\n         <p>Estos son los contenidos generales de este libro:<\/p>\r\n      <\/div>\r\n   <\/div>\r\n   <div class=\"row\">\r\n      <div class=\"col-xs-12 indice-libro-texto-en-descripcion-producto\">\r\n         <h3>Cap\u00edtulo 1: El infinitivo<\/h3>\r\n         <p>\u00bfQu\u00e9 es el infinitivo?<br>\r\n            Los tres tipos de conjugaciones verbales en espa\u00f1ol\r\n         <\/p>\r\n         <h3>Cap\u00edtulo 2: El presente<\/h3>\r\n         <p>Terminaciones verbales en el tiempo presente<br>\r\n            Formas de los verbos irregulares<\/p>\r\n         <h3>Cap\u00edtulo 3: Los verbos reflexivos<\/h3>\r\n         <p>Verbos y pronombres reflexivos<br>\r\n            Los verbos reflexivos m\u00e1s comunes<\/p>\r\n         <h3>Cap\u00edtulo 4: El gerundio<\/h3>\r\n         <p>C\u00f3mo formar el gerundio en espa\u00f1ol<br>\r\n            La construcci\u00f3n &#8220;estar + gerundio&#8221; para expresar acciones en curso<\/p>\r\n         <h3>Cap\u00edtulo 5: El pasado simple<\/h3>\r\n         <p>Terminaciones verbales en el pasado simple<br>\r\n            Marcadores temporales para el pasado simple<\/p>\r\n         <h3>Cap\u00edtulo 6: El pret\u00e9rito imperfecto<\/h3>\r\n         <p>Terminaciones verbales en el pret\u00e9rito imperfecto<br>\r\n            Marcadores temporales para el pret\u00e9rito imperfecto<\/p>\r\n         <h3>Cap\u00edtulo 7: Comparaci\u00f3n: Pasado simple vs Pret\u00e9rito imperfecto<\/h3>\r\n         <p>Resumen de las situaciones en las que se utiliza cada tiempo verbal<br>\r\n            Marcadores temporales para estos tiempos verbales<\/p>\r\n         <h3>Cap\u00edtulo 8: El pret\u00e9rito perfecto compuesto<\/h3>\r\n         <p>Terminaciones verbales en el pret\u00e9rito perfecto compuesto<br>\r\n            Marcadores temporales para el pret\u00e9rito perfecto compuesto<\/p>\r\n         <h3>Cap\u00edtulo 9: Comparaci\u00f3n: Pasado simple vs Pret\u00e9rito imperfecto vs Pret\u00e9rito perfecto compuesto<\/h3>\r\n         <p>Resumen de las situaciones en las que se utilizan estos tiempos verbales<br>\r\n            Marcadores temporales para estos tiempos verbales<\/p>\r\n         <h3>Cap\u00edtulo 10: El futuro<\/h3>\r\n         <p>Expresar el futuro con la frase &#8220;ir + infinitivo&#8221;<br>\r\n            Terminaciones del tiempo futuro y marcadores temporales<\/p>\r\n         <h3>Cap\u00edtulo 11: El imperativo<\/h3>\r\n         <p>Formaci\u00f3n del imperativo en comandos afirmativos<br>\r\n            Las excepciones m\u00e1s comunes<\/p>\r\n      <\/div>\r\n   <\/div>\r\n   <hr \/>\r\n   <div class=\"row\">\r\n      <div class=\"col-xs-12\">\r\n         <h2>Aprende y ense\u00f1a espa\u00f1ol en cualquier lugar<\/h2>\r\n         <p>Este libro viene en formato PDF y es compatible con cualquier dispositivo (PC, port\u00e1til, Mac, iPad, tableta, &#8230;). Incluye grabaciones profesionales en mp3. Puedes escuchar el audio mientras lees el libro, o reproducir las grabaciones mp3 en tu tel\u00e9fono o reproductor de audio y escucharlas en cualquier lugar.<\/p>\r\n      <\/div>\r\n   <\/div>\r\n   <div class=\"row\">\r\n      <div class=\"col-xs-12\">\r\n         <h2>\u00bfTienes preguntas? Cont\u00e1ctanos<\/h2>\r\n         <p>Si tienes alguna pregunta, por favor <a href=\"https:\/\/www.esidioma.com\/es\/contacto\">ponte en contacto con nosotros<\/a>.<\/p>\r\n      <\/div>\r\n   <\/div>\r\n<\/div>\r\n","protected":false},"excerpt":{"rendered":"<div class=\"container-fluid\">\r\n   <div class=\"row\">\r\n      <div class=\"col-xs-12\">\r\n         <!-- este div es la descripcion para Google Shopping-->\r\n         <div hidden=\"\">\r\n            <p>Verbos en espa\u00f1ol. Libro de ejercicios para principiantes: Nivel A1-A2. \u00bfSabes c\u00f3mo conjugar los verbos en espa\u00f1ol y cu\u00e1ndo usar cada tiempo verbal? Hemos creado este libro <strong>para principiantes<\/strong> para ayudarte:<\/p>\r\n         <\/div>\r\n         <!-- fin de la descripci\u00f3n para Google Shopping-->\r\n         <div class=\"etiquetas-productos\">\r\n            <p><span class=\"ep-nivel A2\">Nivel: Principiante<\/span><span class=\"ep-formato\">ebook + audio<\/span><span class=\"ep-campus\">SIN acceso al campus online<\/span><span class=\"ep-extras\">106 p\u00e1ginas<\/span><\/p>\r\n         <\/div>    \r\n         <p>\u00bfNo <strong>entiendes bien<\/strong> los verbos y tiempos verbales en espa\u00f1ol? Este libro <strong>para principiantes<\/strong> te va a ayudar:<\/p>\r\n         <ol>\r\n            <li><strong>Explicaciones claras<\/strong> de cada tiempo verbal.<\/li>\r\n            <li>Tablas <strong>con audio<\/strong> para recordar las formas verbales.<\/li>\r\n            <li><strong>Ejemplos de uso real<\/strong> de cada tiempo verbal.<\/li>\r\n            <li>Ejercicios con <strong>m\u00e1s de 600 preguntas<\/strong>.<\/li>\r\n            <li><strong>Soluciones<\/strong> para todos los ejercicios al final del libro.<\/li>\r\n         <\/ol>\r\n         <p><span class=\"mi-cuadro-importante\">\u00a1El mejor m\u00e9todo paso a paso para <strong>finalmente entender<\/strong> los verbos en espa\u00f1ol!<\/span><\/p>\r\n      [imagenes_tipo_libro]\r\n      <\/div>\r\n   <\/div>\r\n<\/div>\r\n","protected":false},"featured_media":23801,"comment_status":"open","ping_status":"closed","template":"","meta":[],"product_brand":[],"product_cat":[85,181,86,145,77,97],"product_tag":[],"class_list":{"0":"post-23714","1":"product","2":"type-product","3":"status-publish","4":"has-post-thumbnail","6":"product_cat-ebook-libro-digital","7":"product_cat-libros-de-ejercicios","8":"product_cat-libros-de-espanol-con-audio","9":"product_cat-libros-de-texto","10":"product_cat-libros-para-aprender-espanol","11":"product_cat-multi-idioma","13":"first","14":"instock","15":"taxable","16":"shipping-taxable","17":"purchasable","18":"product-type-variable","19":"rtwpvs-product"},"yoast_head":"<!-- This site is optimized with the Yoast SEO plugin v27.5 - https:\/\/yoast.com\/product\/yoast-seo-wordpress\/ -->\n<title>Los verbos en espa\u00f1ol (principiante): Tablas y ejercicios. Nivel A1-A2 (ebook) - Esidioma<\/title>\n<meta name=\"robots\" content=\"index, follow, max-snippet:-1, max-image-preview:large, max-video-preview:-1\" \/>\n<link rel=\"canonical\" href=\"https:\/\/www.esidioma.com\/es\/producto\/los-verbos-en-espanol-nivel-a1-a2-ebook\" \/>\n<meta property=\"og:locale\" content=\"es_ES\" \/>\n<meta property=\"og:type\" content=\"article\" \/>\n<meta property=\"og:title\" content=\"Los verbos en espa\u00f1ol (principiante): Tablas y ejercicios. Nivel A1-A2 (ebook) - Esidioma\" \/>\n<meta property=\"og:description\" content=\"Verbos en espa\u00f1ol. Libro de ejercicios para principiantes: Nivel A1-A2. \u00bfSabes c\u00f3mo conjugar los verbos en espa\u00f1ol y cu\u00e1ndo usar cada tiempo verbal? Hemos creado este libro para principiantes para ayudarte:                        Nivel: Principianteebook + audioSIN acceso al campus online106 p\u00e1ginas             \u00bfNo entiendes bien los verbos y tiempos verbales en espa\u00f1ol? Este libro para principiantes te va a ayudar:             Explicaciones claras de cada tiempo verbal.       Tablas con audio para recordar las formas verbales.       Ejemplos de uso real de cada tiempo verbal.       Ejercicios con m\u00e1s de 600 preguntas.       Soluciones para todos los ejercicios al final del libro.           \u00a1El mejor m\u00e9todo paso a paso para finalmente entender los verbos en espa\u00f1ol!\" \/>\n<meta property=\"og:url\" content=\"https:\/\/www.esidioma.com\/es\/producto\/los-verbos-en-espanol-nivel-a1-a2-ebook\" \/>\n<meta property=\"og:site_name\" content=\"Esidioma\" \/>\n<meta property=\"article:modified_time\" content=\"2026-04-26T23:52:57+00:00\" \/>\n<meta property=\"og:image\" content=\"https:\/\/www.esidioma.com\/wp-content\/uploads\/E_VE_A1A2_ES_RU_MULTI_ES_ebook.jpg\" \/>\n\t<meta property=\"og:image:width\" content=\"1194\" \/>\n\t<meta property=\"og:image:height\" content=\"1194\" \/>\n\t<meta property=\"og:image:type\" content=\"image\/jpeg\" \/>\n<meta name=\"twitter:card\" content=\"summary_large_image\" \/>\n<meta name=\"twitter:label1\" content=\"Tiempo de lectura\" \/>\n\t<meta name=\"twitter:data1\" content=\"4 minutos\" \/>\n<script type=\"application\/ld+json\" class=\"yoast-schema-graph\">{\"@context\":\"https:\\\/\\\/schema.org\",\"@graph\":[{\"@type\":\"WebPage\",\"@id\":\"https:\\\/\\\/www.esidioma.com\\\/es\\\/producto\\\/los-verbos-en-espanol-nivel-a1-a2-ebook\",\"url\":\"https:\\\/\\\/www.esidioma.com\\\/es\\\/producto\\\/los-verbos-en-espanol-nivel-a1-a2-ebook\",\"name\":\"Los verbos en espa\u00f1ol (principiante): Tablas y ejercicios. Nivel A1-A2 (ebook) - Esidioma\",\"isPartOf\":{\"@id\":\"https:\\\/\\\/www.esidioma.com\\\/es#website\"},\"primaryImageOfPage\":{\"@id\":\"https:\\\/\\\/www.esidioma.com\\\/es\\\/producto\\\/los-verbos-en-espanol-nivel-a1-a2-ebook#primaryimage\"},\"image\":{\"@id\":\"https:\\\/\\\/www.esidioma.com\\\/es\\\/producto\\\/los-verbos-en-espanol-nivel-a1-a2-ebook#primaryimage\"},\"thumbnailUrl\":\"https:\\\/\\\/www.esidioma.com\\\/wp-content\\\/uploads\\\/E_VE_A1A2_ES_RU_MULTI_ES_ebook.jpg\",\"datePublished\":\"2024-12-03T09:09:19+00:00\",\"dateModified\":\"2026-04-26T23:52:57+00:00\",\"breadcrumb\":{\"@id\":\"https:\\\/\\\/www.esidioma.com\\\/es\\\/producto\\\/los-verbos-en-espanol-nivel-a1-a2-ebook#breadcrumb\"},\"inLanguage\":\"es\",\"potentialAction\":[{\"@type\":\"ReadAction\",\"target\":[\"https:\\\/\\\/www.esidioma.com\\\/es\\\/producto\\\/los-verbos-en-espanol-nivel-a1-a2-ebook\"]}]},{\"@type\":\"ImageObject\",\"inLanguage\":\"es\",\"@id\":\"https:\\\/\\\/www.esidioma.com\\\/es\\\/producto\\\/los-verbos-en-espanol-nivel-a1-a2-ebook#primaryimage\",\"url\":\"https:\\\/\\\/www.esidioma.com\\\/wp-content\\\/uploads\\\/E_VE_A1A2_ES_RU_MULTI_ES_ebook.jpg\",\"contentUrl\":\"https:\\\/\\\/www.esidioma.com\\\/wp-content\\\/uploads\\\/E_VE_A1A2_ES_RU_MULTI_ES_ebook.jpg\",\"width\":1194,\"height\":1194,\"caption\":\"Esidioma. Verbos espa\u00f1oles.\"},{\"@type\":\"BreadcrumbList\",\"@id\":\"https:\\\/\\\/www.esidioma.com\\\/es\\\/producto\\\/los-verbos-en-espanol-nivel-a1-a2-ebook#breadcrumb\",\"itemListElement\":[{\"@type\":\"ListItem\",\"position\":1,\"name\":\"Home\",\"item\":\"https:\\\/\\\/www.esidioma.com\\\/es\"},{\"@type\":\"ListItem\",\"position\":2,\"name\":\"Shop\",\"item\":\"https:\\\/\\\/www.esidioma.com\\\/shop\"},{\"@type\":\"ListItem\",\"position\":3,\"name\":\"Los verbos en espa\u00f1ol (principiante): Tablas y ejercicios. Nivel A1-A2 (ebook)\"}]},{\"@type\":\"WebSite\",\"@id\":\"https:\\\/\\\/www.esidioma.com\\\/es#website\",\"url\":\"https:\\\/\\\/www.esidioma.com\\\/es\",\"name\":\"Esidioma\",\"description\":\"Learn Spanish with us\",\"potentialAction\":[{\"@type\":\"SearchAction\",\"target\":{\"@type\":\"EntryPoint\",\"urlTemplate\":\"https:\\\/\\\/www.esidioma.com\\\/es?s={search_term_string}\"},\"query-input\":{\"@type\":\"PropertyValueSpecification\",\"valueRequired\":true,\"valueName\":\"search_term_string\"}}],\"inLanguage\":\"es\"}]}<\/script>\n<!-- \/ Yoast SEO plugin. -->","yoast_head_json":{"title":"Los verbos en espa\u00f1ol (principiante): Tablas y ejercicios. Nivel A1-A2 (ebook) - Esidioma","robots":{"index":"index","follow":"follow","max-snippet":"max-snippet:-1","max-image-preview":"max-image-preview:large","max-video-preview":"max-video-preview:-1"},"canonical":"https:\/\/www.esidioma.com\/es\/producto\/los-verbos-en-espanol-nivel-a1-a2-ebook","og_locale":"es_ES","og_type":"article","og_title":"Los verbos en espa\u00f1ol (principiante): Tablas y ejercicios. Nivel A1-A2 (ebook) - Esidioma","og_description":"Verbos en espa\u00f1ol. Libro de ejercicios para principiantes: Nivel A1-A2. \u00bfSabes c\u00f3mo conjugar los verbos en espa\u00f1ol y cu\u00e1ndo usar cada tiempo verbal? Hemos creado este libro para principiantes para ayudarte:                        Nivel: Principianteebook + audioSIN acceso al campus online106 p\u00e1ginas             \u00bfNo entiendes bien los verbos y tiempos verbales en espa\u00f1ol? Este libro para principiantes te va a ayudar:             Explicaciones claras de cada tiempo verbal.       Tablas con audio para recordar las formas verbales.       Ejemplos de uso real de cada tiempo verbal.       Ejercicios con m\u00e1s de 600 preguntas.       Soluciones para todos los ejercicios al final del libro.           \u00a1El mejor m\u00e9todo paso a paso para finalmente entender los verbos en espa\u00f1ol!","og_url":"https:\/\/www.esidioma.com\/es\/producto\/los-verbos-en-espanol-nivel-a1-a2-ebook","og_site_name":"Esidioma","article_modified_time":"2026-04-26T23:52:57+00:00","og_image":[{"width":1194,"height":1194,"url":"https:\/\/www.esidioma.com\/wp-content\/uploads\/E_VE_A1A2_ES_RU_MULTI_ES_ebook.jpg","type":"image\/jpeg"}],"twitter_card":"summary_large_image","twitter_misc":{"Tiempo de lectura":"4 minutos"},"schema":{"@context":"https:\/\/schema.org","@graph":[{"@type":"WebPage","@id":"https:\/\/www.esidioma.com\/es\/producto\/los-verbos-en-espanol-nivel-a1-a2-ebook","url":"https:\/\/www.esidioma.com\/es\/producto\/los-verbos-en-espanol-nivel-a1-a2-ebook","name":"Los verbos en espa\u00f1ol (principiante): Tablas y ejercicios. Nivel A1-A2 (ebook) - Esidioma","isPartOf":{"@id":"https:\/\/www.esidioma.com\/es#website"},"primaryImageOfPage":{"@id":"https:\/\/www.esidioma.com\/es\/producto\/los-verbos-en-espanol-nivel-a1-a2-ebook#primaryimage"},"image":{"@id":"https:\/\/www.esidioma.com\/es\/producto\/los-verbos-en-espanol-nivel-a1-a2-ebook#primaryimage"},"thumbnailUrl":"https:\/\/www.esidioma.com\/wp-content\/uploads\/E_VE_A1A2_ES_RU_MULTI_ES_ebook.jpg","datePublished":"2024-12-03T09:09:19+00:00","dateModified":"2026-04-26T23:52:57+00:00","breadcrumb":{"@id":"https:\/\/www.esidioma.com\/es\/producto\/los-verbos-en-espanol-nivel-a1-a2-ebook#breadcrumb"},"inLanguage":"es","potentialAction":[{"@type":"ReadAction","target":["https:\/\/www.esidioma.com\/es\/producto\/los-verbos-en-espanol-nivel-a1-a2-ebook"]}]},{"@type":"ImageObject","inLanguage":"es","@id":"https:\/\/www.esidioma.com\/es\/producto\/los-verbos-en-espanol-nivel-a1-a2-ebook#primaryimage","url":"https:\/\/www.esidioma.com\/wp-content\/uploads\/E_VE_A1A2_ES_RU_MULTI_ES_ebook.jpg","contentUrl":"https:\/\/www.esidioma.com\/wp-content\/uploads\/E_VE_A1A2_ES_RU_MULTI_ES_ebook.jpg","width":1194,"height":1194,"caption":"Esidioma. Verbos espa\u00f1oles."},{"@type":"BreadcrumbList","@id":"https:\/\/www.esidioma.com\/es\/producto\/los-verbos-en-espanol-nivel-a1-a2-ebook#breadcrumb","itemListElement":[{"@type":"ListItem","position":1,"name":"Home","item":"https:\/\/www.esidioma.com\/es"},{"@type":"ListItem","position":2,"name":"Shop","item":"https:\/\/www.esidioma.com\/shop"},{"@type":"ListItem","position":3,"name":"Los verbos en espa\u00f1ol (principiante): Tablas y ejercicios. Nivel A1-A2 (ebook)"}]},{"@type":"WebSite","@id":"https:\/\/www.esidioma.com\/es#website","url":"https:\/\/www.esidioma.com\/es","name":"Esidioma","description":"Learn Spanish with us","potentialAction":[{"@type":"SearchAction","target":{"@type":"EntryPoint","urlTemplate":"https:\/\/www.esidioma.com\/es?s={search_term_string}"},"query-input":{"@type":"PropertyValueSpecification","valueRequired":true,"valueName":"search_term_string"}}],"inLanguage":"es"}]}},"_links":{"self":[{"href":"https:\/\/www.esidioma.com\/es\/wp-json\/wp\/v2\/product\/23714","targetHints":{"allow":["GET"]}}],"collection":[{"href":"https:\/\/www.esidioma.com\/es\/wp-json\/wp\/v2\/product"}],"about":[{"href":"https:\/\/www.esidioma.com\/es\/wp-json\/wp\/v2\/types\/product"}],"replies":[{"embeddable":true,"href":"https:\/\/www.esidioma.com\/es\/wp-json\/wp\/v2\/comments?post=23714"}],"wp:featuredmedia":[{"embeddable":true,"href":"https:\/\/www.esidioma.com\/es\/wp-json\/wp\/v2\/media\/23801"}],"wp:attachment":[{"href":"https:\/\/www.esidioma.com\/es\/wp-json\/wp\/v2\/media?parent=23714"}],"wp:term":[{"taxonomy":"product_brand","embeddable":true,"href":"https:\/\/www.esidioma.com\/es\/wp-json\/wp\/v2\/product_brand?post=23714"},{"taxonomy":"product_cat","embeddable":true,"href":"https:\/\/www.esidioma.com\/es\/wp-json\/wp\/v2\/product_cat?post=23714"},{"taxonomy":"product_tag","embeddable":true,"href":"https:\/\/www.esidioma.com\/es\/wp-json\/wp\/v2\/product_tag?post=23714"}],"curies":[{"name":"wp","href":"https:\/\/api.w.org\/{rel}","templated":true}]}}