{"id":7976,"date":"2023-03-16T18:32:06","date_gmt":"2023-03-16T16:32:06","guid":{"rendered":"https:\/\/www.esidioma.com\/?post_type=product&#038;p=7976"},"modified":"2026-03-04T11:59:22","modified_gmt":"2026-03-04T09:59:22","slug":"aprende-1000-palabras-en-espanol-diccionario-visual-ebook","status":"publish","type":"product","link":"https:\/\/www.esidioma.com\/es\/producto\/aprende-1000-palabras-en-espanol-diccionario-visual-ebook","title":{"rendered":"Aprende 1000 palabras en espa\u00f1ol: Diccionario visual con audio y juegos interactivos (ebook)"},"content":{"rendered":"<div class=\"container-fluid\">\r\n   <div class=\"row\">\r\n      <div class=\"col-xs-12\">\r\n         <h2>\u00a1Pru\u00e9balo! Lee y escucha un fragmento de nuestro diccinario:<\/h2>\r\n      <\/div>\r\n   <\/div>\r\n   <div class=\"row\">\r\n      <div class=\"col-lg-6 col-md-6 col-sm-6 col-xs-12\">\r\n         <p>Escucha un fragmento de este libro:<\/p>\r\n         <p>\r\n            <audio style=\"color: #95b9c7;\" controls=\"controls\">\r\n               <source src=\"\/wp-content\/uploads\/sample_DIC_1000.mp3\" type=\"audio\/mpeg\">\r\n               Your browser does not support the audio element.\r\n            <\/audio>\r\n         <\/p>\r\n      <\/div>\r\n      <div class=\"col-lg-6 col-md-6 col-sm-6 col-xs-12\">\r\n         <p class=\"hidden-xs\">Lee un fragmento del diccionario. Haz click para ampliar:<\/p>\r\n         <p class=\"hidden-lg hidden-md hidden-sm visible-xs-block\">Lee un fragmento del diccionario:<\/p>\r\n         <div class=\"row mi-galeria-producto\"><a href=\"\/wp-content\/uploads\/sample_DIC_1000_ES_EN_ebook_01_espanol.jpg\" data-fancybox=\"gallery\" title=\"Book sample\"><img decoding=\"async\" class=\"col-lg-6 col-md-12 col-sm-12 col-xs-12\" id=\"thumb_296\" src=\"\/wp-content\/uploads\/sample_DIC_1000_ES_EN_ebook_01_espanol.jpg\" alt=\"Book sample\" title=\"Book sample\" itemprop=\"image\" \/><\/a> <a href=\"\/wp-content\/uploads\/sample_DIC_1000_ES_EN_ebook_02_espanol.jpg\" data-fancybox=\"gallery\" title=\"Book sample\"><img decoding=\"async\" class=\"col-lg-6 col-md-12 col-sm-12 col-xs-12\" id=\"thumb_296\" src=\"\/wp-content\/uploads\/sample_DIC_1000_ES_EN_ebook_02_espanol.jpg\" alt=\"Book sample\" title=\"Book sample\" itemprop=\"image\" \/><\/a> <a href=\"\/wp-content\/uploads\/sample_DIC_1000_ES_EN_ebook_03_espanol.jpg\" data-fancybox=\"gallery\" title=\"Book sample\"><img decoding=\"async\" class=\"col-lg-6 col-md-12 col-sm-12 col-xs-12\" id=\"thumb_296\" src=\"\/wp-content\/uploads\/sample_DIC_1000_ES_EN_ebook_03_espanol.jpg\" alt=\"Book sample\" title=\"Book sample\" itemprop=\"image\" \/><\/a> <a href=\"\/wp-content\/uploads\/sample_DIC_1000_ES_EN_ebook_04_espanol.jpg\" data-fancybox=\"gallery\" title=\"Book sample\"><img decoding=\"async\" class=\"col-lg-6 col-md-12 col-sm-12 col-xs-12\" id=\"thumb_296\" src=\"\/wp-content\/uploads\/sample_DIC_1000_ES_EN_ebook_04_espanol.jpg\" alt=\"Book sample\" title=\"Book sample\" itemprop=\"image\" \/><\/a><\/div>\r\n      <\/div>\r\n   <\/div>\r\n   <div class=\"row\">\r\n      <div class=\"col-xs-12\">\r\n         <hr \/>\r\n         <h2>Textos en espa\u00f1ol + traducci\u00f3n + audio + ejercicios interactivos<\/h2>\r\n         <p>Nuestro diccionario visual en espa\u00f1ol con audio y ejercicios es la herramienta perfecta para los principiantes que buscan ampliar su vocabulario. Con 1000 palabras esenciales y actividades atractivas, nuestro diccionario est\u00e1 dise\u00f1ado para que aprender espa\u00f1ol sea f\u00e1cil y divertido.<\/p>\r\n         <div class=\"mi-cuadro-importante\">\r\n            <ol>\r\n               <li>M\u00e1s de 1000 palabras con audio profesional<\/li>\r\n               <li>libro electr\u00f3nico en pdf + acceso en l\u00ednea<\/li>\r\n               <li>60 temas diferentes<\/li>\r\n               <li>ejercicios interactivos<\/li>\r\n            <\/ol>\r\n         <\/div>\r\n         <h2>\u00cdndice<\/h2>\r\n         <p>Tendr\u00e1s acceso a 1000 palabras esenciales que aumentar\u00e1n tu confianza en diferentes situaciones en espa\u00f1ol. \u00a1Pero dominar 1000 palabras no es poca cosa! Es por eso que hemos hecho de nuestro diccionario visual una experiencia atractiva, divertida y desafiante. <\/p>\r\n         <div class=\"mi-cuadro-importante\">\r\n            <div class=\"row\">\r\n               <div class=\"col-sm-6 col-xs-12\">\r\n                  <h3>En casa<\/h3>\r\n                  <ul>\r\n                     <li>Partes de la casa<\/li>\r\n                     <li>Objetos en casa<\/li>\r\n                     <li>Objetos en el dormitorio<\/li>\r\n                     <li>Objetos en el ba\u00f1o<\/li>\r\n                     <li>Objetos en el sal\u00f3n<\/li>\r\n                     <li>Objetos en la cocina<\/li>\r\n                     <li>Electrodom\u00e9sticos<\/li>\r\n                  <\/ul>\r\n                  <h3>Gente y ropa<\/h3>\r\n                  <ul>\r\n                     <li>Gente, de beb\u00e9 a adulto<\/li>\r\n                     <li>Familia y parientes<\/li>\r\n                     <li>Partes de la cara<\/li>\r\n                     <li>Partes del cuerpo<\/li>\r\n                     <li>Ropa<\/li>\r\n                     <li>Calzado y complementos<\/li>\r\n                  <\/ul>\r\n                  <h3>Animales<\/h3>\r\n                  <ul>\r\n                     <li>Mascotas<\/li>\r\n                     <li>Animales de granja<\/li>\r\n                     <li>Animales salvajes I<\/li>\r\n                     <li>Animales salvajes II<\/li>\r\n                     <li>P\u00e1jaros I<\/li>\r\n                     <li>P\u00e1jaros II<\/li>\r\n                     <li>Insectos<\/li>\r\n                     <li>Reptiles y anfibios<\/li>\r\n                     <li>Vida marina<\/li>\r\n                  <\/ul>\r\n                  <h3>Comida y bebida<\/h3>\r\n                  <ul>\r\n                     <li>Comida<\/li>\r\n                     <li>Bebidas<\/li>\r\n                     <li>Carne y pescado<\/li>\r\n                     <li>Fruta I<\/li>\r\n                     <li>Fruta II<\/li>\r\n                     <li>Verduras I<\/li>\r\n                     <li>Verduras II<\/li>\r\n                     <li>Hierbas y especias<\/li>\r\n                  <\/ul>\r\n                  <h3>Ciudad y transporte<\/h3>\r\n                  <ul>\r\n                     <li>Edificios en la ciudad<\/li>\r\n                     <li>Tiendas en la ciudad<\/li>\r\n                     <li>En la tienda<\/li>\r\n                     <li>Medios de transporte<\/li>\r\n                     <li>En el coche<\/li>\r\n                     <li>En el aeropuerto<\/li>\r\n                  <\/ul>\r\n               <\/div>\r\n               <div class=\"col-sm-6 col-xs-12\">\r\n                  <h3>Trabajo<\/h3>\r\n                  <ul>\r\n                     <li>Profesiones I<\/li>\r\n                     <li>Profesiones II<\/li>\r\n                     <li>En la oficina<\/li>\r\n                     <li>En el taller<\/li>\r\n                  <\/ul>\r\n                  <h3>Mundo y naturaleza<\/h3>\r\n                  <ul>\r\n                     <li>Naturaleza<\/li>\r\n                     <li>Estaciones y clima<\/li>\r\n                     <li>Flores<\/li>\r\n                     <li>Camping<\/li>\r\n                     <li>En la playa<\/li>\r\n                     <li>Materiales<\/li>\r\n                     <li>Geograf\u00eda<\/li>\r\n                     <li>Espacio y universo<\/li>\r\n                  <\/ul>\r\n                  <h3>Estudio y hobbies<\/h3>\r\n                  <ul>\r\n                     <li>En clase<\/li>\r\n                     <li>Asignaturas escolares<\/li>\r\n                     <li>Inform\u00e1tica<\/li>\r\n                     <li>Entretenimiento<\/li>\r\n                     <li>M\u00fasica I<\/li>\r\n                     <li>M\u00fasica II<\/li>\r\n                     <li>Deportes I<\/li>\r\n                     <li>Deportes II<\/li>\r\n                     <li>Juegos<\/li>\r\n                  <\/ul>\r\n                  <h3>Vocabulario b\u00e1sico<\/h3>\r\n                  <ul>\r\n                     <li>Colores y formas<\/li>\r\n                     <li>Verbos I<\/li>\r\n                     <li>Verbos II<\/li>\r\n                     <li>N\u00fameros<\/li>\r\n                  <\/ul>\r\n               <\/div>\r\n            <\/div>\r\n         <\/div>\r\n      <\/div>\r\n   <\/div>\r\n\r\n   <!-- Campus -->\r\n   <div class=\"row\">\r\n      <div class=\"col-xs-12\">\r\n         <h2>Acceso de por vida a nuestro Campus Online:<br \/>\r\n            Lee tus libros online + <span class=\"subrayado-texto-negro-descripcion-producto\">Ejercicios interactivos<\/span>\r\n         <\/h2>\r\n      <\/div>\r\n   <\/div>\r\n   <div class=\"row\">\r\n      <div class=\"col-md-7 col-sm-12\">\r\n         <p class=\"texto-sobre-imagen-descripcion-producto\">\u00a1Campus online!<\/p>\r\n         <img decoding=\"async\" class=\"img-responsive\" src=\"\/wp-content\/uploads\/ejercicios-interactivos-espanol-en-descripcion-libro.png\" alt=\"Ejercicios interactivos de espa\u00f1ol\" \/>\r\n      <\/div>\r\n      <div class=\"col-md-5 col-sm-12\">\r\n         <p>Al comprar este libro biling\u00fce espa\u00f1ol-ingl\u00e9s, <span class=\"subrayado-texto-negro-descripcion-producto\">tendr\u00e1s acceso a nuestro campus online<\/span> con las siguientes caracter\u00edsticas:<\/p>\r\n         <p><span class=\"pequeno-destaque-descripcion-producto\">Lector online + reproductor de audio<\/span> <br>Haz clic y comienza a leer sin descargar ning\u00fan archivo. \u00a1Es perfecto para usar con tu tel\u00e9fono!<\/p>\r\n         <p><span class=\"pequeno-destaque-descripcion-producto\">Todos tus libros guardados para siempre<\/span> <br>As\u00ed es. Siempre tendr\u00e1s acceso a tus libros.<\/p>\r\n         <p><span class=\"pequeno-destaque-descripcion-producto\">Ejercicios interactivos<\/span> <br>Encontrar\u00e1s juegos de vocabulario y otras actividades interactivas para mejorar tu espa\u00f1ol.<\/p>\r\n         <p><span class=\"pequeno-destaque-descripcion-producto\">Comprueba tu progreso<\/span> <br>Una barra de progreso al comienzo de cada libro te indicar\u00e1 qu\u00e9 partes has terminado.<\/p>\r\n      <\/div>\r\n   <\/div>\r\n   <!-- Descripci\u00f3n adicional -->\r\n   <div class=\"row\">\r\n      <div class=\"col-xs-12\">\r\n         <h2>Lecturas graduadas en espa\u00f1ol + traducci\u00f3n + audio + ejercicios interactivos<\/h2>\r\n         <p>Nuestros libros est\u00e1n creados espec\u00edficamente para estudiantes de <strong>espa\u00f1ol como lengua extranjera<\/strong>. Estas son sus caracter\u00edsticas principales:<\/p>\r\n         <div class=\"mi-cuadro-importante\">\r\n            <ol>\r\n               <li>Textos paralelos espa\u00f1ol-ingl\u00e9s (aprende m\u00e1s r\u00e1pido).<\/li>\r\n               <li><strong>Audio profesional en espa\u00f1ol<\/strong> (mejora tu comprensi\u00f3n auditiva).<\/li>\r\n               <li>Clasificados por nivel (nuestros libros se adaptan a tus necesidades de aprendizaje).<\/li>\r\n               <li>Acceso a <strong>ejercicios interactivos<\/strong> (pon en pr\u00e1ctica tus conocimientos).<\/li>\r\n               <li>Escrito por <strong>profesores de espa\u00f1ol<\/strong> (somos expertos en el idioma).<\/li>\r\n            <\/ol>\r\n         <\/div>\r\n         <p>Nuestros <strong>textos paralelos en espa\u00f1ol<\/strong> son una gran herramienta para el aprendizaje del idioma. Te permiten aprender espa\u00f1ol m\u00e1s r\u00e1pido ya que siempre puedes echar un vistazo a la traducci\u00f3n. En otras palabras, \u00a1nuestros libros biling\u00fces te ayudan a <strong>mejorar tu nivel de espa\u00f1ol<\/strong>!<\/p>\r\n      <\/div>\r\n   <\/div>\r\n   <!-- Descripci\u00f3n adicional -->\r\n   <div class=\"row\">\r\n      <div class=\"col-xs-12\">\r\n         <h2>Aprende espa\u00f1ol en todas partes<\/h2>\r\n         <p>Este libro biling\u00fce espa\u00f1ol-ingl\u00e9s estar\u00e1 siempre contigo. <strong>Nuestros libros para estudiantes de espa\u00f1ol son compatibles con cualquier dispositivo<\/strong> (PC, port\u00e1til, Mac, iPad, tablet, Kindle, e-reader\u2026). Puedes descargar nuestros libros o leerlos online. Incluyen grabaciones profesionales de cada texto. Escucha el audio mientras lees el libro o mientras haces cualquier otra cosa. Usa tu tel\u00e9fono y lleva los libros a cualquier parte. \u00a1Aprender espa\u00f1ol para extranjeros es f\u00e1cil con nosotros!<\/p>\r\n      <\/div>\r\n   <\/div>\r\n   <!-- Contacto -->\r\n   <div class=\"row\">\r\n      <div class=\"col-xs-12\">\r\n         <h2>\u00bfAlguna pregunta? Cont\u00e1ctanos<\/h2>\r\n         <p>Somos la \u00fanica escuela de espa\u00f1ol que crea estos <strong>libros biling\u00fces con acceso de por vida a nuestro campus online<\/strong>. Lee, escucha y aprende espa\u00f1ol con nuestra colecci\u00f3n \u00fanica de libros paralelos espa\u00f1ol-ingl\u00e9s. Si tienes alguna pregunta, <a href=\"\/\/esidioma.com\/es\/contacto\">ponte en contacto con nosotros<\/a>.<\/p>\r\n      <\/div>\r\n   <\/div>\r\n<\/div>\r\n","protected":false},"excerpt":{"rendered":"<div class=\"container-fluid\">\r\n    <div class=\"row\">\r\n       <div class=\"col-xs-12\">\r\n          <!-- este div es la descripcion para Google Shopping-->\r\n          <div hidden=\"\">\r\n             <p>Diccionario visual en espa\u00f1ol con audio y ejercicios interactivos. Aprende 1000 palabras esenciales en espa\u00f1ol.<\/p>\r\n          <\/div>\r\n          <!-- fin de la descripci\u00f3n para Google Shooping-->\r\n          <div class=\"etiquetas-productos\">\r\n             <p><span class=\"ep-nivel A1-A2\">Nivel: Principiante<\/span><span class=\"ep-formato\">ebook + audio<\/span><span class=\"ep-campus\">Acceso al campus online<\/span><span class=\"ep-extras\">78 p\u00e1ginas<\/span><\/p>\r\n          <\/div>\r\n          <p>\u00bfEst\u00e1s listo para aceptar un desaf\u00edo? Compra nuestro diccionario visual con ejercicios interactivos y <strong>dominar\u00e1s tus primeras 1000 palabras en espa\u00f1ol<\/strong>. \u00a1Descarga el ebook, obt\u00e9n acceso a nuestro campus en l\u00ednea y comienza a aprender! Esta es una herramienta perfecta para principiantes que buscan desarrollar su vocabulario:<\/p>\r\n          <ol>\r\n             <li>M\u00e1s de 1000 palabras con im\u00e1genes y audio profesional.<\/li>\r\n             <li>60 temas diferentes: hogar, gente, ropa, comida, trabajo,&#8230;<\/li>\r\n             <li>Descarga el libro electr\u00f3nico o lee la versi\u00f3n en l\u00ednea.<\/li>\r\n             <li>Realiza los ejercicios interactivos para aprender cada palabra.<\/li>\r\n         <\/ol>\r\n[imagenes_tipo_libro]\r\n        <\/div>\r\n     <\/div>\r\n  <\/div>\r\n\r\n","protected":false},"featured_media":8016,"comment_status":"open","ping_status":"closed","template":"","meta":[],"product_brand":[],"product_cat":[117,85,86,77,97],"product_tag":[],"class_list":{"0":"post-7976","1":"product","2":"type-product","3":"status-publish","4":"has-post-thumbnail","6":"product_cat-diccionarios","7":"product_cat-ebook-libro-digital","8":"product_cat-libros-de-espanol-con-audio","9":"product_cat-libros-para-aprender-espanol","10":"product_cat-multi-idioma","12":"first","13":"instock","14":"taxable","15":"shipping-taxable","16":"purchasable","17":"product-type-variable","18":"rtwpvs-product"},"yoast_head":"<!-- This site is optimized with the Yoast SEO plugin v27.5 - https:\/\/yoast.com\/product\/yoast-seo-wordpress\/ -->\n<title>Aprende 1000 palabras en espa\u00f1ol: Diccionario visual con audio y juegos interactivos (ebook) - Esidioma<\/title>\n<meta name=\"description\" content=\"Diccionario visual en espa\u00f1ol con traducci\u00f3n, audio y ejercicios interactivos. Aprende 1000 palabras esenciales en espa\u00f1ol.\" \/>\n<meta name=\"robots\" content=\"index, follow, max-snippet:-1, max-image-preview:large, max-video-preview:-1\" \/>\n<link rel=\"canonical\" href=\"https:\/\/www.esidioma.com\/es\/producto\/aprende-1000-palabras-en-espanol-diccionario-visual-ebook\" \/>\n<meta property=\"og:locale\" content=\"es_ES\" \/>\n<meta property=\"og:type\" content=\"article\" \/>\n<meta property=\"og:title\" content=\"Aprende 1000 palabras en espa\u00f1ol: Diccionario visual con audio y juegos interactivos (ebook) - Esidioma\" \/>\n<meta property=\"og:description\" content=\"Diccionario visual en espa\u00f1ol con traducci\u00f3n, audio y ejercicios interactivos. Aprende 1000 palabras esenciales en espa\u00f1ol.\" \/>\n<meta property=\"og:url\" content=\"https:\/\/www.esidioma.com\/es\/producto\/aprende-1000-palabras-en-espanol-diccionario-visual-ebook\" \/>\n<meta property=\"og:site_name\" content=\"Esidioma\" \/>\n<meta property=\"article:modified_time\" content=\"2026-03-04T09:59:22+00:00\" \/>\n<meta property=\"og:image\" content=\"https:\/\/www.esidioma.com\/wp-content\/uploads\/DIC_1000_multiidioma_ebook.jpg\" \/>\n\t<meta property=\"og:image:width\" content=\"1194\" \/>\n\t<meta property=\"og:image:height\" content=\"1194\" \/>\n\t<meta property=\"og:image:type\" content=\"image\/jpeg\" \/>\n<meta name=\"twitter:card\" content=\"summary_large_image\" \/>\n<meta name=\"twitter:label1\" content=\"Tiempo de lectura\" \/>\n\t<meta name=\"twitter:data1\" content=\"5 minutos\" \/>\n<script type=\"application\/ld+json\" class=\"yoast-schema-graph\">{\"@context\":\"https:\\\/\\\/schema.org\",\"@graph\":[{\"@type\":\"WebPage\",\"@id\":\"https:\\\/\\\/www.esidioma.com\\\/es\\\/producto\\\/aprende-1000-palabras-en-espanol-diccionario-visual-ebook\",\"url\":\"https:\\\/\\\/www.esidioma.com\\\/es\\\/producto\\\/aprende-1000-palabras-en-espanol-diccionario-visual-ebook\",\"name\":\"Aprende 1000 palabras en espa\u00f1ol: Diccionario visual con audio y juegos interactivos (ebook) - Esidioma\",\"isPartOf\":{\"@id\":\"https:\\\/\\\/www.esidioma.com\\\/es#website\"},\"primaryImageOfPage\":{\"@id\":\"https:\\\/\\\/www.esidioma.com\\\/es\\\/producto\\\/aprende-1000-palabras-en-espanol-diccionario-visual-ebook#primaryimage\"},\"image\":{\"@id\":\"https:\\\/\\\/www.esidioma.com\\\/es\\\/producto\\\/aprende-1000-palabras-en-espanol-diccionario-visual-ebook#primaryimage\"},\"thumbnailUrl\":\"https:\\\/\\\/www.esidioma.com\\\/wp-content\\\/uploads\\\/DIC_1000_multiidioma_ebook.jpg\",\"datePublished\":\"2023-03-16T16:32:06+00:00\",\"dateModified\":\"2026-03-04T09:59:22+00:00\",\"description\":\"Diccionario visual en espa\u00f1ol con traducci\u00f3n, audio y ejercicios interactivos. Aprende 1000 palabras esenciales en espa\u00f1ol.\",\"breadcrumb\":{\"@id\":\"https:\\\/\\\/www.esidioma.com\\\/es\\\/producto\\\/aprende-1000-palabras-en-espanol-diccionario-visual-ebook#breadcrumb\"},\"inLanguage\":\"es\",\"potentialAction\":[{\"@type\":\"ReadAction\",\"target\":[\"https:\\\/\\\/www.esidioma.com\\\/es\\\/producto\\\/aprende-1000-palabras-en-espanol-diccionario-visual-ebook\"]}]},{\"@type\":\"ImageObject\",\"inLanguage\":\"es\",\"@id\":\"https:\\\/\\\/www.esidioma.com\\\/es\\\/producto\\\/aprende-1000-palabras-en-espanol-diccionario-visual-ebook#primaryimage\",\"url\":\"https:\\\/\\\/www.esidioma.com\\\/wp-content\\\/uploads\\\/DIC_1000_multiidioma_ebook.jpg\",\"contentUrl\":\"https:\\\/\\\/www.esidioma.com\\\/wp-content\\\/uploads\\\/DIC_1000_multiidioma_ebook.jpg\",\"width\":1194,\"height\":1194},{\"@type\":\"BreadcrumbList\",\"@id\":\"https:\\\/\\\/www.esidioma.com\\\/es\\\/producto\\\/aprende-1000-palabras-en-espanol-diccionario-visual-ebook#breadcrumb\",\"itemListElement\":[{\"@type\":\"ListItem\",\"position\":1,\"name\":\"Home\",\"item\":\"https:\\\/\\\/www.esidioma.com\\\/es\"},{\"@type\":\"ListItem\",\"position\":2,\"name\":\"Shop\",\"item\":\"https:\\\/\\\/www.esidioma.com\\\/shop\"},{\"@type\":\"ListItem\",\"position\":3,\"name\":\"Aprende 1000 palabras en espa\u00f1ol: Diccionario visual con audio y juegos interactivos (ebook)\"}]},{\"@type\":\"WebSite\",\"@id\":\"https:\\\/\\\/www.esidioma.com\\\/es#website\",\"url\":\"https:\\\/\\\/www.esidioma.com\\\/es\",\"name\":\"Esidioma\",\"description\":\"Learn Spanish with us\",\"potentialAction\":[{\"@type\":\"SearchAction\",\"target\":{\"@type\":\"EntryPoint\",\"urlTemplate\":\"https:\\\/\\\/www.esidioma.com\\\/es?s={search_term_string}\"},\"query-input\":{\"@type\":\"PropertyValueSpecification\",\"valueRequired\":true,\"valueName\":\"search_term_string\"}}],\"inLanguage\":\"es\"}]}<\/script>\n<!-- \/ Yoast SEO plugin. -->","yoast_head_json":{"title":"Aprende 1000 palabras en espa\u00f1ol: Diccionario visual con audio y juegos interactivos (ebook) - Esidioma","description":"Diccionario visual en espa\u00f1ol con traducci\u00f3n, audio y ejercicios interactivos. Aprende 1000 palabras esenciales en espa\u00f1ol.","robots":{"index":"index","follow":"follow","max-snippet":"max-snippet:-1","max-image-preview":"max-image-preview:large","max-video-preview":"max-video-preview:-1"},"canonical":"https:\/\/www.esidioma.com\/es\/producto\/aprende-1000-palabras-en-espanol-diccionario-visual-ebook","og_locale":"es_ES","og_type":"article","og_title":"Aprende 1000 palabras en espa\u00f1ol: Diccionario visual con audio y juegos interactivos (ebook) - Esidioma","og_description":"Diccionario visual en espa\u00f1ol con traducci\u00f3n, audio y ejercicios interactivos. Aprende 1000 palabras esenciales en espa\u00f1ol.","og_url":"https:\/\/www.esidioma.com\/es\/producto\/aprende-1000-palabras-en-espanol-diccionario-visual-ebook","og_site_name":"Esidioma","article_modified_time":"2026-03-04T09:59:22+00:00","og_image":[{"width":1194,"height":1194,"url":"https:\/\/www.esidioma.com\/wp-content\/uploads\/DIC_1000_multiidioma_ebook.jpg","type":"image\/jpeg"}],"twitter_card":"summary_large_image","twitter_misc":{"Tiempo de lectura":"5 minutos"},"schema":{"@context":"https:\/\/schema.org","@graph":[{"@type":"WebPage","@id":"https:\/\/www.esidioma.com\/es\/producto\/aprende-1000-palabras-en-espanol-diccionario-visual-ebook","url":"https:\/\/www.esidioma.com\/es\/producto\/aprende-1000-palabras-en-espanol-diccionario-visual-ebook","name":"Aprende 1000 palabras en espa\u00f1ol: Diccionario visual con audio y juegos interactivos (ebook) - Esidioma","isPartOf":{"@id":"https:\/\/www.esidioma.com\/es#website"},"primaryImageOfPage":{"@id":"https:\/\/www.esidioma.com\/es\/producto\/aprende-1000-palabras-en-espanol-diccionario-visual-ebook#primaryimage"},"image":{"@id":"https:\/\/www.esidioma.com\/es\/producto\/aprende-1000-palabras-en-espanol-diccionario-visual-ebook#primaryimage"},"thumbnailUrl":"https:\/\/www.esidioma.com\/wp-content\/uploads\/DIC_1000_multiidioma_ebook.jpg","datePublished":"2023-03-16T16:32:06+00:00","dateModified":"2026-03-04T09:59:22+00:00","description":"Diccionario visual en espa\u00f1ol con traducci\u00f3n, audio y ejercicios interactivos. Aprende 1000 palabras esenciales en espa\u00f1ol.","breadcrumb":{"@id":"https:\/\/www.esidioma.com\/es\/producto\/aprende-1000-palabras-en-espanol-diccionario-visual-ebook#breadcrumb"},"inLanguage":"es","potentialAction":[{"@type":"ReadAction","target":["https:\/\/www.esidioma.com\/es\/producto\/aprende-1000-palabras-en-espanol-diccionario-visual-ebook"]}]},{"@type":"ImageObject","inLanguage":"es","@id":"https:\/\/www.esidioma.com\/es\/producto\/aprende-1000-palabras-en-espanol-diccionario-visual-ebook#primaryimage","url":"https:\/\/www.esidioma.com\/wp-content\/uploads\/DIC_1000_multiidioma_ebook.jpg","contentUrl":"https:\/\/www.esidioma.com\/wp-content\/uploads\/DIC_1000_multiidioma_ebook.jpg","width":1194,"height":1194},{"@type":"BreadcrumbList","@id":"https:\/\/www.esidioma.com\/es\/producto\/aprende-1000-palabras-en-espanol-diccionario-visual-ebook#breadcrumb","itemListElement":[{"@type":"ListItem","position":1,"name":"Home","item":"https:\/\/www.esidioma.com\/es"},{"@type":"ListItem","position":2,"name":"Shop","item":"https:\/\/www.esidioma.com\/shop"},{"@type":"ListItem","position":3,"name":"Aprende 1000 palabras en espa\u00f1ol: Diccionario visual con audio y juegos interactivos (ebook)"}]},{"@type":"WebSite","@id":"https:\/\/www.esidioma.com\/es#website","url":"https:\/\/www.esidioma.com\/es","name":"Esidioma","description":"Learn Spanish with us","potentialAction":[{"@type":"SearchAction","target":{"@type":"EntryPoint","urlTemplate":"https:\/\/www.esidioma.com\/es?s={search_term_string}"},"query-input":{"@type":"PropertyValueSpecification","valueRequired":true,"valueName":"search_term_string"}}],"inLanguage":"es"}]}},"_links":{"self":[{"href":"https:\/\/www.esidioma.com\/es\/wp-json\/wp\/v2\/product\/7976","targetHints":{"allow":["GET"]}}],"collection":[{"href":"https:\/\/www.esidioma.com\/es\/wp-json\/wp\/v2\/product"}],"about":[{"href":"https:\/\/www.esidioma.com\/es\/wp-json\/wp\/v2\/types\/product"}],"replies":[{"embeddable":true,"href":"https:\/\/www.esidioma.com\/es\/wp-json\/wp\/v2\/comments?post=7976"}],"wp:featuredmedia":[{"embeddable":true,"href":"https:\/\/www.esidioma.com\/es\/wp-json\/wp\/v2\/media\/8016"}],"wp:attachment":[{"href":"https:\/\/www.esidioma.com\/es\/wp-json\/wp\/v2\/media?parent=7976"}],"wp:term":[{"taxonomy":"product_brand","embeddable":true,"href":"https:\/\/www.esidioma.com\/es\/wp-json\/wp\/v2\/product_brand?post=7976"},{"taxonomy":"product_cat","embeddable":true,"href":"https:\/\/www.esidioma.com\/es\/wp-json\/wp\/v2\/product_cat?post=7976"},{"taxonomy":"product_tag","embeddable":true,"href":"https:\/\/www.esidioma.com\/es\/wp-json\/wp\/v2\/product_tag?post=7976"}],"curies":[{"name":"wp","href":"https:\/\/api.w.org\/{rel}","templated":true}]}}